{"id":14228,"date":"2024-03-30T17:26:03","date_gmt":"2024-03-30T15:26:03","guid":{"rendered":"https:\/\/www.ehta.fi\/?page_id=14228"},"modified":"2024-03-30T17:27:13","modified_gmt":"2024-03-30T15:27:13","slug":"tietosuojaseloste","status":"publish","type":"page","link":"https:\/\/www.ehta.fi\/en\/tietosuojaseloste\/","title":{"rendered":"Privacy Notice"},"content":{"rendered":"<div data-elementor-type=\"wp-page\" data-elementor-id=\"14228\" class=\"elementor elementor-14228\" data-elementor-post-type=\"page\">\n\t\t\t\t<div class=\"elementor-element elementor-element-07a86f1 e-flex e-con-boxed e-con e-parent\" data-id=\"07a86f1\" data-element_type=\"container\" data-e-type=\"container\" data-settings=\"{&quot;jet_parallax_layout_list&quot;:[]}\">\n\t\t\t\t\t<div class=\"e-con-inner\">\n\t\t\t\t<div class=\"elementor-element elementor-element-2090b30 elementor-widget elementor-widget-heading\" data-id=\"2090b30\" data-element_type=\"widget\" data-e-type=\"widget\" data-widget_type=\"heading.default\">\n\t\t\t\t<div class=\"elementor-widget-container\">\n\t\t\t\t\t<h1 class=\"elementor-heading-title elementor-size-default\">Privacy Notice<\/h1>\t\t\t\t<\/div>\n\t\t\t\t<\/div>\n\t\t\t\t<div class=\"elementor-element elementor-element-f7ed72b elementor-widget elementor-widget-text-editor\" data-id=\"f7ed72b\" data-element_type=\"widget\" data-e-type=\"widget\" data-widget_type=\"text-editor.default\">\n\t\t\t\t<div class=\"elementor-widget-container\">\n\t\t\t\t\t\t\t\t\t<p>This is Ehta Group Oy's Register and Privacy Statement, in accordance with sections 10 and 24 of the Personal Data Act and the EU's General Data Protection Regulation (GDPR). Prepared on 13.3.2021. Latest amendment 13.3.2021<\/p><p><strong>1. Controller<br \/><\/strong>Ehta Group Oy, Teollisuustie 16, 69950 Perho<\/p><p><strong>2. Contact person responsible for the register<br \/><\/strong>Ville Laitila, 045 6786785<\/p><p><strong>3. Register Name<br \/><\/strong>Ehta Group Oy Marketing and Customer Register<\/p><p><strong>4. Purpose of personal data processing<br \/><\/strong>The purpose of processing personal data is to provide and develop services to better meet customer needs, fulfil contractual obligations and customer promises, manage customer relationships, and for electronic marketing.<\/p><p><strong>5. Register data content<br \/><\/strong>The data to be recorded in the register shall include: the person's name, contact details (phone number, email address, postal address), information on ordered services and their changes, billing information, and other information related to the customer relationship and ordered services.<\/p><p>Information is retained for as long as is necessary for the purpose of use. Personal data in the customer and marketing register will be deleted when the data used is identified as outdated or unreachable.<\/p><p><strong>6. Regular sources of information<br \/><\/strong>The data to be stored in the register is obtained from the customer via, for example, messages sent via web forms, by email, by telephone, through social media services, via contracts, customer meetings, and other situations where the customer provides their information.<\/p><p><strong>7. Regular disclosures of information and transfer of data outside the EU or EEA<br \/><\/strong>Information is not regularly disclosed to other parties. Information may be published to the extent agreed upon with the customer. Information may be transferred or disclosed to third parties for marketing or opinion research purposes related to Ehta Group Oy.<\/p><p>Information is not transferred outside the EU or EEA.<\/p><p><strong>8. Principles of Registration Security<br \/><\/strong>In processing the register, care shall be taken, and data processed using information systems shall be adequately protected. When register data is stored on Internet servers, the physical and digital security of their hardware shall be appropriately ensured. The controller shall ensure that stored data, as well as server access rights and other information critical to the security of personal data, are handled confidentially and only by employees whose job description includes such tasks.<\/p><p><strong>9. Right of inspection and right to request correction of information<br \/><\/strong>Every person registered has the right to check their data stored in the register and to request the correction of any incorrect data or the supplementation of any incomplete data. If a person wishes to check the data stored about them or request its correction, the request must be sent in writing to the data controller. The data controller may, if necessary, ask the requester to prove their identity. The data controller shall respond to the customer within the time limit stipulated by the EU's General Data Protection Regulation (generally within one month).<\/p><p><strong>10. Other rights related to the processing of personal data<br \/><\/strong>A registered individual has the right to request the deletion of their personal data from the register (\u201cright to be forgotten\u201d). Similarly, registered individuals have other rights under the EU General Data Protection Regulation, such as the right to restrict the processing of personal data in certain situations. Requests must be sent in writing to the data controller. The data controller may, if necessary, ask the requester to prove their identity. The data controller shall respond to the client within the time limit set out in the EU Data Protection Regulation (as a general rule, within one month).<\/p>\t\t\t\t\t\t\t\t<\/div>\n\t\t\t\t<\/div>\n\t\t\t\t\t<\/div>\n\t\t\t\t<\/div>\n\t\t\t\t<\/div>","protected":false},"excerpt":{"rendered":"<p>Tietosuojaseloste T\u00e4m\u00e4 on Ehta Group Oy henkil\u00f6tietolain (10 ja 24 \u00a7) ja EU:n yleisen tietosuoja-asetuksen (GDPR) mukainen rekisteri- ja tietosuojaseloste. Laadittu 13.3.2021. Viimeisin muutos 13.3.2021 1. Rekisterinpit\u00e4j\u00e4Ehta Group Oy, Teollisuustie 16, 69950 Perho 2. Rekisterist\u00e4 vastaava yhteyshenkil\u00f6Ville Laitila, 045-6786785 3. Rekisterin nimiEhta Group Oy markkinointi- ja asiakasrekisteri 4. Henkil\u00f6tietojen k\u00e4sittelyn tarkoitusHenkil\u00f6tietojen k\u00e4sittelyn tarkoitus on palveluiden [&hellip;]<\/p>\n","protected":false},"author":1,"featured_media":0,"parent":0,"menu_order":0,"comment_status":"closed","ping_status":"closed","template":"","meta":{"_jet_sm_ready_style":"","_jet_sm_style":"","_jet_sm_controls_values":"","_jet_sm_fonts_collection":"","_jet_sm_fonts_links":"","footnotes":""},"class_list":["post-14228","page","type-page","status-publish","hentry"],"yoast_head":"<!-- This site is optimized with the Yoast SEO Premium plugin v27.5 (Yoast SEO v27.5) - https:\/\/yoast.com\/product\/yoast-seo-premium-wordpress\/ -->\n<title>Tietosuojaseloste - Ehta<\/title>\n<meta name=\"robots\" content=\"index, follow, max-snippet:-1, max-image-preview:large, max-video-preview:-1\" \/>\n<link rel=\"canonical\" href=\"https:\/\/www.ehta.fi\/en\/tietosuojaseloste\/\" \/>\n<meta property=\"og:locale\" content=\"en_GB\" \/>\n<meta property=\"og:type\" content=\"article\" \/>\n<meta property=\"og:title\" content=\"Tietosuojaseloste\" \/>\n<meta property=\"og:description\" content=\"Tietosuojaseloste T\u00e4m\u00e4 on Ehta Group Oy henkil\u00f6tietolain (10 ja 24 \u00a7) ja EU:n yleisen tietosuoja-asetuksen (GDPR) mukainen rekisteri- ja tietosuojaseloste. Laadittu 13.3.2021. Viimeisin muutos 13.3.2021 1. Rekisterinpit\u00e4j\u00e4Ehta Group Oy, Teollisuustie 16, 69950 Perho 2. Rekisterist\u00e4 vastaava yhteyshenkil\u00f6Ville Laitila, 045-6786785 3. Rekisterin nimiEhta Group Oy markkinointi- ja asiakasrekisteri 4. Henkil\u00f6tietojen k\u00e4sittelyn tarkoitusHenkil\u00f6tietojen k\u00e4sittelyn tarkoitus on palveluiden [&hellip;]\" \/>\n<meta property=\"og:url\" content=\"https:\/\/www.ehta.fi\/en\/tietosuojaseloste\/\" \/>\n<meta property=\"og:site_name\" content=\"Ehta\" \/>\n<meta property=\"article:modified_time\" content=\"2024-03-30T15:27:13+00:00\" \/>\n<meta name=\"twitter:card\" content=\"summary_large_image\" \/>\n<meta name=\"twitter:label1\" content=\"Estimated reading time\" \/>\n\t<meta name=\"twitter:data1\" content=\"2 minutes\" \/>\n<script type=\"application\/ld+json\" class=\"yoast-schema-graph\">{\"@context\":\"https:\\\/\\\/schema.org\",\"@graph\":[{\"@type\":\"WebPage\",\"@id\":\"https:\\\/\\\/www.ehta.fi\\\/tietosuojaseloste\\\/\",\"url\":\"https:\\\/\\\/www.ehta.fi\\\/tietosuojaseloste\\\/\",\"name\":\"Tietosuojaseloste - Ehta\",\"isPartOf\":{\"@id\":\"https:\\\/\\\/www.ehta.fi\\\/#website\"},\"datePublished\":\"2024-03-30T15:26:03+00:00\",\"dateModified\":\"2024-03-30T15:27:13+00:00\",\"breadcrumb\":{\"@id\":\"https:\\\/\\\/www.ehta.fi\\\/tietosuojaseloste\\\/#breadcrumb\"},\"inLanguage\":\"en-GB\",\"potentialAction\":[{\"@type\":\"ReadAction\",\"target\":[\"https:\\\/\\\/www.ehta.fi\\\/tietosuojaseloste\\\/\"]}]},{\"@type\":\"BreadcrumbList\",\"@id\":\"https:\\\/\\\/www.ehta.fi\\\/tietosuojaseloste\\\/#breadcrumb\",\"itemListElement\":[{\"@type\":\"ListItem\",\"position\":1,\"name\":\"Home\",\"item\":\"https:\\\/\\\/www.ehta.fi\\\/\"},{\"@type\":\"ListItem\",\"position\":2,\"name\":\"Tietosuojaseloste\"}]},{\"@type\":\"WebSite\",\"@id\":\"https:\\\/\\\/www.ehta.fi\\\/#website\",\"url\":\"https:\\\/\\\/www.ehta.fi\\\/\",\"name\":\"Ehta\",\"description\":\"Pihasaunat, saunam\u00f6kit, m\u00f6kit ja aitat\",\"potentialAction\":[{\"@type\":\"SearchAction\",\"target\":{\"@type\":\"EntryPoint\",\"urlTemplate\":\"https:\\\/\\\/www.ehta.fi\\\/?s={search_term_string}\"},\"query-input\":{\"@type\":\"PropertyValueSpecification\",\"valueRequired\":true,\"valueName\":\"search_term_string\"}}],\"inLanguage\":\"en-GB\"}]}<\/script>\n<!-- \/ Yoast SEO Premium plugin. -->","yoast_head_json":{"title":"Tietosuojaseloste - Ehta","robots":{"index":"index","follow":"follow","max-snippet":"max-snippet:-1","max-image-preview":"max-image-preview:large","max-video-preview":"max-video-preview:-1"},"canonical":"https:\/\/www.ehta.fi\/en\/tietosuojaseloste\/","og_locale":"en_GB","og_type":"article","og_title":"Tietosuojaseloste","og_description":"Tietosuojaseloste T\u00e4m\u00e4 on Ehta Group Oy henkil\u00f6tietolain (10 ja 24 \u00a7) ja EU:n yleisen tietosuoja-asetuksen (GDPR) mukainen rekisteri- ja tietosuojaseloste. Laadittu 13.3.2021. Viimeisin muutos 13.3.2021 1. Rekisterinpit\u00e4j\u00e4Ehta Group Oy, Teollisuustie 16, 69950 Perho 2. Rekisterist\u00e4 vastaava yhteyshenkil\u00f6Ville Laitila, 045-6786785 3. Rekisterin nimiEhta Group Oy markkinointi- ja asiakasrekisteri 4. Henkil\u00f6tietojen k\u00e4sittelyn tarkoitusHenkil\u00f6tietojen k\u00e4sittelyn tarkoitus on palveluiden [&hellip;]","og_url":"https:\/\/www.ehta.fi\/en\/tietosuojaseloste\/","og_site_name":"Ehta","article_modified_time":"2024-03-30T15:27:13+00:00","twitter_card":"summary_large_image","twitter_misc":{"Estimated reading time":"2 minutes"},"schema":{"@context":"https:\/\/schema.org","@graph":[{"@type":"WebPage","@id":"https:\/\/www.ehta.fi\/tietosuojaseloste\/","url":"https:\/\/www.ehta.fi\/tietosuojaseloste\/","name":"Tietosuojaseloste - Ehta","isPartOf":{"@id":"https:\/\/www.ehta.fi\/#website"},"datePublished":"2024-03-30T15:26:03+00:00","dateModified":"2024-03-30T15:27:13+00:00","breadcrumb":{"@id":"https:\/\/www.ehta.fi\/tietosuojaseloste\/#breadcrumb"},"inLanguage":"en-GB","potentialAction":[{"@type":"ReadAction","target":["https:\/\/www.ehta.fi\/tietosuojaseloste\/"]}]},{"@type":"BreadcrumbList","@id":"https:\/\/www.ehta.fi\/tietosuojaseloste\/#breadcrumb","itemListElement":[{"@type":"ListItem","position":1,"name":"Home","item":"https:\/\/www.ehta.fi\/"},{"@type":"ListItem","position":2,"name":"Tietosuojaseloste"}]},{"@type":"WebSite","@id":"https:\/\/www.ehta.fi\/#website","url":"https:\/\/www.ehta.fi\/","name":"Ehta","description":"Lodge saunas, sauna cabins, cottages and outbuildings","potentialAction":[{"@type":"SearchAction","target":{"@type":"EntryPoint","urlTemplate":"https:\/\/www.ehta.fi\/?s={search_term_string}"},"query-input":{"@type":"PropertyValueSpecification","valueRequired":true,"valueName":"search_term_string"}}],"inLanguage":"en-GB"}]}},"_links":{"self":[{"href":"https:\/\/www.ehta.fi\/en\/wp-json\/wp\/v2\/pages\/14228","targetHints":{"allow":["GET"]}}],"collection":[{"href":"https:\/\/www.ehta.fi\/en\/wp-json\/wp\/v2\/pages"}],"about":[{"href":"https:\/\/www.ehta.fi\/en\/wp-json\/wp\/v2\/types\/page"}],"author":[{"embeddable":true,"href":"https:\/\/www.ehta.fi\/en\/wp-json\/wp\/v2\/users\/1"}],"replies":[{"embeddable":true,"href":"https:\/\/www.ehta.fi\/en\/wp-json\/wp\/v2\/comments?post=14228"}],"version-history":[{"count":4,"href":"https:\/\/www.ehta.fi\/en\/wp-json\/wp\/v2\/pages\/14228\/revisions"}],"predecessor-version":[{"id":14232,"href":"https:\/\/www.ehta.fi\/en\/wp-json\/wp\/v2\/pages\/14228\/revisions\/14232"}],"wp:attachment":[{"href":"https:\/\/www.ehta.fi\/en\/wp-json\/wp\/v2\/media?parent=14228"}],"curies":[{"name":"wp","href":"https:\/\/api.w.org\/{rel}","templated":true}]}}