{"id":14317,"date":"2024-04-02T12:49:45","date_gmt":"2024-04-02T09:49:45","guid":{"rendered":"https:\/\/www.ehta.fi\/?page_id=14317"},"modified":"2025-08-05T14:18:20","modified_gmt":"2025-08-05T11:18:20","slug":"materiaalitoimitus","status":"publish","type":"page","link":"https:\/\/www.ehta.fi\/en\/materiaalitoimitus\/","title":{"rendered":"Material supply"},"content":{"rendered":"<div data-elementor-type=\"wp-page\" data-elementor-id=\"14317\" class=\"elementor elementor-14317\" data-elementor-post-type=\"page\">\n\t\t\t\t<div class=\"elementor-element elementor-element-9cbeb72 e-con-full e-flex e-con e-parent\" data-id=\"9cbeb72\" data-element_type=\"container\" data-e-type=\"container\" data-settings=\"{&quot;jet_parallax_layout_list&quot;:[]}\">\n\t\t\t\t<div class=\"elementor-element elementor-element-690c637 elementor-widget elementor-widget-image\" data-id=\"690c637\" data-element_type=\"widget\" data-e-type=\"widget\" data-widget_type=\"image.default\">\n\t\t\t\t<div class=\"elementor-widget-container\">\n\t\t\t\t\t\t\t\t\t\t\t\t\t\t\t<img fetchpriority=\"high\" decoding=\"async\" width=\"2000\" height=\"1334\" src=\"https:\/\/www.ehta.fi\/wp-content\/uploads\/2024\/04\/New-Sauna_-26-min.jpg\" class=\"attachment-full size-full wp-image-14322\" alt=\"Ehta materiaalitoimitus\" srcset=\"https:\/\/www.ehta.fi\/wp-content\/uploads\/2024\/04\/New-Sauna_-26-min.jpg 2000w, https:\/\/www.ehta.fi\/wp-content\/uploads\/2024\/04\/New-Sauna_-26-min-300x200.jpg 300w, https:\/\/www.ehta.fi\/wp-content\/uploads\/2024\/04\/New-Sauna_-26-min-1024x683.jpg 1024w, https:\/\/www.ehta.fi\/wp-content\/uploads\/2024\/04\/New-Sauna_-26-min-768x512.jpg 768w, https:\/\/www.ehta.fi\/wp-content\/uploads\/2024\/04\/New-Sauna_-26-min-1536x1025.jpg 1536w, https:\/\/www.ehta.fi\/wp-content\/uploads\/2024\/04\/New-Sauna_-26-min-600x400.jpg 600w\" sizes=\"(max-width: 2000px) 100vw, 2000px\" \/>\t\t\t\t\t\t\t\t\t\t\t\t\t\t\t<\/div>\n\t\t\t\t<\/div>\n\t\t\t\t<\/div>\n\t\t<div class=\"elementor-element elementor-element-f44e6c7 e-con-full e-flex e-con e-parent\" data-id=\"f44e6c7\" data-element_type=\"container\" data-e-type=\"container\" data-settings=\"{&quot;jet_parallax_layout_list&quot;:[]}\">\n\t\t<div class=\"elementor-element elementor-element-1166560 e-flex e-con-boxed e-con e-child\" data-id=\"1166560\" data-element_type=\"container\" data-e-type=\"container\" data-settings=\"{&quot;jet_parallax_layout_list&quot;:[]}\">\n\t\t\t\t\t<div class=\"e-con-inner\">\n\t\t\t\t<div class=\"elementor-element elementor-element-d78bfe6 elementor-widget elementor-widget-heading\" data-id=\"d78bfe6\" data-element_type=\"widget\" data-e-type=\"widget\" data-widget_type=\"heading.default\">\n\t\t\t\t<div class=\"elementor-widget-container\">\n\t\t\t\t\t<h1 class=\"elementor-heading-title elementor-size-default\">Genuine Material Delivery\u2122<\/h1>\t\t\t\t<\/div>\n\t\t\t\t<\/div>\n\t\t\t\t<div class=\"elementor-element elementor-element-023cef8 elementor-widget elementor-widget-text-editor\" data-id=\"023cef8\" data-element_type=\"widget\" data-e-type=\"widget\" data-widget_type=\"text-editor.default\">\n\t\t\t\t<div class=\"elementor-widget-container\">\n\t\t\t\t\t\t\t\t\t<p>Is the destination on an island or do you want to build it yourself? All of our models are also available as DIY kits. A self-assembly sauna package is an affordable and easy way to get your own garden sauna.<\/p>\t\t\t\t\t\t\t\t<\/div>\n\t\t\t\t<\/div>\n\t\t\t\t\t<\/div>\n\t\t\t\t<\/div>\n\t\t\t\t<\/div>\n\t\t<div class=\"elementor-element elementor-element-c9d34d2 e-con-full e-flex e-con e-parent\" data-id=\"c9d34d2\" data-element_type=\"container\" data-e-type=\"container\" data-settings=\"{&quot;jet_parallax_layout_list&quot;:[]}\">\n\t\t<div class=\"elementor-element elementor-element-d810b88 e-flex e-con-boxed e-con e-child\" data-id=\"d810b88\" data-element_type=\"container\" data-e-type=\"container\" data-settings=\"{&quot;background_background&quot;:&quot;classic&quot;,&quot;jet_parallax_layout_list&quot;:[]}\">\n\t\t\t\t\t<div class=\"e-con-inner\">\n\t\t\t\t<div class=\"elementor-element elementor-element-395a801 elementor-widget elementor-widget-heading\" data-id=\"395a801\" data-element_type=\"widget\" data-e-type=\"widget\" data-widget_type=\"heading.default\">\n\t\t\t\t<div class=\"elementor-widget-container\">\n\t\t\t\t\t<h2 class=\"elementor-heading-title elementor-size-default\">Delivery Contents<\/h2>\t\t\t\t<\/div>\n\t\t\t\t<\/div>\n\t\t\t\t<div class=\"elementor-element elementor-element-c114d3e elementor-widget elementor-widget-text-editor\" data-id=\"c114d3e\" data-element_type=\"widget\" data-e-type=\"widget\" data-widget_type=\"text-editor.default\">\n\t\t\t\t<div class=\"elementor-widget-container\">\n\t\t\t\t\t\t\t\t\t<p><span style=\"font-weight: 400;\">\u201dNo trip to the hardware store. Ehtan's material supply is the most comprehensive on the market, containing almost all the materials needed for construction.<\/span><\/p>\t\t\t\t\t\t\t\t<\/div>\n\t\t\t\t<\/div>\n\t\t<div class=\"elementor-element elementor-element-f954800 e-flex e-con-boxed e-con e-child\" data-id=\"f954800\" data-element_type=\"container\" data-e-type=\"container\" data-settings=\"{&quot;jet_parallax_layout_list&quot;:[]}\">\n\t\t\t\t\t<div class=\"e-con-inner\">\n\t\t<div class=\"elementor-element elementor-element-8de2856 e-con-full e-flex e-con e-child\" data-id=\"8de2856\" data-element_type=\"container\" data-e-type=\"container\" data-settings=\"{&quot;jet_parallax_layout_list&quot;:[]}\">\n\t\t\t\t<div class=\"elementor-element elementor-element-36770e8 elementor-widget elementor-widget-heading\" data-id=\"36770e8\" data-element_type=\"widget\" data-e-type=\"widget\" data-widget_type=\"heading.default\">\n\t\t\t\t<div class=\"elementor-widget-container\">\n\t\t\t\t\t<h4 class=\"elementor-heading-title elementor-size-default\">Log walls<\/h4>\t\t\t\t<\/div>\n\t\t\t\t<\/div>\n\t\t\t\t<div class=\"elementor-element elementor-element-f42cc69 elementor-widget elementor-widget-text-editor\" data-id=\"f42cc69\" data-element_type=\"widget\" data-e-type=\"widget\" data-widget_type=\"text-editor.default\">\n\t\t\t\t<div class=\"elementor-widget-container\">\n\t\t\t\t\t\t\t\t\t<ul><li>Glued laminated timber 90\u00d7190 mm<\/li><li>Threaded rods with accessories<\/li><li>Wood screws<\/li><li>Expanding sealant tape between logs and into corner joints<\/li><li>Pine trees<\/li><li>Ventilation grilles and diffusers<\/li><\/ul>\t\t\t\t\t\t\t\t<\/div>\n\t\t\t\t<\/div>\n\t\t\t\t<div class=\"elementor-element elementor-element-fa6ed27 elementor-widget elementor-widget-heading\" data-id=\"fa6ed27\" data-element_type=\"widget\" data-e-type=\"widget\" data-widget_type=\"heading.default\">\n\t\t\t\t<div class=\"elementor-widget-container\">\n\t\t\t\t\t<h4 class=\"elementor-heading-title elementor-size-default\">Windows and doors<\/h4>\t\t\t\t<\/div>\n\t\t\t\t<\/div>\n\t\t\t\t<div class=\"elementor-element elementor-element-26119e5 elementor-widget elementor-widget-text-editor\" data-id=\"26119e5\" data-element_type=\"widget\" data-e-type=\"widget\" data-widget_type=\"text-editor.default\">\n\t\t\t\t<div class=\"elementor-widget-container\">\n\t\t\t\t\t\t\t\t\t<ul><li>Aluminium clad timber windows according to the plan<\/li><li>Doors as per plan<\/li><li>Door handles, lock for exterior door<\/li><li>Window sills, black<\/li><li>Window and door architraves 20\u00d795 mm<\/li><\/ul>\t\t\t\t\t\t\t\t<\/div>\n\t\t\t\t<\/div>\n\t\t\t\t<div class=\"elementor-element elementor-element-843d62b elementor-widget elementor-widget-heading\" data-id=\"843d62b\" data-element_type=\"widget\" data-e-type=\"widget\" data-widget_type=\"heading.default\">\n\t\t\t\t<div class=\"elementor-widget-container\">\n\t\t\t\t\t<h4 class=\"elementor-heading-title elementor-size-default\">Floor<\/h4>\t\t\t\t<\/div>\n\t\t\t\t<\/div>\n\t\t\t\t<div class=\"elementor-element elementor-element-0ee4395 elementor-widget elementor-widget-text-editor\" data-id=\"0ee4395\" data-element_type=\"widget\" data-e-type=\"widget\" data-widget_type=\"text-editor.default\">\n\t\t\t\t<div class=\"elementor-widget-container\">\n\t\t\t\t\t\t\t\t\t<ul><li aria-level=\"1\">Floor joists 48\u00d7173 mm cut to size and joist hangers<\/li><li aria-level=\"1\">Moulded 100 mm Finnfoam<\/li><li aria-level=\"1\">The insulation support battens and urethane<\/li><li aria-level=\"1\">Pine tongue-and-groove floorboard 28\u00d795<\/li><li aria-level=\"1\"><span style=\"text-align: var(--text-align);\">Skirting boards<\/span><\/li><\/ul>\t\t\t\t\t\t\t\t<\/div>\n\t\t\t\t<\/div>\n\t\t\t\t<div class=\"elementor-element elementor-element-8c76ec0 elementor-widget elementor-widget-heading\" data-id=\"8c76ec0\" data-element_type=\"widget\" data-e-type=\"widget\" data-widget_type=\"heading.default\">\n\t\t\t\t<div class=\"elementor-widget-container\">\n\t\t\t\t\t<h4 class=\"elementor-heading-title elementor-size-default\">Roof<\/h4>\t\t\t\t<\/div>\n\t\t\t\t<\/div>\n\t\t\t\t<div class=\"elementor-element elementor-element-8ced601 elementor-widget elementor-widget-text-editor\" data-id=\"8ced601\" data-element_type=\"widget\" data-e-type=\"widget\" data-widget_type=\"text-editor.default\">\n\t\t\t\t<div class=\"elementor-widget-container\">\n\t\t\t\t\t\t\t\t\t<ul><li>Spruce ceiling panel 14\u00d7120 mm<\/li><li>Skirting boards<\/li><li aria-level=\"1\">Vapour barrier and tape<\/li><li aria-level=\"1\"><span style=\"text-align: var(--text-align);\">Cooling strips<\/span><\/li><li aria-level=\"1\">Mineral Wool 100mm<\/li><li aria-level=\"1\">Ceiling joists 48\u00d7173 mm cut to size<\/li><li aria-level=\"1\">Header beams 48x123 mm<\/li><li aria-level=\"1\">23 mm felt roof sheathing<\/li><li aria-level=\"1\">Roofing felt Kerabit + adhesive<\/li><li aria-level=\"1\">Eaves and verge flashings, black<\/li><li aria-level=\"1\">Small animal netting<\/li><\/ul>\t\t\t\t\t\t\t\t<\/div>\n\t\t\t\t<\/div>\n\t\t\t\t<div class=\"elementor-element elementor-element-0c57d3a elementor-widget elementor-widget-heading\" data-id=\"0c57d3a\" data-element_type=\"widget\" data-e-type=\"widget\" data-widget_type=\"heading.default\">\n\t\t\t\t<div class=\"elementor-widget-container\">\n\t\t\t\t\t<h4 class=\"elementor-heading-title elementor-size-default\">Terraces and verandas<\/h4>\t\t\t\t<\/div>\n\t\t\t\t<\/div>\n\t\t\t\t<div class=\"elementor-element elementor-element-f9b66c9 elementor-widget elementor-widget-text-editor\" data-id=\"f9b66c9\" data-element_type=\"widget\" data-e-type=\"widget\" data-widget_type=\"text-editor.default\">\n\t\t\t\t<div class=\"elementor-widget-container\">\n\t\t\t\t\t\t\t\t\t<ul><li>Decking board 28\u00d7120 mm brown pressure-treated<\/li><li>48\u00d7123 mm floor joists<\/li><\/ul>\t\t\t\t\t\t\t\t<\/div>\n\t\t\t\t<\/div>\n\t\t\t\t<\/div>\n\t\t<div class=\"elementor-element elementor-element-81daf90 e-con-full e-flex e-con e-child\" data-id=\"81daf90\" data-element_type=\"container\" data-e-type=\"container\" data-settings=\"{&quot;jet_parallax_layout_list&quot;:[]}\">\n\t\t\t\t<div class=\"elementor-element elementor-element-58ace8a elementor-widget elementor-widget-heading\" data-id=\"58ace8a\" data-element_type=\"widget\" data-e-type=\"widget\" data-widget_type=\"heading.default\">\n\t\t\t\t<div class=\"elementor-widget-container\">\n\t\t\t\t\t<h4 class=\"elementor-heading-title elementor-size-default\">Sauna<\/h4>\t\t\t\t<\/div>\n\t\t\t\t<\/div>\n\t\t\t\t<div class=\"elementor-element elementor-element-7c34e34 elementor-widget elementor-widget-text-editor\" data-id=\"7c34e34\" data-element_type=\"widget\" data-e-type=\"widget\" data-widget_type=\"text-editor.default\">\n\t\t\t\t<div class=\"elementor-widget-container\">\n\t\t\t\t\t\t\t\t\t<ul><li aria-level=\"1\">Harvia 16 heater or Harvia 20 Pro<\/li><li aria-level=\"1\">Water tank Jeremias 25 l round spout tank<\/li><li aria-level=\"1\">Sauna heater protective walls, front plate and base\u00a0<\/li><li aria-level=\"1\">Chimney package complete<\/li><li aria-level=\"1\">Chimney penetration<\/li><li aria-level=\"1\">Sauna stones<\/li><li aria-level=\"1\">Benches and sauna stool with spruce plank 45x170 mm, protective railing<\/li><li aria-level=\"1\">Ventilation grille<\/li><li>Aluminium foil and tape<\/li><li aria-level=\"1\">75 mm gutter with discharge socket<\/li><li aria-level=\"1\">Ehta sauna thermometer<\/li><\/ul>\t\t\t\t\t\t\t\t<\/div>\n\t\t\t\t<\/div>\n\t\t\t\t<div class=\"elementor-element elementor-element-4ee0abe elementor-widget elementor-widget-heading\" data-id=\"4ee0abe\" data-element_type=\"widget\" data-e-type=\"widget\" data-widget_type=\"heading.default\">\n\t\t\t\t<div class=\"elementor-widget-container\">\n\t\t\t\t\t<h4 class=\"elementor-heading-title elementor-size-default\">Fixings<\/h4>\t\t\t\t<\/div>\n\t\t\t\t<\/div>\n\t\t\t\t<div class=\"elementor-element elementor-element-6fb30f6 elementor-widget elementor-widget-text-editor\" data-id=\"6fb30f6\" data-element_type=\"widget\" data-e-type=\"widget\" data-widget_type=\"text-editor.default\">\n\t\t\t\t<div class=\"elementor-widget-container\">\n\t\t\t\t\t\t\t\t\t<ul><li>Deck screws<\/li><li>Terrace fixing screws stainless steel<\/li><li>90 mm framing nail for fixing purlins<\/li><li>Anchor nails for fixing joist hangers<\/li><li>60 mm fixing nail for roof underlayment<\/li><li>Caravan screws<\/li><li>Staples for installing vapour barrier film and aluminium foil<\/li><li>Finishing nails for installing ceiling panels and mouldings<\/li><li>Plywood for the installation of roof edge flashing<\/li><li>Screws for window flashing<\/li><li>Coated screw 120 mm for fixing decking boards<\/li><li>General purpose screws 90 mm<\/li><\/ul>\t\t\t\t\t\t\t\t<\/div>\n\t\t\t\t<\/div>\n\t\t\t\t<div class=\"elementor-element elementor-element-3f44003 elementor-widget elementor-widget-heading\" data-id=\"3f44003\" data-element_type=\"widget\" data-e-type=\"widget\" data-widget_type=\"heading.default\">\n\t\t\t\t<div class=\"elementor-widget-container\">\n\t\t\t\t\t<h4 class=\"elementor-heading-title elementor-size-default\">Drawings and instructions<\/h4>\t\t\t\t<\/div>\n\t\t\t\t<\/div>\n\t\t\t\t<div class=\"elementor-element elementor-element-9177f7a elementor-widget elementor-widget-text-editor\" data-id=\"9177f7a\" data-element_type=\"widget\" data-e-type=\"widget\" data-widget_type=\"text-editor.default\">\n\t\t\t\t<div class=\"elementor-widget-container\">\n\t\t\t\t\t\t\t\t\t<ul><li style=\"font-weight: 400;\" aria-level=\"1\"><span style=\"font-weight: 400;\">Main drawings (Elevation, floor plan, section view)<\/span><\/li><li style=\"font-weight: 400;\" aria-level=\"1\"><span style=\"font-weight: 400;\">Foundation dimension drawing<\/span><\/li><li aria-level=\"1\">Job descriptions<\/li><li style=\"font-weight: 400;\" aria-level=\"1\"><span style=\"font-weight: 400;\">Instructions for assembly<\/span><\/li><li style=\"font-weight: 400;\" aria-level=\"1\"><span style=\"font-weight: 400;\">Construction phase consulting<\/span><\/li><li style=\"font-weight: 400;\" aria-level=\"1\"><span style=\"font-weight: 400;\">Free e-invoice service<\/span><\/li><\/ul>\t\t\t\t\t\t\t\t<\/div>\n\t\t\t\t<\/div>\n\t\t\t\t<\/div>\n\t\t\t\t\t<\/div>\n\t\t\t\t<\/div>\n\t\t\t\t\t<\/div>\n\t\t\t\t<\/div>\n\t\t\t\t<\/div>\n\t\t\t\t<\/div>","protected":false},"excerpt":{"rendered":"<p>Ehta materiaalitoimitus&trade; Onko kohde saaressa tai haluatko rakentaa itse? Kaikki mallimme ovat saatavilla my\u00f6s tee-se-itse pakettina. Itse kasattava saunapaketti on edullinen ja helppo tapa hankkia oma pihasauna. Toimitussis\u00e4lt\u00f6 &#8221;Ei reissuakaan rautakauppaan&#8221;. Ehtan materiaalitoimitus on markkinoiden kattavin ja sis\u00e4lt\u00e4\u00e4 l\u00e4hestulkoon kaiken rakentamiseen tarvittavan materiaalin. Hirsisein\u00e4t Ty\u00f6stetty lamellihirsi 90&#215;190 mm Kierretangot tarvikkeineen Vaarnaruuvit Paisuva tiivistenauha hirsien v\u00e4liin [&hellip;]<\/p>\n","protected":false},"author":1,"featured_media":0,"parent":0,"menu_order":0,"comment_status":"closed","ping_status":"closed","template":"","meta":{"_jet_sm_ready_style":"","_jet_sm_style":"","_jet_sm_controls_values":"","_jet_sm_fonts_collection":"","_jet_sm_fonts_links":"","footnotes":""},"class_list":["post-14317","page","type-page","status-publish","hentry"],"yoast_head":"<!-- This site is optimized with the Yoast SEO Premium plugin v27.5 (Yoast SEO v27.5) - https:\/\/yoast.com\/product\/yoast-seo-premium-wordpress\/ -->\n<title>Materiaalitoimitus - Ehta<\/title>\n<meta name=\"robots\" content=\"index, follow, max-snippet:-1, max-image-preview:large, max-video-preview:-1\" \/>\n<link rel=\"canonical\" href=\"https:\/\/www.ehta.fi\/en\/materiaalitoimitus\/\" \/>\n<meta property=\"og:locale\" content=\"en_GB\" \/>\n<meta property=\"og:type\" content=\"article\" \/>\n<meta property=\"og:title\" content=\"Materiaalitoimitus\" \/>\n<meta property=\"og:description\" content=\"Ehta materiaalitoimitus&trade; Onko kohde saaressa tai haluatko rakentaa itse? Kaikki mallimme ovat saatavilla my\u00f6s tee-se-itse pakettina. Itse kasattava saunapaketti on edullinen ja helppo tapa hankkia oma pihasauna. Toimitussis\u00e4lt\u00f6 &#8221;Ei reissuakaan rautakauppaan&#8221;. Ehtan materiaalitoimitus on markkinoiden kattavin ja sis\u00e4lt\u00e4\u00e4 l\u00e4hestulkoon kaiken rakentamiseen tarvittavan materiaalin. Hirsisein\u00e4t Ty\u00f6stetty lamellihirsi 90&#215;190 mm Kierretangot tarvikkeineen Vaarnaruuvit Paisuva tiivistenauha hirsien v\u00e4liin [&hellip;]\" \/>\n<meta property=\"og:url\" content=\"https:\/\/www.ehta.fi\/en\/materiaalitoimitus\/\" \/>\n<meta property=\"og:site_name\" content=\"Ehta\" \/>\n<meta property=\"article:modified_time\" content=\"2025-08-05T11:18:20+00:00\" \/>\n<meta property=\"og:image\" content=\"https:\/\/www.ehta.fi\/wp-content\/uploads\/2024\/04\/New-Sauna_-26-min.jpg\" \/>\n\t<meta property=\"og:image:width\" content=\"2000\" \/>\n\t<meta property=\"og:image:height\" content=\"1334\" \/>\n\t<meta property=\"og:image:type\" content=\"image\/jpeg\" \/>\n<meta name=\"twitter:card\" content=\"summary_large_image\" \/>\n<meta name=\"twitter:label1\" content=\"Estimated reading time\" \/>\n\t<meta name=\"twitter:data1\" content=\"2 minutes\" \/>\n<script type=\"application\/ld+json\" class=\"yoast-schema-graph\">{\"@context\":\"https:\\\/\\\/schema.org\",\"@graph\":[{\"@type\":\"WebPage\",\"@id\":\"https:\\\/\\\/www.ehta.fi\\\/materiaalitoimitus\\\/\",\"url\":\"https:\\\/\\\/www.ehta.fi\\\/materiaalitoimitus\\\/\",\"name\":\"Materiaalitoimitus - Ehta\",\"isPartOf\":{\"@id\":\"https:\\\/\\\/www.ehta.fi\\\/#website\"},\"primaryImageOfPage\":{\"@id\":\"https:\\\/\\\/www.ehta.fi\\\/materiaalitoimitus\\\/#primaryimage\"},\"image\":{\"@id\":\"https:\\\/\\\/www.ehta.fi\\\/materiaalitoimitus\\\/#primaryimage\"},\"thumbnailUrl\":\"https:\\\/\\\/www.ehta.fi\\\/wp-content\\\/uploads\\\/2024\\\/04\\\/New-Sauna_-26-min.jpg\",\"datePublished\":\"2024-04-02T09:49:45+00:00\",\"dateModified\":\"2025-08-05T11:18:20+00:00\",\"breadcrumb\":{\"@id\":\"https:\\\/\\\/www.ehta.fi\\\/materiaalitoimitus\\\/#breadcrumb\"},\"inLanguage\":\"en-GB\",\"potentialAction\":[{\"@type\":\"ReadAction\",\"target\":[\"https:\\\/\\\/www.ehta.fi\\\/materiaalitoimitus\\\/\"]}]},{\"@type\":\"ImageObject\",\"inLanguage\":\"en-GB\",\"@id\":\"https:\\\/\\\/www.ehta.fi\\\/materiaalitoimitus\\\/#primaryimage\",\"url\":\"https:\\\/\\\/www.ehta.fi\\\/wp-content\\\/uploads\\\/2024\\\/04\\\/New-Sauna_-26-min.jpg\",\"contentUrl\":\"https:\\\/\\\/www.ehta.fi\\\/wp-content\\\/uploads\\\/2024\\\/04\\\/New-Sauna_-26-min.jpg\"},{\"@type\":\"BreadcrumbList\",\"@id\":\"https:\\\/\\\/www.ehta.fi\\\/materiaalitoimitus\\\/#breadcrumb\",\"itemListElement\":[{\"@type\":\"ListItem\",\"position\":1,\"name\":\"Home\",\"item\":\"https:\\\/\\\/www.ehta.fi\\\/\"},{\"@type\":\"ListItem\",\"position\":2,\"name\":\"Materiaalitoimitus\"}]},{\"@type\":\"WebSite\",\"@id\":\"https:\\\/\\\/www.ehta.fi\\\/#website\",\"url\":\"https:\\\/\\\/www.ehta.fi\\\/\",\"name\":\"Ehta\",\"description\":\"Pihasaunat, saunam\u00f6kit, m\u00f6kit ja aitat\",\"potentialAction\":[{\"@type\":\"SearchAction\",\"target\":{\"@type\":\"EntryPoint\",\"urlTemplate\":\"https:\\\/\\\/www.ehta.fi\\\/?s={search_term_string}\"},\"query-input\":{\"@type\":\"PropertyValueSpecification\",\"valueRequired\":true,\"valueName\":\"search_term_string\"}}],\"inLanguage\":\"en-GB\"}]}<\/script>\n<!-- \/ Yoast SEO Premium plugin. -->","yoast_head_json":{"title":"Materiaalitoimitus - Ehta","robots":{"index":"index","follow":"follow","max-snippet":"max-snippet:-1","max-image-preview":"max-image-preview:large","max-video-preview":"max-video-preview:-1"},"canonical":"https:\/\/www.ehta.fi\/en\/materiaalitoimitus\/","og_locale":"en_GB","og_type":"article","og_title":"Materiaalitoimitus","og_description":"Ehta materiaalitoimitus&trade; Onko kohde saaressa tai haluatko rakentaa itse? Kaikki mallimme ovat saatavilla my\u00f6s tee-se-itse pakettina. Itse kasattava saunapaketti on edullinen ja helppo tapa hankkia oma pihasauna. Toimitussis\u00e4lt\u00f6 &#8221;Ei reissuakaan rautakauppaan&#8221;. Ehtan materiaalitoimitus on markkinoiden kattavin ja sis\u00e4lt\u00e4\u00e4 l\u00e4hestulkoon kaiken rakentamiseen tarvittavan materiaalin. Hirsisein\u00e4t Ty\u00f6stetty lamellihirsi 90&#215;190 mm Kierretangot tarvikkeineen Vaarnaruuvit Paisuva tiivistenauha hirsien v\u00e4liin [&hellip;]","og_url":"https:\/\/www.ehta.fi\/en\/materiaalitoimitus\/","og_site_name":"Ehta","article_modified_time":"2025-08-05T11:18:20+00:00","og_image":[{"width":2000,"height":1334,"url":"https:\/\/www.ehta.fi\/wp-content\/uploads\/2024\/04\/New-Sauna_-26-min.jpg","type":"image\/jpeg"}],"twitter_card":"summary_large_image","twitter_misc":{"Estimated reading time":"2 minutes"},"schema":{"@context":"https:\/\/schema.org","@graph":[{"@type":"WebPage","@id":"https:\/\/www.ehta.fi\/materiaalitoimitus\/","url":"https:\/\/www.ehta.fi\/materiaalitoimitus\/","name":"Materiaalitoimitus - Ehta","isPartOf":{"@id":"https:\/\/www.ehta.fi\/#website"},"primaryImageOfPage":{"@id":"https:\/\/www.ehta.fi\/materiaalitoimitus\/#primaryimage"},"image":{"@id":"https:\/\/www.ehta.fi\/materiaalitoimitus\/#primaryimage"},"thumbnailUrl":"https:\/\/www.ehta.fi\/wp-content\/uploads\/2024\/04\/New-Sauna_-26-min.jpg","datePublished":"2024-04-02T09:49:45+00:00","dateModified":"2025-08-05T11:18:20+00:00","breadcrumb":{"@id":"https:\/\/www.ehta.fi\/materiaalitoimitus\/#breadcrumb"},"inLanguage":"en-GB","potentialAction":[{"@type":"ReadAction","target":["https:\/\/www.ehta.fi\/materiaalitoimitus\/"]}]},{"@type":"ImageObject","inLanguage":"en-GB","@id":"https:\/\/www.ehta.fi\/materiaalitoimitus\/#primaryimage","url":"https:\/\/www.ehta.fi\/wp-content\/uploads\/2024\/04\/New-Sauna_-26-min.jpg","contentUrl":"https:\/\/www.ehta.fi\/wp-content\/uploads\/2024\/04\/New-Sauna_-26-min.jpg"},{"@type":"BreadcrumbList","@id":"https:\/\/www.ehta.fi\/materiaalitoimitus\/#breadcrumb","itemListElement":[{"@type":"ListItem","position":1,"name":"Home","item":"https:\/\/www.ehta.fi\/"},{"@type":"ListItem","position":2,"name":"Materiaalitoimitus"}]},{"@type":"WebSite","@id":"https:\/\/www.ehta.fi\/#website","url":"https:\/\/www.ehta.fi\/","name":"Ehta","description":"Lodge saunas, sauna cabins, cottages and outbuildings","potentialAction":[{"@type":"SearchAction","target":{"@type":"EntryPoint","urlTemplate":"https:\/\/www.ehta.fi\/?s={search_term_string}"},"query-input":{"@type":"PropertyValueSpecification","valueRequired":true,"valueName":"search_term_string"}}],"inLanguage":"en-GB"}]}},"_links":{"self":[{"href":"https:\/\/www.ehta.fi\/en\/wp-json\/wp\/v2\/pages\/14317","targetHints":{"allow":["GET"]}}],"collection":[{"href":"https:\/\/www.ehta.fi\/en\/wp-json\/wp\/v2\/pages"}],"about":[{"href":"https:\/\/www.ehta.fi\/en\/wp-json\/wp\/v2\/types\/page"}],"author":[{"embeddable":true,"href":"https:\/\/www.ehta.fi\/en\/wp-json\/wp\/v2\/users\/1"}],"replies":[{"embeddable":true,"href":"https:\/\/www.ehta.fi\/en\/wp-json\/wp\/v2\/comments?post=14317"}],"version-history":[{"count":16,"href":"https:\/\/www.ehta.fi\/en\/wp-json\/wp\/v2\/pages\/14317\/revisions"}],"predecessor-version":[{"id":19239,"href":"https:\/\/www.ehta.fi\/en\/wp-json\/wp\/v2\/pages\/14317\/revisions\/19239"}],"wp:attachment":[{"href":"https:\/\/www.ehta.fi\/en\/wp-json\/wp\/v2\/media?parent=14317"}],"curies":[{"name":"wp","href":"https:\/\/api.w.org\/{rel}","templated":true}]}}