{"id":258,"date":"2024-03-07T11:29:12","date_gmt":"2024-03-07T09:29:12","guid":{"rendered":"https:\/\/www.ehta.fi\/?page_id=258"},"modified":"2025-11-04T15:16:55","modified_gmt":"2025-11-04T13:16:55","slug":"rahoitus","status":"publish","type":"page","link":"https:\/\/www.ehta.fi\/en\/rahoitus\/","title":{"rendered":"Financing"},"content":{"rendered":"<div data-elementor-type=\"wp-page\" data-elementor-id=\"258\" class=\"elementor elementor-258\" data-elementor-post-type=\"page\">\n\t\t\t\t<div class=\"elementor-element elementor-element-cb51ef2 e-con-full e-flex e-con e-parent\" data-id=\"cb51ef2\" data-element_type=\"container\" data-e-type=\"container\" data-settings=\"{&quot;jet_parallax_layout_list&quot;:[]}\">\n\t\t<div class=\"elementor-element elementor-element-df7be9a e-flex e-con-boxed e-con e-child\" data-id=\"df7be9a\" data-element_type=\"container\" data-e-type=\"container\" data-settings=\"{&quot;jet_parallax_layout_list&quot;:[]}\">\n\t\t\t\t\t<div class=\"e-con-inner\">\n\t\t\t\t<div class=\"elementor-element elementor-element-b8a2b35 elementor-widget elementor-widget-heading\" data-id=\"b8a2b35\" data-element_type=\"widget\" data-e-type=\"widget\" data-widget_type=\"heading.default\">\n\t\t\t\t<div class=\"elementor-widget-container\">\n\t\t\t\t\t<h1 class=\"elementor-heading-title elementor-size-default\">Genuine financing<\/h1>\t\t\t\t<\/div>\n\t\t\t\t<\/div>\n\t\t\t\t<div class=\"elementor-element elementor-element-2fb5569 elementor-widget elementor-widget-text-editor\" data-id=\"2fb5569\" data-element_type=\"widget\" data-e-type=\"widget\" data-widget_type=\"text-editor.default\">\n\t\t\t\t<div class=\"elementor-widget-container\">\n\t\t\t\t\t\t\t\t\t<p>Make purchasing a summer kitchen or shed easier by paying your invoice with Ehta financing. This way you'll get 3 months of interest-free and fee-free payment time. Alternatively, you can utilise financing by paying flexibly in monthly instalments.<\/p>\t\t\t\t\t\t\t\t<\/div>\n\t\t\t\t<\/div>\n\t\t\t\t\t<\/div>\n\t\t\t\t<\/div>\n\t\t\t\t<\/div>\n\t\t<div class=\"elementor-element elementor-element-124299d5 e-con-full e-flex e-con e-parent\" data-id=\"124299d5\" data-element_type=\"container\" data-e-type=\"container\" data-settings=\"{&quot;jet_parallax_layout_list&quot;:[]}\">\n\t\t<div class=\"elementor-element elementor-element-35db3a9 e-con-full e-flex e-con e-child\" data-id=\"35db3a9\" data-element_type=\"container\" data-e-type=\"container\" data-settings=\"{&quot;jet_parallax_layout_list&quot;:[]}\">\n\t\t\t\t<div class=\"elementor-element elementor-element-7f17c7a0 elementor-widget elementor-widget-image\" data-id=\"7f17c7a0\" data-element_type=\"widget\" data-e-type=\"widget\" data-widget_type=\"image.default\">\n\t\t\t\t<div class=\"elementor-widget-container\">\n\t\t\t\t\t\t\t\t\t\t\t\t\t\t\t<img fetchpriority=\"high\" decoding=\"async\" width=\"800\" height=\"534\" src=\"https:\/\/www.ehta.fi\/wp-content\/uploads\/2024\/03\/202310290008-1024x683.jpg\" class=\"attachment-large size-large wp-image-14058\" alt=\"Moderni saunam\u00f6kki 30, oleskelutila\" srcset=\"https:\/\/www.ehta.fi\/wp-content\/uploads\/2024\/03\/202310290008-1024x683.jpg 1024w, https:\/\/www.ehta.fi\/wp-content\/uploads\/2024\/03\/202310290008-300x200.jpg 300w, https:\/\/www.ehta.fi\/wp-content\/uploads\/2024\/03\/202310290008-768x512.jpg 768w, https:\/\/www.ehta.fi\/wp-content\/uploads\/2024\/03\/202310290008-1536x1025.jpg 1536w, https:\/\/www.ehta.fi\/wp-content\/uploads\/2024\/03\/202310290008-600x400.jpg 600w, https:\/\/www.ehta.fi\/wp-content\/uploads\/2024\/03\/202310290008.jpg 2000w\" sizes=\"(max-width: 800px) 100vw, 800px\" \/>\t\t\t\t\t\t\t\t\t\t\t\t\t\t\t<\/div>\n\t\t\t\t<\/div>\n\t\t\t\t<\/div>\n\t\t<div class=\"elementor-element elementor-element-17a5825a e-con-full e-flex e-con e-child\" data-id=\"17a5825a\" data-element_type=\"container\" data-e-type=\"container\" data-settings=\"{&quot;jet_parallax_layout_list&quot;:[]}\">\n\t\t\t\t<div class=\"elementor-element elementor-element-1e04943 elementor-widget elementor-widget-heading\" data-id=\"1e04943\" data-element_type=\"widget\" data-e-type=\"widget\" data-widget_type=\"heading.default\">\n\t\t\t\t<div class=\"elementor-widget-container\">\n\t\t\t\t\t<h2 class=\"elementor-heading-title elementor-size-default\">Benefits of financing<\/h2>\t\t\t\t<\/div>\n\t\t\t\t<\/div>\n\t\t\t\t<div class=\"elementor-element elementor-element-a4d6e9d elementor-widget elementor-widget-text-editor\" data-id=\"a4d6e9d\" data-element_type=\"widget\" data-e-type=\"widget\" data-widget_type=\"text-editor.default\">\n\t\t\t\t<div class=\"elementor-widget-container\">\n\t\t\t\t\t\t\t\t\t<ul>\n<li>No advance payment, and if the purchase price is paid in full within 3 months of delivery, the customer will incur no costs.<\/li>\n<li>The loan can be repaid with a suitable monthly instalment, with the minimum monthly instalment being 1.5%. The loan can be paid off in full at any time without additional costs.<\/li>\n<li>Securing financing does not ordinarily require guarantors or collateral, nor does it require opening an account at a bank.<\/li>\n<li>A financing decision can be applied for immediately and without visiting a bank.<\/li>\n<\/ul>\t\t\t\t\t\t\t\t<\/div>\n\t\t\t\t<\/div>\n\t\t\t\t<\/div>\n\t\t\t\t<\/div>\n\t\t<div class=\"elementor-element elementor-element-6fae013 e-con-full e-flex e-con e-parent\" data-id=\"6fae013\" data-element_type=\"container\" data-e-type=\"container\" data-settings=\"{&quot;jet_parallax_layout_list&quot;:[]}\">\n\t\t<div class=\"elementor-element elementor-element-81756ff e-flex e-con-boxed e-con e-child\" data-id=\"81756ff\" data-element_type=\"container\" data-e-type=\"container\" data-settings=\"{&quot;jet_parallax_layout_list&quot;:[]}\">\n\t\t\t\t\t<div class=\"e-con-inner\">\n\t\t\t\t<div class=\"elementor-element elementor-element-ec46cc7 elementor-widget elementor-widget-heading\" data-id=\"ec46cc7\" data-element_type=\"widget\" data-e-type=\"widget\" data-widget_type=\"heading.default\">\n\t\t\t\t<div class=\"elementor-widget-container\">\n\t\t\t\t\t<h2 class=\"elementor-heading-title elementor-size-default\">Apply for a financing decision<\/h2>\t\t\t\t<\/div>\n\t\t\t\t<\/div>\n\t\t\t\t<div class=\"elementor-element elementor-element-016678a elementor-widget elementor-widget-text-editor\" data-id=\"016678a\" data-element_type=\"widget\" data-e-type=\"widget\" data-widget_type=\"text-editor.default\">\n\t\t\t\t<div class=\"elementor-widget-container\">\n\t\t\t\t\t\t\t\t\t<p>It is advisable to seek a financing decision as early as possible in the project. This way, you can confirm the possibility of using financing.<\/p><p>Calculate your suitable monthly instalment with the calculator and fill out the application easily.<\/p>\t\t\t\t\t\t\t\t<\/div>\n\t\t\t\t<\/div>\n\t\t\t\t<div class=\"elementor-element elementor-element-d664247 elementor-widget elementor-widget-button\" data-id=\"d664247\" data-element_type=\"widget\" data-e-type=\"widget\" data-widget_type=\"button.default\">\n\t\t\t\t<div class=\"elementor-widget-container\">\n\t\t\t\t\t\t\t\t\t<div class=\"elementor-button-wrapper\">\n\t\t\t\t\t<a class=\"elementor-button elementor-button-link elementor-size-sm\" href=\"https:\/\/eficode.pohjola-finance.fi\/kertaluotto-uusi\/ehtagroup\">\n\t\t\t\t\t\t<span class=\"elementor-button-content-wrapper\">\n\t\t\t\t\t\t\t\t\t<span class=\"elementor-button-text\">Apply for funding<\/span>\n\t\t\t\t\t<\/span>\n\t\t\t\t\t<\/a>\n\t\t\t\t<\/div>\n\t\t\t\t\t\t\t\t<\/div>\n\t\t\t\t<\/div>\n\t\t\t\t<div class=\"elementor-element elementor-element-02f603a elementor-widget elementor-widget-heading\" data-id=\"02f603a\" data-element_type=\"widget\" data-e-type=\"widget\" data-widget_type=\"heading.default\">\n\t\t\t\t<div class=\"elementor-widget-container\">\n\t\t\t\t\t<h2 class=\"elementor-heading-title elementor-size-default\">Financing terms<\/h2>\t\t\t\t<\/div>\n\t\t\t\t<\/div>\n\t\t\t\t<div class=\"elementor-element elementor-element-c7dcfa2 elementor-widget elementor-widget-text-editor\" data-id=\"c7dcfa2\" data-element_type=\"widget\" data-e-type=\"widget\" data-widget_type=\"text-editor.default\">\n\t\t\t\t<div class=\"elementor-widget-container\">\n\t\t\t\t\t\t\t\t\t<ul><li>Three months interest-free and fee-free payment period<\/li><li>You can pay off the entire loan at once without any additional costs.<\/li><li>Choose a monthly instalment that suits you<\/li><li>Flexible repayment period<\/li><li>Affordable interest rate OP-prime + 6.95%.<\/li><li>Invoicing fee \u20ac7\/month<\/li><li>Financing accrues OP bonuses for OP's owner-customers<\/li><\/ul>\t\t\t\t\t\t\t\t<\/div>\n\t\t\t\t<\/div>\n\t\t\t\t<div class=\"elementor-element elementor-element-5cdf3cc elementor-widget elementor-widget-text-editor\" data-id=\"5cdf3cc\" data-element_type=\"widget\" data-e-type=\"widget\" data-widget_type=\"text-editor.default\">\n\t\t\t\t<div class=\"elementor-widget-container\">\n\t\t\t\t\t\t\t\t\t<p><em>The financing is a fixed-term loan with a nominal annual interest rate for a loan of \u20ac7,500 of 12.56 %, when the loan interest rate is OP-prime + 6.95 %(10.45 % 10\/23), a set-up fee of \u20ac0 and a billing fee of \u20ac7\/month. The estimated total cost of the loan is \u20ac11,316.32. The calculation has been made assuming that the loan has been fully drawn, the loan interest rate as well as fees and charges remain the same throughout the loan term and the loan is repaid with 128 \u20ac minimum repayments (1.70 % of the loan amount) on a monthly basis, making the loan term 89 months. The loan is granted by OP Corporate Bank plc, Gebhardinaukio 1, 00510 Helsinki.<\/em><\/p>\t\t\t\t\t\t\t\t<\/div>\n\t\t\t\t<\/div>\n\t\t\t\t\t<\/div>\n\t\t\t\t<\/div>\n\t\t\t\t<\/div>\n\t\t\t\t<\/div>","protected":false},"excerpt":{"rendered":"<p>Ehta rahoitus Helpota pihasaunan tai aitan hankintaa maksamalla lasku Ehta rahoituksella. N\u00e4in saat 3 kuukauden korottoman ja kuluttoman maksuajan. Vaihtoehtoisesti voit hy\u00f6dynt\u00e4\u00e4 rahoitusta maksamalla joustavasti kuukausierin\u00e4. Rahoituksen edut Ei ennakkomaksua ja mik\u00e4li kauppahinnan maksaa kokonaisuudessaan pois 3 kuukauden sis\u00e4ll\u00e4 toimituksesta, tilaajalle ei koidu kuluja. Luottoa voi lyhent\u00e4\u00e4 sopivalla kuukausier\u00e4ll\u00e4, minimi kuukausier\u00e4 kuitenkin 1,5%. Luoton voi [&hellip;]<\/p>\n","protected":false},"author":1,"featured_media":0,"parent":0,"menu_order":0,"comment_status":"closed","ping_status":"closed","template":"","meta":{"_jet_sm_ready_style":"","_jet_sm_style":"","_jet_sm_controls_values":"","_jet_sm_fonts_collection":"","_jet_sm_fonts_links":"","footnotes":""},"class_list":["post-258","page","type-page","status-publish","hentry"],"yoast_head":"<!-- This site is optimized with the Yoast SEO Premium plugin v27.5 (Yoast SEO v27.5) - https:\/\/yoast.com\/product\/yoast-seo-premium-wordpress\/ -->\n<title>Rahoitus - Ehta<\/title>\n<meta name=\"robots\" content=\"index, follow, max-snippet:-1, max-image-preview:large, max-video-preview:-1\" \/>\n<link rel=\"canonical\" href=\"https:\/\/www.ehta.fi\/en\/rahoitus\/\" \/>\n<meta property=\"og:locale\" content=\"en_GB\" \/>\n<meta property=\"og:type\" content=\"article\" \/>\n<meta property=\"og:title\" content=\"Rahoitus\" \/>\n<meta property=\"og:description\" content=\"Ehta rahoitus Helpota pihasaunan tai aitan hankintaa maksamalla lasku Ehta rahoituksella. N\u00e4in saat 3 kuukauden korottoman ja kuluttoman maksuajan. Vaihtoehtoisesti voit hy\u00f6dynt\u00e4\u00e4 rahoitusta maksamalla joustavasti kuukausierin\u00e4. Rahoituksen edut Ei ennakkomaksua ja mik\u00e4li kauppahinnan maksaa kokonaisuudessaan pois 3 kuukauden sis\u00e4ll\u00e4 toimituksesta, tilaajalle ei koidu kuluja. Luottoa voi lyhent\u00e4\u00e4 sopivalla kuukausier\u00e4ll\u00e4, minimi kuukausier\u00e4 kuitenkin 1,5%. Luoton voi [&hellip;]\" \/>\n<meta property=\"og:url\" content=\"https:\/\/www.ehta.fi\/en\/rahoitus\/\" \/>\n<meta property=\"og:site_name\" content=\"Ehta\" \/>\n<meta property=\"article:modified_time\" content=\"2025-11-04T13:16:55+00:00\" \/>\n<meta property=\"og:image\" content=\"https:\/\/www.ehta.fi\/wp-content\/uploads\/2024\/03\/202310290008.jpg\" \/>\n\t<meta property=\"og:image:width\" content=\"2000\" \/>\n\t<meta property=\"og:image:height\" content=\"1334\" \/>\n\t<meta property=\"og:image:type\" content=\"image\/jpeg\" \/>\n<meta name=\"twitter:card\" content=\"summary_large_image\" \/>\n<meta name=\"twitter:label1\" content=\"Estimated reading time\" \/>\n\t<meta name=\"twitter:data1\" content=\"2 minutes\" \/>\n<script type=\"application\/ld+json\" class=\"yoast-schema-graph\">{\"@context\":\"https:\\\/\\\/schema.org\",\"@graph\":[{\"@type\":\"WebPage\",\"@id\":\"https:\\\/\\\/www.ehta.fi\\\/rahoitus\\\/\",\"url\":\"https:\\\/\\\/www.ehta.fi\\\/rahoitus\\\/\",\"name\":\"Rahoitus - Ehta\",\"isPartOf\":{\"@id\":\"https:\\\/\\\/www.ehta.fi\\\/#website\"},\"primaryImageOfPage\":{\"@id\":\"https:\\\/\\\/www.ehta.fi\\\/rahoitus\\\/#primaryimage\"},\"image\":{\"@id\":\"https:\\\/\\\/www.ehta.fi\\\/rahoitus\\\/#primaryimage\"},\"thumbnailUrl\":\"https:\\\/\\\/www.ehta.fi\\\/wp-content\\\/uploads\\\/2024\\\/03\\\/202310290008-1024x683.jpg\",\"datePublished\":\"2024-03-07T09:29:12+00:00\",\"dateModified\":\"2025-11-04T13:16:55+00:00\",\"breadcrumb\":{\"@id\":\"https:\\\/\\\/www.ehta.fi\\\/rahoitus\\\/#breadcrumb\"},\"inLanguage\":\"en-GB\",\"potentialAction\":[{\"@type\":\"ReadAction\",\"target\":[\"https:\\\/\\\/www.ehta.fi\\\/rahoitus\\\/\"]}]},{\"@type\":\"ImageObject\",\"inLanguage\":\"en-GB\",\"@id\":\"https:\\\/\\\/www.ehta.fi\\\/rahoitus\\\/#primaryimage\",\"url\":\"https:\\\/\\\/www.ehta.fi\\\/wp-content\\\/uploads\\\/2024\\\/03\\\/202310290008-1024x683.jpg\",\"contentUrl\":\"https:\\\/\\\/www.ehta.fi\\\/wp-content\\\/uploads\\\/2024\\\/03\\\/202310290008-1024x683.jpg\"},{\"@type\":\"BreadcrumbList\",\"@id\":\"https:\\\/\\\/www.ehta.fi\\\/rahoitus\\\/#breadcrumb\",\"itemListElement\":[{\"@type\":\"ListItem\",\"position\":1,\"name\":\"Home\",\"item\":\"https:\\\/\\\/www.ehta.fi\\\/\"},{\"@type\":\"ListItem\",\"position\":2,\"name\":\"Rahoitus\"}]},{\"@type\":\"WebSite\",\"@id\":\"https:\\\/\\\/www.ehta.fi\\\/#website\",\"url\":\"https:\\\/\\\/www.ehta.fi\\\/\",\"name\":\"Ehta\",\"description\":\"Pihasaunat, saunam\u00f6kit, m\u00f6kit ja aitat\",\"potentialAction\":[{\"@type\":\"SearchAction\",\"target\":{\"@type\":\"EntryPoint\",\"urlTemplate\":\"https:\\\/\\\/www.ehta.fi\\\/?s={search_term_string}\"},\"query-input\":{\"@type\":\"PropertyValueSpecification\",\"valueRequired\":true,\"valueName\":\"search_term_string\"}}],\"inLanguage\":\"en-GB\"}]}<\/script>\n<!-- \/ Yoast SEO Premium plugin. -->","yoast_head_json":{"title":"Rahoitus - Ehta","robots":{"index":"index","follow":"follow","max-snippet":"max-snippet:-1","max-image-preview":"max-image-preview:large","max-video-preview":"max-video-preview:-1"},"canonical":"https:\/\/www.ehta.fi\/en\/rahoitus\/","og_locale":"en_GB","og_type":"article","og_title":"Rahoitus","og_description":"Ehta rahoitus Helpota pihasaunan tai aitan hankintaa maksamalla lasku Ehta rahoituksella. N\u00e4in saat 3 kuukauden korottoman ja kuluttoman maksuajan. Vaihtoehtoisesti voit hy\u00f6dynt\u00e4\u00e4 rahoitusta maksamalla joustavasti kuukausierin\u00e4. Rahoituksen edut Ei ennakkomaksua ja mik\u00e4li kauppahinnan maksaa kokonaisuudessaan pois 3 kuukauden sis\u00e4ll\u00e4 toimituksesta, tilaajalle ei koidu kuluja. Luottoa voi lyhent\u00e4\u00e4 sopivalla kuukausier\u00e4ll\u00e4, minimi kuukausier\u00e4 kuitenkin 1,5%. Luoton voi [&hellip;]","og_url":"https:\/\/www.ehta.fi\/en\/rahoitus\/","og_site_name":"Ehta","article_modified_time":"2025-11-04T13:16:55+00:00","og_image":[{"width":2000,"height":1334,"url":"https:\/\/www.ehta.fi\/wp-content\/uploads\/2024\/03\/202310290008.jpg","type":"image\/jpeg"}],"twitter_card":"summary_large_image","twitter_misc":{"Estimated reading time":"2 minutes"},"schema":{"@context":"https:\/\/schema.org","@graph":[{"@type":"WebPage","@id":"https:\/\/www.ehta.fi\/rahoitus\/","url":"https:\/\/www.ehta.fi\/rahoitus\/","name":"Rahoitus - Ehta","isPartOf":{"@id":"https:\/\/www.ehta.fi\/#website"},"primaryImageOfPage":{"@id":"https:\/\/www.ehta.fi\/rahoitus\/#primaryimage"},"image":{"@id":"https:\/\/www.ehta.fi\/rahoitus\/#primaryimage"},"thumbnailUrl":"https:\/\/www.ehta.fi\/wp-content\/uploads\/2024\/03\/202310290008-1024x683.jpg","datePublished":"2024-03-07T09:29:12+00:00","dateModified":"2025-11-04T13:16:55+00:00","breadcrumb":{"@id":"https:\/\/www.ehta.fi\/rahoitus\/#breadcrumb"},"inLanguage":"en-GB","potentialAction":[{"@type":"ReadAction","target":["https:\/\/www.ehta.fi\/rahoitus\/"]}]},{"@type":"ImageObject","inLanguage":"en-GB","@id":"https:\/\/www.ehta.fi\/rahoitus\/#primaryimage","url":"https:\/\/www.ehta.fi\/wp-content\/uploads\/2024\/03\/202310290008-1024x683.jpg","contentUrl":"https:\/\/www.ehta.fi\/wp-content\/uploads\/2024\/03\/202310290008-1024x683.jpg"},{"@type":"BreadcrumbList","@id":"https:\/\/www.ehta.fi\/rahoitus\/#breadcrumb","itemListElement":[{"@type":"ListItem","position":1,"name":"Home","item":"https:\/\/www.ehta.fi\/"},{"@type":"ListItem","position":2,"name":"Rahoitus"}]},{"@type":"WebSite","@id":"https:\/\/www.ehta.fi\/#website","url":"https:\/\/www.ehta.fi\/","name":"Ehta","description":"Lodge saunas, sauna cabins, cottages and outbuildings","potentialAction":[{"@type":"SearchAction","target":{"@type":"EntryPoint","urlTemplate":"https:\/\/www.ehta.fi\/?s={search_term_string}"},"query-input":{"@type":"PropertyValueSpecification","valueRequired":true,"valueName":"search_term_string"}}],"inLanguage":"en-GB"}]}},"_links":{"self":[{"href":"https:\/\/www.ehta.fi\/en\/wp-json\/wp\/v2\/pages\/258","targetHints":{"allow":["GET"]}}],"collection":[{"href":"https:\/\/www.ehta.fi\/en\/wp-json\/wp\/v2\/pages"}],"about":[{"href":"https:\/\/www.ehta.fi\/en\/wp-json\/wp\/v2\/types\/page"}],"author":[{"embeddable":true,"href":"https:\/\/www.ehta.fi\/en\/wp-json\/wp\/v2\/users\/1"}],"replies":[{"embeddable":true,"href":"https:\/\/www.ehta.fi\/en\/wp-json\/wp\/v2\/comments?post=258"}],"version-history":[{"count":10,"href":"https:\/\/www.ehta.fi\/en\/wp-json\/wp\/v2\/pages\/258\/revisions"}],"predecessor-version":[{"id":20115,"href":"https:\/\/www.ehta.fi\/en\/wp-json\/wp\/v2\/pages\/258\/revisions\/20115"}],"wp:attachment":[{"href":"https:\/\/www.ehta.fi\/en\/wp-json\/wp\/v2\/media?parent=258"}],"curies":[{"name":"wp","href":"https:\/\/api.w.org\/{rel}","templated":true}]}}