{"id":14218,"date":"2024-03-30T16:52:11","date_gmt":"2024-03-30T14:52:11","guid":{"rendered":"https:\/\/www.ehta.fi\/?page_id=14218"},"modified":"2026-03-12T17:44:07","modified_gmt":"2026-03-12T15:44:07","slug":"esite","status":"publish","type":"page","link":"https:\/\/www.ehta.fi\/sv\/esite\/","title":{"rendered":"Esite"},"content":{"rendered":"\t\t<div data-elementor-type=\"wp-page\" data-elementor-id=\"14218\" class=\"elementor elementor-14218\" data-elementor-post-type=\"page\">\n\t\t\t\t<div class=\"elementor-element elementor-element-ec1e577 e-con-full e-flex e-con e-parent\" data-id=\"ec1e577\" data-element_type=\"container\" data-e-type=\"container\" data-settings=\"{&quot;jet_parallax_layout_list&quot;:[]}\">\n\t\t<div class=\"elementor-element elementor-element-ccb4d25 e-flex e-con-boxed e-con e-child\" data-id=\"ccb4d25\" data-element_type=\"container\" data-e-type=\"container\" data-settings=\"{&quot;jet_parallax_layout_list&quot;:[]}\">\n\t\t\t\t\t<div class=\"e-con-inner\">\n\t\t\t\t<div class=\"elementor-element elementor-element-b038b98 elementor-widget elementor-widget-heading\" data-id=\"b038b98\" data-element_type=\"widget\" data-e-type=\"widget\" data-widget_type=\"heading.default\">\n\t\t\t\t<div class=\"elementor-widget-container\">\n\t\t\t\t\t<h1 class=\"elementor-heading-title elementor-size-default\">Ehta mallistoesite<\/h1>\t\t\t\t<\/div>\n\t\t\t\t<\/div>\n\t\t\t\t<div class=\"elementor-element elementor-element-184283c elementor-widget elementor-widget-text-editor\" data-id=\"184283c\" data-element_type=\"widget\" data-e-type=\"widget\" data-widget_type=\"text-editor.default\">\n\t\t\t\t<div class=\"elementor-widget-container\">\n\t\t\t\t\t\t\t\t\t<p>Lataa maksuton 52-sivuinen mallistoesitteemme.<\/p>\t\t\t\t\t\t\t\t<\/div>\n\t\t\t\t<\/div>\n\t\t\t\t\t<\/div>\n\t\t\t\t<\/div>\n\t\t<div class=\"elementor-element elementor-element-63706f4 e-con-full e-flex e-con e-child\" data-id=\"63706f4\" data-element_type=\"container\" data-e-type=\"container\" data-settings=\"{&quot;background_background&quot;:&quot;gradient&quot;,&quot;jet_parallax_layout_list&quot;:[]}\">\n\t\t<div class=\"elementor-element elementor-element-d6da0c0 e-con-full e-flex e-con e-child\" data-id=\"d6da0c0\" data-element_type=\"container\" data-e-type=\"container\" data-settings=\"{&quot;jet_parallax_layout_list&quot;:[]}\">\n\t\t\t\t<div class=\"elementor-element elementor-element-8deca6a elementor-widget elementor-widget-heading\" data-id=\"8deca6a\" data-element_type=\"widget\" data-e-type=\"widget\" data-widget_type=\"heading.default\">\n\t\t\t\t<div class=\"elementor-widget-container\">\n\t\t\t\t\t<h2 class=\"elementor-heading-title elementor-size-default\">Lataa esite<\/h2>\t\t\t\t<\/div>\n\t\t\t\t<\/div>\n\t\t\t\t<div class=\"elementor-element elementor-element-4f757b5 elementor-widget elementor-widget-image\" data-id=\"4f757b5\" data-element_type=\"widget\" data-e-type=\"widget\" data-widget_type=\"image.default\">\n\t\t\t\t<div class=\"elementor-widget-container\">\n\t\t\t\t\t\t\t\t\t\t\t\t\t\t\t<img fetchpriority=\"high\" decoding=\"async\" width=\"800\" height=\"666\" src=\"https:\/\/www.ehta.fi\/wp-content\/uploads\/2024\/03\/f5c10FBJX-e1711809756161-1024x853.png\" class=\"attachment-large size-large wp-image-14215\" alt=\"Ehta mallistoesite\" srcset=\"https:\/\/www.ehta.fi\/wp-content\/uploads\/2024\/03\/f5c10FBJX-e1711809756161-1024x853.png 1024w, https:\/\/www.ehta.fi\/wp-content\/uploads\/2024\/03\/f5c10FBJX-e1711809756161-300x250.png 300w, https:\/\/www.ehta.fi\/wp-content\/uploads\/2024\/03\/f5c10FBJX-e1711809756161-768x640.png 768w, https:\/\/www.ehta.fi\/wp-content\/uploads\/2024\/03\/f5c10FBJX-e1711809756161-600x500.png 600w, https:\/\/www.ehta.fi\/wp-content\/uploads\/2024\/03\/f5c10FBJX-e1711809756161.png 1200w\" sizes=\"(max-width: 800px) 100vw, 800px\" \/>\t\t\t\t\t\t\t\t\t\t\t\t\t\t\t<\/div>\n\t\t\t\t<\/div>\n\t\t\t\t<\/div>\n\t\t<div class=\"elementor-element elementor-element-c8ae7a5 e-flex e-con-boxed e-con e-child\" data-id=\"c8ae7a5\" data-element_type=\"container\" data-e-type=\"container\" data-settings=\"{&quot;jet_parallax_layout_list&quot;:[]}\">\n\t\t\t\t\t<div class=\"e-con-inner\">\n\t\t\t\t<div class=\"elementor-element elementor-element-ed99b57 elementor-button-align-start elementor-widget elementor-widget-form\" data-id=\"ed99b57\" data-element_type=\"widget\" data-e-type=\"widget\" data-settings=\"{&quot;step_next_label&quot;:&quot;Next&quot;,&quot;step_previous_label&quot;:&quot;Previous&quot;,&quot;button_width&quot;:&quot;100&quot;,&quot;step_type&quot;:&quot;number_text&quot;,&quot;step_icon_shape&quot;:&quot;circle&quot;}\" data-widget_type=\"form.default\">\n\t\t\t\t<div class=\"elementor-widget-container\">\n\t\t\t\t\t<template id=\"cfef_logic_data_ed99b57\" class=\"cfef_logic_data_js\" data-form-id=\"ed99b57\">{\"message\":{\"display_mode\":\"show\",\"fire_action\":\"All\",\"file_types\":\"png\",\"logic_data\":[{\"cfef_logic_field_id\":\"yhteydenottopyynto\",\"cfef_logic_field_is\":\"!e\",\"cfef_logic_compare_value\":\"\",\"_id\":\"2279db1\"}]}}<\/template>\t\t<form class=\"elementor-form\" method=\"post\" name=\"Esitelataus\" aria-label=\"Esitelataus\">\n\t\t\t<input type=\"hidden\" name=\"post_id\" value=\"14218\"\/>\n\t\t\t<input type=\"hidden\" name=\"form_id\" value=\"ed99b57\"\/>\n\t\t\t<input type=\"hidden\" name=\"referer_title\" value=\"Esite - Ehta\" \/>\n\n\t\t\t\t\t\t\t<input type=\"hidden\" name=\"queried_id\" value=\"14218\"\/>\n\t\t\t\n\t\t\t<div class=\"elementor-form-fields-wrapper elementor-labels-above\">\n\t\t\t\t\t\t\t\t<div class=\"elementor-field-type-radio elementor-field-group elementor-column elementor-field-group-tyyppi elementor-col-100 elementor-field-required elementor-mark-required\">\n\t\t\t\t\t<div class=\"elementor-field-subgroup  \"><span class=\"elementor-field-option\"><input type=\"radio\" value=\"Lataan digitaalisen esitteen\" id=\"form-field-tyyppi-0\" name=\"form_fields[tyyppi]\" checked=\"checked\" required=\"required\"> <label for=\"form-field-tyyppi-0\">Lataan digitaalisen esitteen<\/label><\/span><\/div>\t\t\t\t<\/div>\n\t\t\t\t\t\t\t\t<div class=\"elementor-field-type-text elementor-field-group elementor-column elementor-field-group-name elementor-col-100 elementor-field-required elementor-mark-required\">\n\t\t\t\t\t\t\t\t\t\t\t\t<label for=\"form-field-name\" class=\"elementor-field-label\">\n\t\t\t\t\t\t\t\tNimi\t\t\t\t\t\t\t<\/label>\n\t\t\t\t\t\t\t\t\t\t\t\t\t\t<input size=\"1\" type=\"text\" name=\"form_fields[name]\" id=\"form-field-name\" class=\"elementor-field elementor-size-sm  elementor-field-textual\" placeholder=\"Nimi\" required=\"required\">\n\t\t\t\t\t\t\t\t\t\t\t<\/div>\n\t\t\t\t\t\t\t\t<div class=\"elementor-field-type-email elementor-field-group elementor-column elementor-field-group-email elementor-col-50 elementor-field-required elementor-mark-required\">\n\t\t\t\t\t\t\t\t\t\t\t\t<label for=\"form-field-email\" class=\"elementor-field-label\">\n\t\t\t\t\t\t\t\tS\u00e4hk\u00f6posti\t\t\t\t\t\t\t<\/label>\n\t\t\t\t\t\t\t\t\t\t\t\t\t\t<input size=\"1\" type=\"email\" name=\"form_fields[email]\" id=\"form-field-email\" class=\"elementor-field elementor-size-sm  elementor-field-textual\" placeholder=\"S\u00e4hk\u00f6posti\" required=\"required\">\n\t\t\t\t\t\t\t\t\t\t\t<\/div>\n\t\t\t\t\t\t\t\t<div class=\"elementor-field-type-text elementor-field-group elementor-column elementor-field-group-field_e451294 elementor-col-50 elementor-field-required elementor-mark-required\">\n\t\t\t\t\t\t\t\t\t\t\t\t<label for=\"form-field-field_e451294\" class=\"elementor-field-label\">\n\t\t\t\t\t\t\t\tPuhelinnumero\t\t\t\t\t\t\t<\/label>\n\t\t\t\t\t\t\t\t\t\t\t\t\t\t<input size=\"1\" type=\"text\" name=\"form_fields[field_e451294]\" id=\"form-field-field_e451294\" class=\"elementor-field elementor-size-sm  elementor-field-textual\" placeholder=\"Puhelinnumero\" required=\"required\">\n\t\t\t\t\t\t\t\t\t\t\t<\/div>\n\t\t\t\t\t\t\t\t<div class=\"elementor-field-type-checkbox elementor-field-group elementor-column elementor-field-group-yhteydenottopyynto elementor-col-100\">\n\t\t\t\t\t<div class=\"elementor-field-subgroup  \"><span class=\"elementor-field-option\"><input type=\"checkbox\" value=\"Odotan suunnittelijan yhteydenottoa\" id=\"form-field-yhteydenottopyynto-0\" name=\"form_fields[yhteydenottopyynto]\"> <label for=\"form-field-yhteydenottopyynto-0\">Odotan suunnittelijan yhteydenottoa<\/label><\/span><\/div>\t\t\t\t<\/div>\n\t\t\t\t\t\t\t\t<div class=\"elementor-field-type-textarea elementor-field-group elementor-column elementor-field-group-message elementor-col-100\">\n\t\t\t\t\t\t\t\t\t\t\t\t<label for=\"form-field-message\" class=\"elementor-field-label\">\n\t\t\t\t\t\t\t\tViesti\t\t\t\t\t\t\t<\/label>\n\t\t\t\t\t\t<textarea class=\"elementor-field-textual elementor-field  elementor-size-sm\" name=\"form_fields[message]\" id=\"form-field-message\" rows=\"4\" placeholder=\"Mit\u00e4 toivot suunnittelijalta?\"><\/textarea>\t\t\t\t<\/div>\n\t\t\t\t\t\t\t\t<div class=\"elementor-field-type-acceptance elementor-field-group elementor-column elementor-field-group-field_5a9175d elementor-col-100 elementor-field-required elementor-mark-required\">\n\t\t\t\t\t\t\t<div class=\"elementor-field-subgroup\">\n\t\t\t<span class=\"elementor-field-option\">\n\t\t\t\t<input type=\"checkbox\" name=\"form_fields[field_5a9175d]\" id=\"form-field-field_5a9175d\" class=\"elementor-field elementor-size-sm  elementor-acceptance-field\" required=\"required\">\n\t\t\t\t<label for=\"form-field-field_5a9175d\">Annan Ehtalle luvan viestint\u00e4\u00e4n ja tietojeni k\u00e4sittelyyn <a style=\"color:#fff; text-decoration:underline;\" href=\"\/tietosuojaseloste\/\">tietosuojaselosteen<\/a> mukaisesti <span style=\"color:#ff8371;\">*<\/a><\/label>\t\t\t<\/span>\n\t\t<\/div>\n\t\t\t\t\t\t<\/div>\n\t\t\t\t\t\t\t\t<div class=\"elementor-field-group elementor-column elementor-field-type-submit elementor-col-100 e-form__buttons\">\n\t\t\t\t\t<button class=\"elementor-button elementor-size-sm\" type=\"submit\">\n\t\t\t\t\t\t<span class=\"elementor-button-content-wrapper\">\n\t\t\t\t\t\t\t\t\t\t\t\t\t\t\t\t\t\t\t\t\t\t<span class=\"elementor-button-text\">Lataa esite<\/span>\n\t\t\t\t\t\t\t\t\t\t\t\t\t<\/span>\n\t\t\t\t\t<\/button>\n\t\t\t\t<\/div>\n\t\t\t<\/div>\n\t\t<\/form>\n\t\t\t\t\t\t<\/div>\n\t\t\t\t<\/div>\n\t\t\t\t\t<\/div>\n\t\t\t\t<\/div>\n\t\t\t\t<\/div>\n\t\t\t\t<\/div>\n\t\t\t\t<\/div>\n\t\t","protected":false},"excerpt":{"rendered":"<p>Ehta mallistoesite Lataa maksuton 52-sivuinen mallistoesitteemme. Lataa esite<\/p>","protected":false},"author":1,"featured_media":0,"parent":0,"menu_order":0,"comment_status":"closed","ping_status":"closed","template":"","meta":{"_jet_sm_ready_style":"","_jet_sm_style":"","_jet_sm_controls_values":"","_jet_sm_fonts_collection":"","_jet_sm_fonts_links":"","footnotes":""},"class_list":["post-14218","page","type-page","status-publish","hentry"],"yoast_head":"<!-- This site is optimized with the Yoast SEO Premium plugin v27.2 (Yoast SEO v27.2) - https:\/\/yoast.com\/product\/yoast-seo-premium-wordpress\/ -->\n<title>Esite - Ehta<\/title>\n<meta name=\"robots\" content=\"index, follow, max-snippet:-1, max-image-preview:large, max-video-preview:-1\" \/>\n<link rel=\"canonical\" href=\"https:\/\/www.ehta.fi\/sv\/esite\/\" \/>\n<meta property=\"og:locale\" content=\"sv_SE\" \/>\n<meta property=\"og:type\" content=\"article\" \/>\n<meta property=\"og:title\" content=\"Esite\" \/>\n<meta property=\"og:description\" content=\"Ehta mallistoesite Lataa maksuton 52-sivuinen mallistoesitteemme. Lataa esite\" \/>\n<meta property=\"og:url\" content=\"https:\/\/www.ehta.fi\/sv\/esite\/\" \/>\n<meta property=\"og:site_name\" content=\"Ehta\" \/>\n<meta property=\"article:modified_time\" content=\"2026-03-12T15:44:07+00:00\" \/>\n<meta property=\"og:image\" content=\"https:\/\/www.ehta.fi\/wp-content\/uploads\/2024\/03\/f5c10FBJX-e1711809756161.png\" \/>\n\t<meta property=\"og:image:width\" content=\"1200\" \/>\n\t<meta property=\"og:image:height\" content=\"1000\" \/>\n\t<meta property=\"og:image:type\" content=\"image\/png\" \/>\n<meta name=\"twitter:card\" content=\"summary_large_image\" \/>\n<meta name=\"twitter:label1\" content=\"Ber\u00e4knad l\u00e4stid\" \/>\n\t<meta name=\"twitter:data1\" content=\"1 minut\" \/>\n<script type=\"application\/ld+json\" class=\"yoast-schema-graph\">{\"@context\":\"https:\/\/schema.org\",\"@graph\":[{\"@type\":\"WebPage\",\"@id\":\"https:\/\/www.ehta.fi\/esite\/\",\"url\":\"https:\/\/www.ehta.fi\/esite\/\",\"name\":\"Esite - Ehta\",\"isPartOf\":{\"@id\":\"https:\/\/www.ehta.fi\/#website\"},\"primaryImageOfPage\":{\"@id\":\"https:\/\/www.ehta.fi\/esite\/#primaryimage\"},\"image\":{\"@id\":\"https:\/\/www.ehta.fi\/esite\/#primaryimage\"},\"thumbnailUrl\":\"https:\/\/www.ehta.fi\/wp-content\/uploads\/2024\/03\/f5c10FBJX-e1711809756161-1024x853.png\",\"datePublished\":\"2024-03-30T14:52:11+00:00\",\"dateModified\":\"2026-03-12T15:44:07+00:00\",\"breadcrumb\":{\"@id\":\"https:\/\/www.ehta.fi\/esite\/#breadcrumb\"},\"inLanguage\":\"sv-SE\",\"potentialAction\":[{\"@type\":\"ReadAction\",\"target\":[\"https:\/\/www.ehta.fi\/esite\/\"]}]},{\"@type\":\"ImageObject\",\"inLanguage\":\"sv-SE\",\"@id\":\"https:\/\/www.ehta.fi\/esite\/#primaryimage\",\"url\":\"https:\/\/www.ehta.fi\/wp-content\/uploads\/2024\/03\/f5c10FBJX-e1711809756161-1024x853.png\",\"contentUrl\":\"https:\/\/www.ehta.fi\/wp-content\/uploads\/2024\/03\/f5c10FBJX-e1711809756161-1024x853.png\"},{\"@type\":\"BreadcrumbList\",\"@id\":\"https:\/\/www.ehta.fi\/esite\/#breadcrumb\",\"itemListElement\":[{\"@type\":\"ListItem\",\"position\":1,\"name\":\"Home\",\"item\":\"https:\/\/www.ehta.fi\/\"},{\"@type\":\"ListItem\",\"position\":2,\"name\":\"Esite\"}]},{\"@type\":\"WebSite\",\"@id\":\"https:\/\/www.ehta.fi\/#website\",\"url\":\"https:\/\/www.ehta.fi\/\",\"name\":\"Ehta\",\"description\":\"Pihasaunat, saunam\u00f6kit, m\u00f6kit ja aitat\",\"potentialAction\":[{\"@type\":\"SearchAction\",\"target\":{\"@type\":\"EntryPoint\",\"urlTemplate\":\"https:\/\/www.ehta.fi\/?s={search_term_string}\"},\"query-input\":{\"@type\":\"PropertyValueSpecification\",\"valueRequired\":true,\"valueName\":\"search_term_string\"}}],\"inLanguage\":\"sv-SE\"}]}<\/script>\n<!-- \/ Yoast SEO Premium plugin. -->","yoast_head_json":{"title":"Esite - Ehta","robots":{"index":"index","follow":"follow","max-snippet":"max-snippet:-1","max-image-preview":"max-image-preview:large","max-video-preview":"max-video-preview:-1"},"canonical":"https:\/\/www.ehta.fi\/sv\/esite\/","og_locale":"sv_SE","og_type":"article","og_title":"Esite","og_description":"Ehta mallistoesite Lataa maksuton 52-sivuinen mallistoesitteemme. Lataa esite","og_url":"https:\/\/www.ehta.fi\/sv\/esite\/","og_site_name":"Ehta","article_modified_time":"2026-03-12T15:44:07+00:00","og_image":[{"width":1200,"height":1000,"url":"https:\/\/www.ehta.fi\/wp-content\/uploads\/2024\/03\/f5c10FBJX-e1711809756161.png","type":"image\/png"}],"twitter_card":"summary_large_image","twitter_misc":{"Ber\u00e4knad l\u00e4stid":"1 minut"},"schema":{"@context":"https:\/\/schema.org","@graph":[{"@type":"WebPage","@id":"https:\/\/www.ehta.fi\/esite\/","url":"https:\/\/www.ehta.fi\/esite\/","name":"Esite - Ehta","isPartOf":{"@id":"https:\/\/www.ehta.fi\/#website"},"primaryImageOfPage":{"@id":"https:\/\/www.ehta.fi\/esite\/#primaryimage"},"image":{"@id":"https:\/\/www.ehta.fi\/esite\/#primaryimage"},"thumbnailUrl":"https:\/\/www.ehta.fi\/wp-content\/uploads\/2024\/03\/f5c10FBJX-e1711809756161-1024x853.png","datePublished":"2024-03-30T14:52:11+00:00","dateModified":"2026-03-12T15:44:07+00:00","breadcrumb":{"@id":"https:\/\/www.ehta.fi\/esite\/#breadcrumb"},"inLanguage":"sv-SE","potentialAction":[{"@type":"ReadAction","target":["https:\/\/www.ehta.fi\/esite\/"]}]},{"@type":"ImageObject","inLanguage":"sv-SE","@id":"https:\/\/www.ehta.fi\/esite\/#primaryimage","url":"https:\/\/www.ehta.fi\/wp-content\/uploads\/2024\/03\/f5c10FBJX-e1711809756161-1024x853.png","contentUrl":"https:\/\/www.ehta.fi\/wp-content\/uploads\/2024\/03\/f5c10FBJX-e1711809756161-1024x853.png"},{"@type":"BreadcrumbList","@id":"https:\/\/www.ehta.fi\/esite\/#breadcrumb","itemListElement":[{"@type":"ListItem","position":1,"name":"Home","item":"https:\/\/www.ehta.fi\/"},{"@type":"ListItem","position":2,"name":"Esite"}]},{"@type":"WebSite","@id":"https:\/\/www.ehta.fi\/#website","url":"https:\/\/www.ehta.fi\/","name":"\u00c4kta","description":"Pihasaunat, saunam\u00f6kit, m\u00f6kit ja aitat","potentialAction":[{"@type":"SearchAction","target":{"@type":"EntryPoint","urlTemplate":"https:\/\/www.ehta.fi\/?s={search_term_string}"},"query-input":{"@type":"PropertyValueSpecification","valueRequired":true,"valueName":"search_term_string"}}],"inLanguage":"sv-SE"}]}},"_links":{"self":[{"href":"https:\/\/www.ehta.fi\/sv\/wp-json\/wp\/v2\/pages\/14218","targetHints":{"allow":["GET"]}}],"collection":[{"href":"https:\/\/www.ehta.fi\/sv\/wp-json\/wp\/v2\/pages"}],"about":[{"href":"https:\/\/www.ehta.fi\/sv\/wp-json\/wp\/v2\/types\/page"}],"author":[{"embeddable":true,"href":"https:\/\/www.ehta.fi\/sv\/wp-json\/wp\/v2\/users\/1"}],"replies":[{"embeddable":true,"href":"https:\/\/www.ehta.fi\/sv\/wp-json\/wp\/v2\/comments?post=14218"}],"version-history":[{"count":124,"href":"https:\/\/www.ehta.fi\/sv\/wp-json\/wp\/v2\/pages\/14218\/revisions"}],"predecessor-version":[{"id":21643,"href":"https:\/\/www.ehta.fi\/sv\/wp-json\/wp\/v2\/pages\/14218\/revisions\/21643"}],"wp:attachment":[{"href":"https:\/\/www.ehta.fi\/sv\/wp-json\/wp\/v2\/media?parent=14218"}],"curies":[{"name":"wp","href":"https:\/\/api.w.org\/{rel}","templated":true}]}}