{"id":14228,"date":"2024-03-30T17:26:03","date_gmt":"2024-03-30T15:26:03","guid":{"rendered":"https:\/\/www.ehta.fi\/?page_id=14228"},"modified":"2024-03-30T17:27:13","modified_gmt":"2024-03-30T15:27:13","slug":"tietosuojaseloste","status":"publish","type":"page","link":"https:\/\/www.ehta.fi\/sv\/tietosuojaseloste\/","title":{"rendered":"Integritetspolicy"},"content":{"rendered":"<div data-elementor-type=\"wp-page\" data-elementor-id=\"14228\" class=\"elementor elementor-14228\" data-elementor-post-type=\"page\">\n\t\t\t\t<div class=\"elementor-element elementor-element-07a86f1 e-flex e-con-boxed e-con e-parent\" data-id=\"07a86f1\" data-element_type=\"container\" data-e-type=\"container\" data-settings=\"{&quot;jet_parallax_layout_list&quot;:[]}\">\n\t\t\t\t\t<div class=\"e-con-inner\">\n\t\t\t\t<div class=\"elementor-element elementor-element-2090b30 elementor-widget elementor-widget-heading\" data-id=\"2090b30\" data-element_type=\"widget\" data-e-type=\"widget\" data-widget_type=\"heading.default\">\n\t\t\t\t<div class=\"elementor-widget-container\">\n\t\t\t\t\t<h1 class=\"elementor-heading-title elementor-size-default\">Integritetspolicy<\/h1>\t\t\t\t<\/div>\n\t\t\t\t<\/div>\n\t\t\t\t<div class=\"elementor-element elementor-element-f7ed72b elementor-widget elementor-widget-text-editor\" data-id=\"f7ed72b\" data-element_type=\"widget\" data-e-type=\"widget\" data-widget_type=\"text-editor.default\">\n\t\t\t\t<div class=\"elementor-widget-container\">\n\t\t\t\t\t\t\t\t\t<p>T\u00e4m\u00e4 on Ehta Group Oy henkil\u00f6tietolain (10 ja 24 \u00a7) ja EU:n yleisen tietosuoja-asetuksen (GDPR) mukainen rekisteri- ja tietosuojaseloste. Laadittu 13.3.2021. Viimeisin muutos 13.3.2021<\/p><p><strong>1. Rekisterinpit\u00e4j\u00e4<br \/><\/strong>Ehta Group Oy, Teollisuustie 16, 69950 Perho<\/p><p><strong>2. Rekisterist\u00e4 vastaava yhteyshenkil\u00f6<br \/><\/strong>Ville Laitila, 045-6786785<\/p><p><strong>3. Rekisterin nimi<br \/><\/strong>Ehta Group Oy markkinointi- ja asiakasrekisteri<\/p><p><strong>4. Henkil\u00f6tietojen k\u00e4sittelyn tarkoitus<br \/><\/strong>Henkil\u00f6tietojen k\u00e4sittelyn tarkoitus on palveluiden toimittaminen ja kehitt\u00e4minen vastaamaan paremmin asiakastarpeita, sopimusvelvoitteiden ja asiakaslupausten t\u00e4ytt\u00e4minen, asiakassuhteen hoitaminen ja s\u00e4hk\u00f6inen markkinointi.<\/p><p><strong>5. Rekisterin tietosis\u00e4lt\u00f6<br \/><\/strong>Rekisteriin tallennettavia tietoja ovat: henkil\u00f6n nimi, yhteystiedot (puhelinnumero, s\u00e4hk\u00f6postiosoite, osoite), tiedot tilatuista palveluista ja niiden muutoksista, laskutustiedot, muut asiakassuhteeseen ja tilattuihin palveluihin liittyv\u00e4t tiedot.<\/p><p>Tietoja s\u00e4ilytet\u00e4\u00e4n niin kauan kun k\u00e4ytt\u00f6tarkoituksen vuoksi on tarpeellista. Asiakas- ja markkinointirekisteriss\u00e4 olevat henkil\u00f6tiedot poistetaan, kun k\u00e4ytett\u00e4v\u00e4 tieto on tunnistettu vanhentuneeksi tai tavoittamattomaksi.<\/p><p><strong>6. S\u00e4\u00e4nn\u00f6nmukaiset tietol\u00e4hteet<br \/><\/strong>Rekisteriin tallennettavat tiedot saadaan asiakkaalta mm. www-lomakkeilla l\u00e4hetetyist\u00e4 viesteist\u00e4, s\u00e4hk\u00f6postitse, puhelimitse, sosiaalisen median palvelujen kautta, sopimuksista, asiakastapaamisista ja muista tilanteista, joissa asiakas luovuttaa tietojaan.<\/p><p><strong>7. Tietojen s\u00e4\u00e4nn\u00f6nmukaiset luovutukset ja tietojen siirto EU:n tai ETA:n ulkopuolelle<br \/><\/strong>Tietoja ei luovuteta s\u00e4\u00e4nn\u00f6nmukaisesti muille tahoille. Tietoja voidaan julkaista silt\u00e4 osin kuin niin on sovittu asiakkaan kanssa. Tietoja voidaan siirt\u00e4\u00e4 tai luovuttaa kolmansille osapuolille Ehta Group Oy:t\u00e4 koskeviin markkinointi- tai mielipidetutkimustarkoituksiin.<\/p><p>Tietoja ei siirret\u00e4 EU:n tai ETA:n ulkopuolelle.<\/p><p><strong>8. Rekisterin suojauksen periaatteet<br \/><\/strong>Rekisterin k\u00e4sittelyss\u00e4 noudatetaan huolellisuutta ja tietoj\u00e4rjestelmien avulla k\u00e4sitelt\u00e4v\u00e4t tiedot suojataan asianmukaisesti. Kun rekisteritietoja s\u00e4ilytet\u00e4\u00e4n Internet-palvelimilla, niiden laitteiston fyysisest\u00e4 ja digitaalisesta tietoturvasta huolehditaan asiaankuuluvasti. Rekisterinpit\u00e4j\u00e4 huolehtii siit\u00e4, ett\u00e4 tallennettuja tietoja sek\u00e4 palvelimien k\u00e4ytt\u00f6oikeuksia ja muita henkil\u00f6tietojen turvallisuuden kannalta kriittisi\u00e4 tietoja k\u00e4sitell\u00e4\u00e4n luottamuksellisesti ja vain niiden ty\u00f6ntekij\u00f6iden toimesta, joiden ty\u00f6nkuvaan se kuuluu.<\/p><p><strong>9. Tarkastusoikeus ja oikeus vaatia tiedon korjaamista<br \/><\/strong>Jokaisella rekisteriss\u00e4 olevalla henkil\u00f6ll\u00e4 on oikeus tarkistaa rekisteriin tallennetut tietonsa ja vaatia mahdollisen virheellisen tiedon korjaamista tai puutteellisen tiedon t\u00e4ydent\u00e4mist\u00e4. Mik\u00e4li henkil\u00f6 haluaa tarkistaa h\u00e4nest\u00e4 tallennetut tiedot tai vaatia niihin oikaisua, pyynt\u00f6 tulee l\u00e4hett\u00e4\u00e4 kirjallisesti rekisterinpit\u00e4j\u00e4lle. Rekisterinpit\u00e4j\u00e4 voi pyyt\u00e4\u00e4 tarvittaessa pyynn\u00f6n esitt\u00e4j\u00e4\u00e4 todistamaan henkil\u00f6llisyytens\u00e4. Rekisterinpit\u00e4j\u00e4 vastaa asiakkaalle EU:n tietosuoja-asetuksessa s\u00e4\u00e4detyss\u00e4 ajassa (p\u00e4\u00e4s\u00e4\u00e4nt\u00f6isesti kuukauden kuluessa).<\/p><p><strong>10. Muut henkil\u00f6tietojen k\u00e4sittelyyn liittyv\u00e4t oikeudet<br \/><\/strong>Rekisteriss\u00e4 olevalla henkil\u00f6ll\u00e4 on oikeus pyyt\u00e4\u00e4 h\u00e4nt\u00e4 koskevien henkil\u00f6tietojen poistamiseen rekisterist\u00e4 (\u201coikeus tulla unohdetuksi\u201d). Niin ik\u00e4\u00e4n rekister\u00f6idyill\u00e4 on muut EU:n yleisen tietosuoja-asetuksen mukaiset oikeudet kuten henkil\u00f6tietojen k\u00e4sittelyn rajoittaminen tietyiss\u00e4 tilanteissa. Pyynn\u00f6t tulee l\u00e4hett\u00e4\u00e4 kirjallisesti rekisterinpit\u00e4j\u00e4lle. Rekisterinpit\u00e4j\u00e4 voi pyyt\u00e4\u00e4 tarvittaessa pyynn\u00f6n esitt\u00e4j\u00e4\u00e4 todistamaan henkil\u00f6llisyytens\u00e4. Rekisterinpit\u00e4j\u00e4 vastaa asiakkaalle EU:n tietosuoja-asetuksessa s\u00e4\u00e4detyss\u00e4 ajassa (p\u00e4\u00e4s\u00e4\u00e4nt\u00f6isesti kuukauden kuluessa).<\/p>\t\t\t\t\t\t\t\t<\/div>\n\t\t\t\t<\/div>\n\t\t\t\t\t<\/div>\n\t\t\t\t<\/div>\n\t\t\t\t<\/div>","protected":false},"excerpt":{"rendered":"<p>Tietosuojaseloste T\u00e4m\u00e4 on Ehta Group Oy henkil\u00f6tietolain (10 ja 24 \u00a7) ja EU:n yleisen tietosuoja-asetuksen (GDPR) mukainen rekisteri- ja tietosuojaseloste. Laadittu 13.3.2021. Viimeisin muutos 13.3.2021 1. Rekisterinpit\u00e4j\u00e4Ehta Group Oy, Teollisuustie 16, 69950 Perho 2. Rekisterist\u00e4 vastaava yhteyshenkil\u00f6Ville Laitila, 045-6786785 3. Rekisterin nimiEhta Group Oy markkinointi- ja asiakasrekisteri 4. Henkil\u00f6tietojen k\u00e4sittelyn tarkoitusHenkil\u00f6tietojen k\u00e4sittelyn tarkoitus on palveluiden [&hellip;]<\/p>\n","protected":false},"author":1,"featured_media":0,"parent":0,"menu_order":0,"comment_status":"closed","ping_status":"closed","template":"","meta":{"_jet_sm_ready_style":"","_jet_sm_style":"","_jet_sm_controls_values":"","_jet_sm_fonts_collection":"","_jet_sm_fonts_links":"","footnotes":""},"class_list":["post-14228","page","type-page","status-publish","hentry"],"yoast_head":"<!-- This site is optimized with the Yoast SEO Premium plugin v27.2 (Yoast SEO v27.2) - https:\/\/yoast.com\/product\/yoast-seo-premium-wordpress\/ -->\n<title>Tietosuojaseloste - Ehta<\/title>\n<meta name=\"robots\" content=\"index, follow, max-snippet:-1, max-image-preview:large, max-video-preview:-1\" \/>\n<link rel=\"canonical\" href=\"https:\/\/www.ehta.fi\/sv\/tietosuojaseloste\/\" \/>\n<meta property=\"og:locale\" content=\"sv_SE\" \/>\n<meta property=\"og:type\" content=\"article\" \/>\n<meta property=\"og:title\" content=\"Tietosuojaseloste\" \/>\n<meta property=\"og:description\" content=\"Tietosuojaseloste T\u00e4m\u00e4 on Ehta Group Oy henkil\u00f6tietolain (10 ja 24 \u00a7) ja EU:n yleisen tietosuoja-asetuksen (GDPR) mukainen rekisteri- ja tietosuojaseloste. Laadittu 13.3.2021. Viimeisin muutos 13.3.2021 1. Rekisterinpit\u00e4j\u00e4Ehta Group Oy, Teollisuustie 16, 69950 Perho 2. Rekisterist\u00e4 vastaava yhteyshenkil\u00f6Ville Laitila, 045-6786785 3. Rekisterin nimiEhta Group Oy markkinointi- ja asiakasrekisteri 4. Henkil\u00f6tietojen k\u00e4sittelyn tarkoitusHenkil\u00f6tietojen k\u00e4sittelyn tarkoitus on palveluiden [&hellip;]\" \/>\n<meta property=\"og:url\" content=\"https:\/\/www.ehta.fi\/sv\/tietosuojaseloste\/\" \/>\n<meta property=\"og:site_name\" content=\"Ehta\" \/>\n<meta property=\"article:modified_time\" content=\"2024-03-30T15:27:13+00:00\" \/>\n<meta name=\"twitter:card\" content=\"summary_large_image\" \/>\n<meta name=\"twitter:label1\" content=\"Ber\u00e4knad l\u00e4stid\" \/>\n\t<meta name=\"twitter:data1\" content=\"2 minuter\" \/>\n<script type=\"application\/ld+json\" class=\"yoast-schema-graph\">{\"@context\":\"https:\/\/schema.org\",\"@graph\":[{\"@type\":\"WebPage\",\"@id\":\"https:\/\/www.ehta.fi\/tietosuojaseloste\/\",\"url\":\"https:\/\/www.ehta.fi\/tietosuojaseloste\/\",\"name\":\"Tietosuojaseloste - Ehta\",\"isPartOf\":{\"@id\":\"https:\/\/www.ehta.fi\/#website\"},\"datePublished\":\"2024-03-30T15:26:03+00:00\",\"dateModified\":\"2024-03-30T15:27:13+00:00\",\"breadcrumb\":{\"@id\":\"https:\/\/www.ehta.fi\/tietosuojaseloste\/#breadcrumb\"},\"inLanguage\":\"sv-SE\",\"potentialAction\":[{\"@type\":\"ReadAction\",\"target\":[\"https:\/\/www.ehta.fi\/tietosuojaseloste\/\"]}]},{\"@type\":\"BreadcrumbList\",\"@id\":\"https:\/\/www.ehta.fi\/tietosuojaseloste\/#breadcrumb\",\"itemListElement\":[{\"@type\":\"ListItem\",\"position\":1,\"name\":\"Home\",\"item\":\"https:\/\/www.ehta.fi\/\"},{\"@type\":\"ListItem\",\"position\":2,\"name\":\"Tietosuojaseloste\"}]},{\"@type\":\"WebSite\",\"@id\":\"https:\/\/www.ehta.fi\/#website\",\"url\":\"https:\/\/www.ehta.fi\/\",\"name\":\"Ehta\",\"description\":\"Pihasaunat, saunam\u00f6kit, m\u00f6kit ja aitat\",\"potentialAction\":[{\"@type\":\"SearchAction\",\"target\":{\"@type\":\"EntryPoint\",\"urlTemplate\":\"https:\/\/www.ehta.fi\/?s={search_term_string}\"},\"query-input\":{\"@type\":\"PropertyValueSpecification\",\"valueRequired\":true,\"valueName\":\"search_term_string\"}}],\"inLanguage\":\"sv-SE\"}]}<\/script>\n<!-- \/ Yoast SEO Premium plugin. -->","yoast_head_json":{"title":"Tietosuojaseloste - Ehta","robots":{"index":"index","follow":"follow","max-snippet":"max-snippet:-1","max-image-preview":"max-image-preview:large","max-video-preview":"max-video-preview:-1"},"canonical":"https:\/\/www.ehta.fi\/sv\/tietosuojaseloste\/","og_locale":"sv_SE","og_type":"article","og_title":"Tietosuojaseloste","og_description":"Tietosuojaseloste T\u00e4m\u00e4 on Ehta Group Oy henkil\u00f6tietolain (10 ja 24 \u00a7) ja EU:n yleisen tietosuoja-asetuksen (GDPR) mukainen rekisteri- ja tietosuojaseloste. Laadittu 13.3.2021. Viimeisin muutos 13.3.2021 1. Rekisterinpit\u00e4j\u00e4Ehta Group Oy, Teollisuustie 16, 69950 Perho 2. Rekisterist\u00e4 vastaava yhteyshenkil\u00f6Ville Laitila, 045-6786785 3. Rekisterin nimiEhta Group Oy markkinointi- ja asiakasrekisteri 4. Henkil\u00f6tietojen k\u00e4sittelyn tarkoitusHenkil\u00f6tietojen k\u00e4sittelyn tarkoitus on palveluiden [&hellip;]","og_url":"https:\/\/www.ehta.fi\/sv\/tietosuojaseloste\/","og_site_name":"Ehta","article_modified_time":"2024-03-30T15:27:13+00:00","twitter_card":"summary_large_image","twitter_misc":{"Ber\u00e4knad l\u00e4stid":"2 minuter"},"schema":{"@context":"https:\/\/schema.org","@graph":[{"@type":"WebPage","@id":"https:\/\/www.ehta.fi\/tietosuojaseloste\/","url":"https:\/\/www.ehta.fi\/tietosuojaseloste\/","name":"Tietosuojaseloste - Ehta","isPartOf":{"@id":"https:\/\/www.ehta.fi\/#website"},"datePublished":"2024-03-30T15:26:03+00:00","dateModified":"2024-03-30T15:27:13+00:00","breadcrumb":{"@id":"https:\/\/www.ehta.fi\/tietosuojaseloste\/#breadcrumb"},"inLanguage":"sv-SE","potentialAction":[{"@type":"ReadAction","target":["https:\/\/www.ehta.fi\/tietosuojaseloste\/"]}]},{"@type":"BreadcrumbList","@id":"https:\/\/www.ehta.fi\/tietosuojaseloste\/#breadcrumb","itemListElement":[{"@type":"ListItem","position":1,"name":"Home","item":"https:\/\/www.ehta.fi\/"},{"@type":"ListItem","position":2,"name":"Tietosuojaseloste"}]},{"@type":"WebSite","@id":"https:\/\/www.ehta.fi\/#website","url":"https:\/\/www.ehta.fi\/","name":"\u00c4kta","description":"Pihasaunat, saunam\u00f6kit, m\u00f6kit ja aitat","potentialAction":[{"@type":"SearchAction","target":{"@type":"EntryPoint","urlTemplate":"https:\/\/www.ehta.fi\/?s={search_term_string}"},"query-input":{"@type":"PropertyValueSpecification","valueRequired":true,"valueName":"search_term_string"}}],"inLanguage":"sv-SE"}]}},"_links":{"self":[{"href":"https:\/\/www.ehta.fi\/sv\/wp-json\/wp\/v2\/pages\/14228","targetHints":{"allow":["GET"]}}],"collection":[{"href":"https:\/\/www.ehta.fi\/sv\/wp-json\/wp\/v2\/pages"}],"about":[{"href":"https:\/\/www.ehta.fi\/sv\/wp-json\/wp\/v2\/types\/page"}],"author":[{"embeddable":true,"href":"https:\/\/www.ehta.fi\/sv\/wp-json\/wp\/v2\/users\/1"}],"replies":[{"embeddable":true,"href":"https:\/\/www.ehta.fi\/sv\/wp-json\/wp\/v2\/comments?post=14228"}],"version-history":[{"count":4,"href":"https:\/\/www.ehta.fi\/sv\/wp-json\/wp\/v2\/pages\/14228\/revisions"}],"predecessor-version":[{"id":14232,"href":"https:\/\/www.ehta.fi\/sv\/wp-json\/wp\/v2\/pages\/14228\/revisions\/14232"}],"wp:attachment":[{"href":"https:\/\/www.ehta.fi\/sv\/wp-json\/wp\/v2\/media?parent=14228"}],"curies":[{"name":"wp","href":"https:\/\/api.w.org\/{rel}","templated":true}]}}