{"id":14317,"date":"2024-04-02T12:49:45","date_gmt":"2024-04-02T09:49:45","guid":{"rendered":"https:\/\/www.ehta.fi\/?page_id=14317"},"modified":"2025-08-05T14:18:20","modified_gmt":"2025-08-05T11:18:20","slug":"materiaalitoimitus","status":"publish","type":"page","link":"https:\/\/www.ehta.fi\/sv\/materiaalitoimitus\/","title":{"rendered":"Materialleverans"},"content":{"rendered":"<div data-elementor-type=\"wp-page\" data-elementor-id=\"14317\" class=\"elementor elementor-14317\" data-elementor-post-type=\"page\">\n\t\t\t\t<div class=\"elementor-element elementor-element-9cbeb72 e-con-full e-flex e-con e-parent\" data-id=\"9cbeb72\" data-element_type=\"container\" data-e-type=\"container\" data-settings=\"{&quot;jet_parallax_layout_list&quot;:[]}\">\n\t\t\t\t<div class=\"elementor-element elementor-element-690c637 elementor-widget elementor-widget-image\" data-id=\"690c637\" data-element_type=\"widget\" data-e-type=\"widget\" data-widget_type=\"image.default\">\n\t\t\t\t<div class=\"elementor-widget-container\">\n\t\t\t\t\t\t\t\t\t\t\t\t\t\t\t<img fetchpriority=\"high\" decoding=\"async\" width=\"2000\" height=\"1334\" src=\"https:\/\/www.ehta.fi\/wp-content\/uploads\/2024\/04\/New-Sauna_-26-min.jpg\" class=\"attachment-full size-full wp-image-14322\" alt=\"Ehta materiaalitoimitus\" srcset=\"https:\/\/www.ehta.fi\/wp-content\/uploads\/2024\/04\/New-Sauna_-26-min.jpg 2000w, https:\/\/www.ehta.fi\/wp-content\/uploads\/2024\/04\/New-Sauna_-26-min-300x200.jpg 300w, https:\/\/www.ehta.fi\/wp-content\/uploads\/2024\/04\/New-Sauna_-26-min-1024x683.jpg 1024w, https:\/\/www.ehta.fi\/wp-content\/uploads\/2024\/04\/New-Sauna_-26-min-768x512.jpg 768w, https:\/\/www.ehta.fi\/wp-content\/uploads\/2024\/04\/New-Sauna_-26-min-1536x1025.jpg 1536w, https:\/\/www.ehta.fi\/wp-content\/uploads\/2024\/04\/New-Sauna_-26-min-600x400.jpg 600w\" sizes=\"(max-width: 2000px) 100vw, 2000px\" \/>\t\t\t\t\t\t\t\t\t\t\t\t\t\t\t<\/div>\n\t\t\t\t<\/div>\n\t\t\t\t<\/div>\n\t\t<div class=\"elementor-element elementor-element-f44e6c7 e-con-full e-flex e-con e-parent\" data-id=\"f44e6c7\" data-element_type=\"container\" data-e-type=\"container\" data-settings=\"{&quot;jet_parallax_layout_list&quot;:[]}\">\n\t\t<div class=\"elementor-element elementor-element-1166560 e-flex e-con-boxed e-con e-child\" data-id=\"1166560\" data-element_type=\"container\" data-e-type=\"container\" data-settings=\"{&quot;jet_parallax_layout_list&quot;:[]}\">\n\t\t\t\t\t<div class=\"e-con-inner\">\n\t\t\t\t<div class=\"elementor-element elementor-element-d78bfe6 elementor-widget elementor-widget-heading\" data-id=\"d78bfe6\" data-element_type=\"widget\" data-e-type=\"widget\" data-widget_type=\"heading.default\">\n\t\t\t\t<div class=\"elementor-widget-container\">\n\t\t\t\t\t<h1 class=\"elementor-heading-title elementor-size-default\">Ehta materiaalitoimitus&trade;<\/h1>\t\t\t\t<\/div>\n\t\t\t\t<\/div>\n\t\t\t\t<div class=\"elementor-element elementor-element-023cef8 elementor-widget elementor-widget-text-editor\" data-id=\"023cef8\" data-element_type=\"widget\" data-e-type=\"widget\" data-widget_type=\"text-editor.default\">\n\t\t\t\t<div class=\"elementor-widget-container\">\n\t\t\t\t\t\t\t\t\t<p>Onko kohde saaressa tai haluatko rakentaa itse? Kaikki mallimme ovat saatavilla my\u00f6s tee-se-itse pakettina. Itse kasattava saunapaketti on edullinen ja helppo tapa hankkia oma pihasauna.<\/p>\t\t\t\t\t\t\t\t<\/div>\n\t\t\t\t<\/div>\n\t\t\t\t\t<\/div>\n\t\t\t\t<\/div>\n\t\t\t\t<\/div>\n\t\t<div class=\"elementor-element elementor-element-c9d34d2 e-con-full e-flex e-con e-parent\" data-id=\"c9d34d2\" data-element_type=\"container\" data-e-type=\"container\" data-settings=\"{&quot;jet_parallax_layout_list&quot;:[]}\">\n\t\t<div class=\"elementor-element elementor-element-d810b88 e-flex e-con-boxed e-con e-child\" data-id=\"d810b88\" data-element_type=\"container\" data-e-type=\"container\" data-settings=\"{&quot;background_background&quot;:&quot;classic&quot;,&quot;jet_parallax_layout_list&quot;:[]}\">\n\t\t\t\t\t<div class=\"e-con-inner\">\n\t\t\t\t<div class=\"elementor-element elementor-element-395a801 elementor-widget elementor-widget-heading\" data-id=\"395a801\" data-element_type=\"widget\" data-e-type=\"widget\" data-widget_type=\"heading.default\">\n\t\t\t\t<div class=\"elementor-widget-container\">\n\t\t\t\t\t<h2 class=\"elementor-heading-title elementor-size-default\">Toimitussis\u00e4lt\u00f6<\/h2>\t\t\t\t<\/div>\n\t\t\t\t<\/div>\n\t\t\t\t<div class=\"elementor-element elementor-element-c114d3e elementor-widget elementor-widget-text-editor\" data-id=\"c114d3e\" data-element_type=\"widget\" data-e-type=\"widget\" data-widget_type=\"text-editor.default\">\n\t\t\t\t<div class=\"elementor-widget-container\">\n\t\t\t\t\t\t\t\t\t<p><span style=\"font-weight: 400;\">&#8221;Ei reissuakaan rautakauppaan&#8221;. Ehtan materiaalitoimitus on markkinoiden kattavin ja sis\u00e4lt\u00e4\u00e4 l\u00e4hestulkoon kaiken rakentamiseen tarvittavan materiaalin.<\/span><\/p>\t\t\t\t\t\t\t\t<\/div>\n\t\t\t\t<\/div>\n\t\t<div class=\"elementor-element elementor-element-f954800 e-flex e-con-boxed e-con e-child\" data-id=\"f954800\" data-element_type=\"container\" data-e-type=\"container\" data-settings=\"{&quot;jet_parallax_layout_list&quot;:[]}\">\n\t\t\t\t\t<div class=\"e-con-inner\">\n\t\t<div class=\"elementor-element elementor-element-8de2856 e-con-full e-flex e-con e-child\" data-id=\"8de2856\" data-element_type=\"container\" data-e-type=\"container\" data-settings=\"{&quot;jet_parallax_layout_list&quot;:[]}\">\n\t\t\t\t<div class=\"elementor-element elementor-element-36770e8 elementor-widget elementor-widget-heading\" data-id=\"36770e8\" data-element_type=\"widget\" data-e-type=\"widget\" data-widget_type=\"heading.default\">\n\t\t\t\t<div class=\"elementor-widget-container\">\n\t\t\t\t\t<h4 class=\"elementor-heading-title elementor-size-default\">Timrade v\u00e4ggar<\/h4>\t\t\t\t<\/div>\n\t\t\t\t<\/div>\n\t\t\t\t<div class=\"elementor-element elementor-element-f42cc69 elementor-widget elementor-widget-text-editor\" data-id=\"f42cc69\" data-element_type=\"widget\" data-e-type=\"widget\" data-widget_type=\"text-editor.default\">\n\t\t\t\t<div class=\"elementor-widget-container\">\n\t\t\t\t\t\t\t\t\t<ul><li>Bearbetat lamellvirke 90\u00d7190 mm<\/li><li>G\u00e4ngade st\u00e4nger med tillbeh\u00f6r<\/li><li>Vaarnaruuvit<\/li><li>Paisuva tiivistenauha hirsien v\u00e4liin ja nurkkasalvoksiin<\/li><li>Frukter<\/li><li>Ventilation ventiler och galler<\/li><\/ul>\t\t\t\t\t\t\t\t<\/div>\n\t\t\t\t<\/div>\n\t\t\t\t<div class=\"elementor-element elementor-element-fa6ed27 elementor-widget elementor-widget-heading\" data-id=\"fa6ed27\" data-element_type=\"widget\" data-e-type=\"widget\" data-widget_type=\"heading.default\">\n\t\t\t\t<div class=\"elementor-widget-container\">\n\t\t\t\t\t<h4 class=\"elementor-heading-title elementor-size-default\">F\u00f6nster och d\u00f6rrar<\/h4>\t\t\t\t<\/div>\n\t\t\t\t<\/div>\n\t\t\t\t<div class=\"elementor-element elementor-element-26119e5 elementor-widget elementor-widget-text-editor\" data-id=\"26119e5\" data-element_type=\"widget\" data-e-type=\"widget\" data-widget_type=\"text-editor.default\">\n\t\t\t\t<div class=\"elementor-widget-container\">\n\t\t\t\t\t\t\t\t\t<ul><li>Puualumiini-ikkunat suunnitelman mukaisesti<\/li><li>Ovet suunnitelman mukaisesti<\/li><li>D\u00f6rrhandtag, l\u00e5s till ytterd\u00f6rren<\/li><li>F\u00f6nsterbleck, svart<\/li><li>F\u00f6nster- och d\u00f6rrlister 20\u00d795 mm<\/li><\/ul>\t\t\t\t\t\t\t\t<\/div>\n\t\t\t\t<\/div>\n\t\t\t\t<div class=\"elementor-element elementor-element-843d62b elementor-widget elementor-widget-heading\" data-id=\"843d62b\" data-element_type=\"widget\" data-e-type=\"widget\" data-widget_type=\"heading.default\">\n\t\t\t\t<div class=\"elementor-widget-container\">\n\t\t\t\t\t<h4 class=\"elementor-heading-title elementor-size-default\">Golvet<\/h4>\t\t\t\t<\/div>\n\t\t\t\t<\/div>\n\t\t\t\t<div class=\"elementor-element elementor-element-0ee4395 elementor-widget elementor-widget-text-editor\" data-id=\"0ee4395\" data-element_type=\"widget\" data-e-type=\"widget\" data-widget_type=\"text-editor.default\">\n\t\t\t\t<div class=\"elementor-widget-container\">\n\t\t\t\t\t\t\t\t\t<ul><li aria-level=\"1\">Golvbalkar 48\u00d7173 mm till kapad l\u00e4ngd och balkskor<\/li><li aria-level=\"1\">Isolering 100 mm Finnfoam<\/li><li aria-level=\"1\">Isoleringsst\u00f6tta ribbor och urethan<\/li><li aria-level=\"1\">Golvbr\u00e4da furu spont 28\u00d795<\/li><li aria-level=\"1\"><span style=\"text-align: var(--text-align);\">Golvlister<\/span><\/li><\/ul>\t\t\t\t\t\t\t\t<\/div>\n\t\t\t\t<\/div>\n\t\t\t\t<div class=\"elementor-element elementor-element-8c76ec0 elementor-widget elementor-widget-heading\" data-id=\"8c76ec0\" data-element_type=\"widget\" data-e-type=\"widget\" data-widget_type=\"heading.default\">\n\t\t\t\t<div class=\"elementor-widget-container\">\n\t\t\t\t\t<h4 class=\"elementor-heading-title elementor-size-default\">Tak<\/h4>\t\t\t\t<\/div>\n\t\t\t\t<\/div>\n\t\t\t\t<div class=\"elementor-element elementor-element-8ced601 elementor-widget elementor-widget-text-editor\" data-id=\"8ced601\" data-element_type=\"widget\" data-e-type=\"widget\" data-widget_type=\"text-editor.default\">\n\t\t\t\t<div class=\"elementor-widget-container\">\n\t\t\t\t\t\t\t\t\t<ul><li>Innertak granpanel 14\u00d7120 mm<\/li><li>Foderlister<\/li><li aria-level=\"1\">\u00c5ngsp\u00e4rr och \u00e5ngsp\u00e4rstejp<\/li><li aria-level=\"1\"><span style=\"text-align: var(--text-align);\">Koolausrimor<\/span><\/li><li aria-level=\"1\">Isolering Mineralull 100mm<\/li><li aria-level=\"1\">\u00c5skskydd 48\u00d7173 mm kapad till \u00f6nskad l\u00e4ngd<\/li><li aria-level=\"1\">P\u00e4\u00e4llislankut 48\u00d7123 mm<\/li><li aria-level=\"1\">Underlagsbr\u00e4da f\u00f6r tj\u00e4rpapptak 23 mm<\/li><li aria-level=\"1\">T\u00e4tskikt Kerabit + lim<\/li><li aria-level=\"1\">Takr\u00e4nne- och takfotspl\u00e5tar, svart<\/li><li aria-level=\"1\">Sm\u00e5djursn\u00e4t<\/li><\/ul>\t\t\t\t\t\t\t\t<\/div>\n\t\t\t\t<\/div>\n\t\t\t\t<div class=\"elementor-element elementor-element-0c57d3a elementor-widget elementor-widget-heading\" data-id=\"0c57d3a\" data-element_type=\"widget\" data-e-type=\"widget\" data-widget_type=\"heading.default\">\n\t\t\t\t<div class=\"elementor-widget-container\">\n\t\t\t\t\t<h4 class=\"elementor-heading-title elementor-size-default\">Terassit ja kuistit<\/h4>\t\t\t\t<\/div>\n\t\t\t\t<\/div>\n\t\t\t\t<div class=\"elementor-element elementor-element-f9b66c9 elementor-widget elementor-widget-text-editor\" data-id=\"f9b66c9\" data-element_type=\"widget\" data-e-type=\"widget\" data-widget_type=\"text-editor.default\">\n\t\t\t\t<div class=\"elementor-widget-container\">\n\t\t\t\t\t\t\t\t\t<ul><li>Terrassbr\u00e4da 28\u00d7120 mm brun tryckimpregnerad<\/li><li>Golvbj\u00e4lkar 48\u00d7123 mm<\/li><\/ul>\t\t\t\t\t\t\t\t<\/div>\n\t\t\t\t<\/div>\n\t\t\t\t<\/div>\n\t\t<div class=\"elementor-element elementor-element-81daf90 e-con-full e-flex e-con e-child\" data-id=\"81daf90\" data-element_type=\"container\" data-e-type=\"container\" data-settings=\"{&quot;jet_parallax_layout_list&quot;:[]}\">\n\t\t\t\t<div class=\"elementor-element elementor-element-58ace8a elementor-widget elementor-widget-heading\" data-id=\"58ace8a\" data-element_type=\"widget\" data-e-type=\"widget\" data-widget_type=\"heading.default\">\n\t\t\t\t<div class=\"elementor-widget-container\">\n\t\t\t\t\t<h4 class=\"elementor-heading-title elementor-size-default\">Bastu<\/h4>\t\t\t\t<\/div>\n\t\t\t\t<\/div>\n\t\t\t\t<div class=\"elementor-element elementor-element-7c34e34 elementor-widget elementor-widget-text-editor\" data-id=\"7c34e34\" data-element_type=\"widget\" data-e-type=\"widget\" data-widget_type=\"text-editor.default\">\n\t\t\t\t<div class=\"elementor-widget-container\">\n\t\t\t\t\t\t\t\t\t<ul><li aria-level=\"1\">Kiuas Harvia 16 tai Harvia 20 Pro<\/li><li aria-level=\"1\">Vattentank Jeremias 25 l rund pipbeh\u00e5llare<\/li><li aria-level=\"1\">Bastuns skyddsv\u00e4ggar, skyddspl\u00e5t och bas\u00a0<\/li><li aria-level=\"1\">Pippaket fullst\u00e4ndig<\/li><li aria-level=\"1\">R\u00f6rgenomf\u00f6ring<\/li><li aria-level=\"1\">Bastustenarna<\/li><li aria-level=\"1\">Br\u00e4dor och bastupall granbr\u00e4da 45\u00d7170 mm, skyddsr\u00e4cke<\/li><li aria-level=\"1\">Ventilationsgaller<\/li><li>Alumiinipaperi ja -teippi<\/li><li aria-level=\"1\">Regnvattensr\u00e4nna 75 mm med avlopps\u00f6ppning<\/li><li aria-level=\"1\">\u00c4kta - bastum\u00e4tare<\/li><\/ul>\t\t\t\t\t\t\t\t<\/div>\n\t\t\t\t<\/div>\n\t\t\t\t<div class=\"elementor-element elementor-element-4ee0abe elementor-widget elementor-widget-heading\" data-id=\"4ee0abe\" data-element_type=\"widget\" data-e-type=\"widget\" data-widget_type=\"heading.default\">\n\t\t\t\t<div class=\"elementor-widget-container\">\n\t\t\t\t\t<h4 class=\"elementor-heading-title elementor-size-default\">Kiinnitystarvikkeet<\/h4>\t\t\t\t<\/div>\n\t\t\t\t<\/div>\n\t\t\t\t<div class=\"elementor-element elementor-element-6fb30f6 elementor-widget elementor-widget-text-editor\" data-id=\"6fb30f6\" data-element_type=\"widget\" data-e-type=\"widget\" data-widget_type=\"text-editor.default\">\n\t\t\t\t<div class=\"elementor-widget-container\">\n\t\t\t\t\t\t\t\t\t<ul><li>Terassiruuvit<\/li><li>Terassirungon kiinnitysruuvit rst<\/li><li>Runkonaula 90 mm kattopalkkien kiinnitykseen<\/li><li>Ankkurinaulat palkkikenkien kiinnitykseen<\/li><li>Katon aluslaudoituksen kiinnitysnaula 60 mm<\/li><li>Karmiruuvit<\/li><li>Niitit h\u00f6yrynsulkumuovin ja alumiinipaperin asennukseen<\/li><li>Viimeistelynaulat kattopaneelin ja listojen asennukseen<\/li><li>Kateruuvit katon reunapeltien asennukseen<\/li><li>Ruuvit ikkunapeltien asennukseen<\/li><li>Pinnoitettu ruuvi 120 mm lauteiden kiinnitt\u00e4miseen<\/li><li>Yleisruuvit 90 mm<\/li><\/ul>\t\t\t\t\t\t\t\t<\/div>\n\t\t\t\t<\/div>\n\t\t\t\t<div class=\"elementor-element elementor-element-3f44003 elementor-widget elementor-widget-heading\" data-id=\"3f44003\" data-element_type=\"widget\" data-e-type=\"widget\" data-widget_type=\"heading.default\">\n\t\t\t\t<div class=\"elementor-widget-container\">\n\t\t\t\t\t<h4 class=\"elementor-heading-title elementor-size-default\">Ritningar och instruktioner<\/h4>\t\t\t\t<\/div>\n\t\t\t\t<\/div>\n\t\t\t\t<div class=\"elementor-element elementor-element-9177f7a elementor-widget elementor-widget-text-editor\" data-id=\"9177f7a\" data-element_type=\"widget\" data-e-type=\"widget\" data-widget_type=\"text-editor.default\">\n\t\t\t\t<div class=\"elementor-widget-container\">\n\t\t\t\t\t\t\t\t\t<ul><li style=\"font-weight: 400;\" aria-level=\"1\"><span style=\"font-weight: 400;\">Huvudvyer (Fasadvy, planvy, sektionsvy)<\/span><\/li><li style=\"font-weight: 400;\" aria-level=\"1\"><span style=\"font-weight: 400;\">Grundritning<\/span><\/li><li aria-level=\"1\">Arbetsbeskrivningar<\/li><li style=\"font-weight: 400;\" aria-level=\"1\"><span style=\"font-weight: 400;\">Monteringsanvisningar<\/span><\/li><li style=\"font-weight: 400;\" aria-level=\"1\"><span style=\"font-weight: 400;\">Byggtidsr\u00e5dgivning<\/span><\/li><li style=\"font-weight: 400;\" aria-level=\"1\"><span style=\"font-weight: 400;\">Kostnadsfri elektronisk EgenEkte-tj\u00e4nst<\/span><\/li><\/ul>\t\t\t\t\t\t\t\t<\/div>\n\t\t\t\t<\/div>\n\t\t\t\t<\/div>\n\t\t\t\t\t<\/div>\n\t\t\t\t<\/div>\n\t\t\t\t\t<\/div>\n\t\t\t\t<\/div>\n\t\t\t\t<\/div>\n\t\t\t\t<\/div>","protected":false},"excerpt":{"rendered":"<p>Ehta materiaalitoimitus&trade; Onko kohde saaressa tai haluatko rakentaa itse? Kaikki mallimme ovat saatavilla my\u00f6s tee-se-itse pakettina. Itse kasattava saunapaketti on edullinen ja helppo tapa hankkia oma pihasauna. Toimitussis\u00e4lt\u00f6 &#8221;Ei reissuakaan rautakauppaan&#8221;. Ehtan materiaalitoimitus on markkinoiden kattavin ja sis\u00e4lt\u00e4\u00e4 l\u00e4hestulkoon kaiken rakentamiseen tarvittavan materiaalin. Hirsisein\u00e4t Ty\u00f6stetty lamellihirsi 90&#215;190 mm Kierretangot tarvikkeineen Vaarnaruuvit Paisuva tiivistenauha hirsien v\u00e4liin [&hellip;]<\/p>\n","protected":false},"author":1,"featured_media":0,"parent":0,"menu_order":0,"comment_status":"closed","ping_status":"closed","template":"","meta":{"_jet_sm_ready_style":"","_jet_sm_style":"","_jet_sm_controls_values":"","_jet_sm_fonts_collection":"","_jet_sm_fonts_links":"","footnotes":""},"class_list":["post-14317","page","type-page","status-publish","hentry"],"yoast_head":"<!-- This site is optimized with the Yoast SEO Premium plugin v27.5 (Yoast SEO v27.5) - https:\/\/yoast.com\/product\/yoast-seo-premium-wordpress\/ -->\n<title>Materiaalitoimitus - Ehta<\/title>\n<meta name=\"robots\" content=\"index, follow, max-snippet:-1, max-image-preview:large, max-video-preview:-1\" \/>\n<link rel=\"canonical\" href=\"https:\/\/www.ehta.fi\/sv\/materiaalitoimitus\/\" \/>\n<meta property=\"og:locale\" content=\"sv_SE\" \/>\n<meta property=\"og:type\" content=\"article\" \/>\n<meta property=\"og:title\" content=\"Materiaalitoimitus\" \/>\n<meta property=\"og:description\" content=\"Ehta materiaalitoimitus&trade; Onko kohde saaressa tai haluatko rakentaa itse? Kaikki mallimme ovat saatavilla my\u00f6s tee-se-itse pakettina. Itse kasattava saunapaketti on edullinen ja helppo tapa hankkia oma pihasauna. Toimitussis\u00e4lt\u00f6 &#8221;Ei reissuakaan rautakauppaan&#8221;. Ehtan materiaalitoimitus on markkinoiden kattavin ja sis\u00e4lt\u00e4\u00e4 l\u00e4hestulkoon kaiken rakentamiseen tarvittavan materiaalin. Hirsisein\u00e4t Ty\u00f6stetty lamellihirsi 90&#215;190 mm Kierretangot tarvikkeineen Vaarnaruuvit Paisuva tiivistenauha hirsien v\u00e4liin [&hellip;]\" \/>\n<meta property=\"og:url\" content=\"https:\/\/www.ehta.fi\/sv\/materiaalitoimitus\/\" \/>\n<meta property=\"og:site_name\" content=\"Ehta\" \/>\n<meta property=\"article:modified_time\" content=\"2025-08-05T11:18:20+00:00\" \/>\n<meta property=\"og:image\" content=\"https:\/\/www.ehta.fi\/wp-content\/uploads\/2024\/04\/New-Sauna_-26-min.jpg\" \/>\n\t<meta property=\"og:image:width\" content=\"2000\" \/>\n\t<meta property=\"og:image:height\" content=\"1334\" \/>\n\t<meta property=\"og:image:type\" content=\"image\/jpeg\" \/>\n<meta name=\"twitter:card\" content=\"summary_large_image\" \/>\n<meta name=\"twitter:label1\" content=\"Ber\u00e4knad l\u00e4stid\" \/>\n\t<meta name=\"twitter:data1\" content=\"2 minuter\" \/>\n<script type=\"application\/ld+json\" class=\"yoast-schema-graph\">{\"@context\":\"https:\\\/\\\/schema.org\",\"@graph\":[{\"@type\":\"WebPage\",\"@id\":\"https:\\\/\\\/www.ehta.fi\\\/materiaalitoimitus\\\/\",\"url\":\"https:\\\/\\\/www.ehta.fi\\\/materiaalitoimitus\\\/\",\"name\":\"Materiaalitoimitus - Ehta\",\"isPartOf\":{\"@id\":\"https:\\\/\\\/www.ehta.fi\\\/#website\"},\"primaryImageOfPage\":{\"@id\":\"https:\\\/\\\/www.ehta.fi\\\/materiaalitoimitus\\\/#primaryimage\"},\"image\":{\"@id\":\"https:\\\/\\\/www.ehta.fi\\\/materiaalitoimitus\\\/#primaryimage\"},\"thumbnailUrl\":\"https:\\\/\\\/www.ehta.fi\\\/wp-content\\\/uploads\\\/2024\\\/04\\\/New-Sauna_-26-min.jpg\",\"datePublished\":\"2024-04-02T09:49:45+00:00\",\"dateModified\":\"2025-08-05T11:18:20+00:00\",\"breadcrumb\":{\"@id\":\"https:\\\/\\\/www.ehta.fi\\\/materiaalitoimitus\\\/#breadcrumb\"},\"inLanguage\":\"sv-SE\",\"potentialAction\":[{\"@type\":\"ReadAction\",\"target\":[\"https:\\\/\\\/www.ehta.fi\\\/materiaalitoimitus\\\/\"]}]},{\"@type\":\"ImageObject\",\"inLanguage\":\"sv-SE\",\"@id\":\"https:\\\/\\\/www.ehta.fi\\\/materiaalitoimitus\\\/#primaryimage\",\"url\":\"https:\\\/\\\/www.ehta.fi\\\/wp-content\\\/uploads\\\/2024\\\/04\\\/New-Sauna_-26-min.jpg\",\"contentUrl\":\"https:\\\/\\\/www.ehta.fi\\\/wp-content\\\/uploads\\\/2024\\\/04\\\/New-Sauna_-26-min.jpg\"},{\"@type\":\"BreadcrumbList\",\"@id\":\"https:\\\/\\\/www.ehta.fi\\\/materiaalitoimitus\\\/#breadcrumb\",\"itemListElement\":[{\"@type\":\"ListItem\",\"position\":1,\"name\":\"Home\",\"item\":\"https:\\\/\\\/www.ehta.fi\\\/\"},{\"@type\":\"ListItem\",\"position\":2,\"name\":\"Materiaalitoimitus\"}]},{\"@type\":\"WebSite\",\"@id\":\"https:\\\/\\\/www.ehta.fi\\\/#website\",\"url\":\"https:\\\/\\\/www.ehta.fi\\\/\",\"name\":\"Ehta\",\"description\":\"Pihasaunat, saunam\u00f6kit, m\u00f6kit ja aitat\",\"potentialAction\":[{\"@type\":\"SearchAction\",\"target\":{\"@type\":\"EntryPoint\",\"urlTemplate\":\"https:\\\/\\\/www.ehta.fi\\\/?s={search_term_string}\"},\"query-input\":{\"@type\":\"PropertyValueSpecification\",\"valueRequired\":true,\"valueName\":\"search_term_string\"}}],\"inLanguage\":\"sv-SE\"}]}<\/script>\n<!-- \/ Yoast SEO Premium plugin. -->","yoast_head_json":{"title":"Materiaalitoimitus - Ehta","robots":{"index":"index","follow":"follow","max-snippet":"max-snippet:-1","max-image-preview":"max-image-preview:large","max-video-preview":"max-video-preview:-1"},"canonical":"https:\/\/www.ehta.fi\/sv\/materiaalitoimitus\/","og_locale":"sv_SE","og_type":"article","og_title":"Materiaalitoimitus","og_description":"Ehta materiaalitoimitus&trade; Onko kohde saaressa tai haluatko rakentaa itse? Kaikki mallimme ovat saatavilla my\u00f6s tee-se-itse pakettina. Itse kasattava saunapaketti on edullinen ja helppo tapa hankkia oma pihasauna. Toimitussis\u00e4lt\u00f6 &#8221;Ei reissuakaan rautakauppaan&#8221;. Ehtan materiaalitoimitus on markkinoiden kattavin ja sis\u00e4lt\u00e4\u00e4 l\u00e4hestulkoon kaiken rakentamiseen tarvittavan materiaalin. Hirsisein\u00e4t Ty\u00f6stetty lamellihirsi 90&#215;190 mm Kierretangot tarvikkeineen Vaarnaruuvit Paisuva tiivistenauha hirsien v\u00e4liin [&hellip;]","og_url":"https:\/\/www.ehta.fi\/sv\/materiaalitoimitus\/","og_site_name":"Ehta","article_modified_time":"2025-08-05T11:18:20+00:00","og_image":[{"width":2000,"height":1334,"url":"https:\/\/www.ehta.fi\/wp-content\/uploads\/2024\/04\/New-Sauna_-26-min.jpg","type":"image\/jpeg"}],"twitter_card":"summary_large_image","twitter_misc":{"Ber\u00e4knad l\u00e4stid":"2 minuter"},"schema":{"@context":"https:\/\/schema.org","@graph":[{"@type":"WebPage","@id":"https:\/\/www.ehta.fi\/materiaalitoimitus\/","url":"https:\/\/www.ehta.fi\/materiaalitoimitus\/","name":"Materiaalitoimitus - Ehta","isPartOf":{"@id":"https:\/\/www.ehta.fi\/#website"},"primaryImageOfPage":{"@id":"https:\/\/www.ehta.fi\/materiaalitoimitus\/#primaryimage"},"image":{"@id":"https:\/\/www.ehta.fi\/materiaalitoimitus\/#primaryimage"},"thumbnailUrl":"https:\/\/www.ehta.fi\/wp-content\/uploads\/2024\/04\/New-Sauna_-26-min.jpg","datePublished":"2024-04-02T09:49:45+00:00","dateModified":"2025-08-05T11:18:20+00:00","breadcrumb":{"@id":"https:\/\/www.ehta.fi\/materiaalitoimitus\/#breadcrumb"},"inLanguage":"sv-SE","potentialAction":[{"@type":"ReadAction","target":["https:\/\/www.ehta.fi\/materiaalitoimitus\/"]}]},{"@type":"ImageObject","inLanguage":"sv-SE","@id":"https:\/\/www.ehta.fi\/materiaalitoimitus\/#primaryimage","url":"https:\/\/www.ehta.fi\/wp-content\/uploads\/2024\/04\/New-Sauna_-26-min.jpg","contentUrl":"https:\/\/www.ehta.fi\/wp-content\/uploads\/2024\/04\/New-Sauna_-26-min.jpg"},{"@type":"BreadcrumbList","@id":"https:\/\/www.ehta.fi\/materiaalitoimitus\/#breadcrumb","itemListElement":[{"@type":"ListItem","position":1,"name":"Home","item":"https:\/\/www.ehta.fi\/"},{"@type":"ListItem","position":2,"name":"Materiaalitoimitus"}]},{"@type":"WebSite","@id":"https:\/\/www.ehta.fi\/#website","url":"https:\/\/www.ehta.fi\/","name":"Ehta","description":"Tr\u00e4dg\u00e5rdsbastu, bastustugor, stugor och f\u00f6rr\u00e5d","potentialAction":[{"@type":"SearchAction","target":{"@type":"EntryPoint","urlTemplate":"https:\/\/www.ehta.fi\/?s={search_term_string}"},"query-input":{"@type":"PropertyValueSpecification","valueRequired":true,"valueName":"search_term_string"}}],"inLanguage":"sv-SE"}]}},"_links":{"self":[{"href":"https:\/\/www.ehta.fi\/sv\/wp-json\/wp\/v2\/pages\/14317","targetHints":{"allow":["GET"]}}],"collection":[{"href":"https:\/\/www.ehta.fi\/sv\/wp-json\/wp\/v2\/pages"}],"about":[{"href":"https:\/\/www.ehta.fi\/sv\/wp-json\/wp\/v2\/types\/page"}],"author":[{"embeddable":true,"href":"https:\/\/www.ehta.fi\/sv\/wp-json\/wp\/v2\/users\/1"}],"replies":[{"embeddable":true,"href":"https:\/\/www.ehta.fi\/sv\/wp-json\/wp\/v2\/comments?post=14317"}],"version-history":[{"count":16,"href":"https:\/\/www.ehta.fi\/sv\/wp-json\/wp\/v2\/pages\/14317\/revisions"}],"predecessor-version":[{"id":19239,"href":"https:\/\/www.ehta.fi\/sv\/wp-json\/wp\/v2\/pages\/14317\/revisions\/19239"}],"wp:attachment":[{"href":"https:\/\/www.ehta.fi\/sv\/wp-json\/wp\/v2\/media?parent=14317"}],"curies":[{"name":"wp","href":"https:\/\/api.w.org\/{rel}","templated":true}]}}