{"id":14670,"date":"2024-04-23T12:37:05","date_gmt":"2024-04-23T09:37:05","guid":{"rendered":"https:\/\/www.ehta.fi\/appointment-cancellation-confirmation\/"},"modified":"-0001-11-30T00:00:00","modified_gmt":"-0001-11-29T21:00:00","slug":"appointment-cancellation-confirmation","status":"publish","type":"page","link":"https:\/\/www.ehta.fi\/sv\/appointment-cancellation-confirmation\/","title":{"rendered":"Avbokningsbekr\u00e4ftelse av tid"},"content":{"rendered":"<div class=\"wp-block-bookingpress-cancellation_confirmation\"><\/div>","protected":false},"excerpt":{"rendered":"","protected":false},"author":2,"featured_media":0,"parent":0,"menu_order":0,"comment_status":"open","ping_status":"open","template":"","meta":{"_jet_sm_ready_style":"","_jet_sm_style":"","_jet_sm_controls_values":"","_jet_sm_fonts_collection":"","_jet_sm_fonts_links":"","footnotes":""},"class_list":["post-14670","page","type-page","status-publish","hentry"],"yoast_head":"<!-- This site is optimized with the Yoast SEO Premium plugin v27.5 (Yoast SEO v27.5) - https:\/\/yoast.com\/product\/yoast-seo-premium-wordpress\/ -->\n<title>Appointment cancellation confirmation - Ehta<\/title>\n<meta name=\"robots\" content=\"index, follow, max-snippet:-1, max-image-preview:large, max-video-preview:-1\" \/>\n<link rel=\"canonical\" href=\"https:\/\/www.ehta.fi\/sv\/appointment-cancellation-confirmation\/\" \/>\n<meta property=\"og:locale\" content=\"sv_SE\" \/>\n<meta property=\"og:type\" content=\"article\" \/>\n<meta property=\"og:title\" content=\"Appointment cancellation confirmation\" \/>\n<meta property=\"og:url\" content=\"https:\/\/www.ehta.fi\/sv\/appointment-cancellation-confirmation\/\" \/>\n<meta property=\"og:site_name\" content=\"Ehta\" \/>\n<meta name=\"twitter:card\" content=\"summary_large_image\" \/>\n<script type=\"application\/ld+json\" class=\"yoast-schema-graph\">{\"@context\":\"https:\\\/\\\/schema.org\",\"@graph\":[{\"@type\":\"WebPage\",\"@id\":\"https:\\\/\\\/www.ehta.fi\\\/appointment-cancellation-confirmation\\\/\",\"url\":\"https:\\\/\\\/www.ehta.fi\\\/appointment-cancellation-confirmation\\\/\",\"name\":\"Appointment cancellation confirmation - Ehta\",\"isPartOf\":{\"@id\":\"https:\\\/\\\/www.ehta.fi\\\/#website\"},\"datePublished\":\"2024-04-23T09:37:05+00:00\",\"breadcrumb\":{\"@id\":\"https:\\\/\\\/www.ehta.fi\\\/appointment-cancellation-confirmation\\\/#breadcrumb\"},\"inLanguage\":\"sv-SE\",\"potentialAction\":[{\"@type\":\"ReadAction\",\"target\":[\"https:\\\/\\\/www.ehta.fi\\\/appointment-cancellation-confirmation\\\/\"]}]},{\"@type\":\"BreadcrumbList\",\"@id\":\"https:\\\/\\\/www.ehta.fi\\\/appointment-cancellation-confirmation\\\/#breadcrumb\",\"itemListElement\":[{\"@type\":\"ListItem\",\"position\":1,\"name\":\"Home\",\"item\":\"https:\\\/\\\/www.ehta.fi\\\/\"},{\"@type\":\"ListItem\",\"position\":2,\"name\":\"Appointment cancellation confirmation\"}]},{\"@type\":\"WebSite\",\"@id\":\"https:\\\/\\\/www.ehta.fi\\\/#website\",\"url\":\"https:\\\/\\\/www.ehta.fi\\\/\",\"name\":\"Ehta\",\"description\":\"Pihasaunat, saunam\u00f6kit, m\u00f6kit ja aitat\",\"potentialAction\":[{\"@type\":\"SearchAction\",\"target\":{\"@type\":\"EntryPoint\",\"urlTemplate\":\"https:\\\/\\\/www.ehta.fi\\\/?s={search_term_string}\"},\"query-input\":{\"@type\":\"PropertyValueSpecification\",\"valueRequired\":true,\"valueName\":\"search_term_string\"}}],\"inLanguage\":\"sv-SE\"}]}<\/script>\n<!-- \/ Yoast SEO Premium plugin. -->","yoast_head_json":{"title":"Appointment cancellation confirmation - Ehta","robots":{"index":"index","follow":"follow","max-snippet":"max-snippet:-1","max-image-preview":"max-image-preview:large","max-video-preview":"max-video-preview:-1"},"canonical":"https:\/\/www.ehta.fi\/sv\/appointment-cancellation-confirmation\/","og_locale":"sv_SE","og_type":"article","og_title":"Appointment cancellation confirmation","og_url":"https:\/\/www.ehta.fi\/sv\/appointment-cancellation-confirmation\/","og_site_name":"Ehta","twitter_card":"summary_large_image","schema":{"@context":"https:\/\/schema.org","@graph":[{"@type":"WebPage","@id":"https:\/\/www.ehta.fi\/appointment-cancellation-confirmation\/","url":"https:\/\/www.ehta.fi\/appointment-cancellation-confirmation\/","name":"Appointment cancellation confirmation - Ehta","isPartOf":{"@id":"https:\/\/www.ehta.fi\/#website"},"datePublished":"2024-04-23T09:37:05+00:00","breadcrumb":{"@id":"https:\/\/www.ehta.fi\/appointment-cancellation-confirmation\/#breadcrumb"},"inLanguage":"sv-SE","potentialAction":[{"@type":"ReadAction","target":["https:\/\/www.ehta.fi\/appointment-cancellation-confirmation\/"]}]},{"@type":"BreadcrumbList","@id":"https:\/\/www.ehta.fi\/appointment-cancellation-confirmation\/#breadcrumb","itemListElement":[{"@type":"ListItem","position":1,"name":"Home","item":"https:\/\/www.ehta.fi\/"},{"@type":"ListItem","position":2,"name":"Appointment cancellation confirmation"}]},{"@type":"WebSite","@id":"https:\/\/www.ehta.fi\/#website","url":"https:\/\/www.ehta.fi\/","name":"Ehta","description":"Tr\u00e4dg\u00e5rdsbastu, bastustugor, stugor och f\u00f6rr\u00e5d","potentialAction":[{"@type":"SearchAction","target":{"@type":"EntryPoint","urlTemplate":"https:\/\/www.ehta.fi\/?s={search_term_string}"},"query-input":{"@type":"PropertyValueSpecification","valueRequired":true,"valueName":"search_term_string"}}],"inLanguage":"sv-SE"}]}},"_links":{"self":[{"href":"https:\/\/www.ehta.fi\/sv\/wp-json\/wp\/v2\/pages\/14670","targetHints":{"allow":["GET"]}}],"collection":[{"href":"https:\/\/www.ehta.fi\/sv\/wp-json\/wp\/v2\/pages"}],"about":[{"href":"https:\/\/www.ehta.fi\/sv\/wp-json\/wp\/v2\/types\/page"}],"author":[{"embeddable":true,"href":"https:\/\/www.ehta.fi\/sv\/wp-json\/wp\/v2\/users\/2"}],"replies":[{"embeddable":true,"href":"https:\/\/www.ehta.fi\/sv\/wp-json\/wp\/v2\/comments?post=14670"}],"version-history":[{"count":0,"href":"https:\/\/www.ehta.fi\/sv\/wp-json\/wp\/v2\/pages\/14670\/revisions"}],"wp:attachment":[{"href":"https:\/\/www.ehta.fi\/sv\/wp-json\/wp\/v2\/media?parent=14670"}],"curies":[{"name":"wp","href":"https:\/\/api.w.org\/{rel}","templated":true}]}}