{"id":14884,"date":"2024-05-06T09:53:39","date_gmt":"2024-05-06T06:53:39","guid":{"rendered":"https:\/\/www.ehta.fi\/?page_id=14884"},"modified":"2024-05-06T13:09:23","modified_gmt":"2024-05-06T10:09:23","slug":"tyopaikat","status":"publish","type":"page","link":"https:\/\/www.ehta.fi\/sv\/tyopaikat\/","title":{"rendered":"Arbetsplatser"},"content":{"rendered":"\t\t<div data-elementor-type=\"wp-page\" data-elementor-id=\"14884\" class=\"elementor elementor-14884\" data-elementor-post-type=\"page\">\n\t\t\t\t<div class=\"elementor-element elementor-element-742dc1f e-con-full e-flex e-con e-parent\" data-id=\"742dc1f\" data-element_type=\"container\" data-e-type=\"container\" data-settings=\"{&quot;jet_parallax_layout_list&quot;:[]}\">\n\t\t\t\t<div class=\"elementor-element elementor-element-b0930e6 elementor-widget elementor-widget-heading\" data-id=\"b0930e6\" data-element_type=\"widget\" data-e-type=\"widget\" data-widget_type=\"heading.default\">\n\t\t\t\t<div class=\"elementor-widget-container\">\n\t\t\t\t\t<h1 class=\"elementor-heading-title elementor-size-default\">Ty\u00f6paikat<\/h1>\t\t\t\t<\/div>\n\t\t\t\t<\/div>\n\t\t\t\t<div class=\"elementor-element elementor-element-f14711b elementor-widget elementor-widget-text-editor\" data-id=\"f14711b\" data-element_type=\"widget\" data-e-type=\"widget\" data-widget_type=\"text-editor.default\">\n\t\t\t\t<div class=\"elementor-widget-container\">\n\t\t\t\t\t\t\t\t\t<p>Sinustako uusi ehtalainen? Tule mukaan mahdollistamaan suomalaisille parhaita hetki\u00e4 ja ly\u00f6m\u00e4tt\u00f6mi\u00e4 l\u00f6ylyj\u00e4!<\/p>\t\t\t\t\t\t\t\t<\/div>\n\t\t\t\t<\/div>\n\t\t\t\t<\/div>\n\t\t<div class=\"elementor-element elementor-element-671ae7a e-con-full e-flex e-con e-parent\" data-id=\"671ae7a\" data-element_type=\"container\" data-e-type=\"container\" data-settings=\"{&quot;jet_parallax_layout_list&quot;:[]}\">\n\t\t\t\t<div class=\"elementor-element elementor-element-662529d elementor-grid-3 elementor-grid-tablet-2 elementor-grid-mobile-1 elementor-widget elementor-widget-loop-grid\" data-id=\"662529d\" data-element_type=\"widget\" data-e-type=\"widget\" data-settings=\"{&quot;template_id&quot;:&quot;12869&quot;,&quot;_skin&quot;:&quot;post&quot;,&quot;columns&quot;:&quot;3&quot;,&quot;columns_tablet&quot;:&quot;2&quot;,&quot;columns_mobile&quot;:&quot;1&quot;,&quot;edit_handle_selector&quot;:&quot;[data-elementor-type=\\&quot;loop-item\\&quot;]&quot;,&quot;row_gap&quot;:{&quot;unit&quot;:&quot;px&quot;,&quot;size&quot;:&quot;&quot;,&quot;sizes&quot;:[]},&quot;row_gap_laptop&quot;:{&quot;unit&quot;:&quot;px&quot;,&quot;size&quot;:&quot;&quot;,&quot;sizes&quot;:[]},&quot;row_gap_tablet&quot;:{&quot;unit&quot;:&quot;px&quot;,&quot;size&quot;:&quot;&quot;,&quot;sizes&quot;:[]},&quot;row_gap_mobile&quot;:{&quot;unit&quot;:&quot;px&quot;,&quot;size&quot;:&quot;&quot;,&quot;sizes&quot;:[]}}\" data-widget_type=\"loop-grid.post\">\n\t\t\t\t<div class=\"elementor-widget-container\">\n\t\t\t\t\t\t\t<div class=\"elementor-loop-container elementor-grid\" role=\"list\">\n\t\t<style id=\"loop-12869\">.elementor-12869 .elementor-element.elementor-element-b992e6d{--display:flex;--gap:0px 0px;--row-gap:0px;--column-gap:0px;}.elementor-12869 .elementor-element.elementor-element-0ab82a0 img{border-radius:20px 20px 20px 20px;}.elementor-12869 .elementor-element.elementor-element-f5c0e45{--display:flex;--padding-top:20px;--padding-bottom:20px;--padding-left:20px;--padding-right:20px;}.elementor-12869 .elementor-element.elementor-element-9864c67 .elementor-heading-title{font-size:26px;line-height:1.4em;}.elementor-12869 .elementor-element.elementor-element-fe939c3 .jet-listing-dynamic-field .jet-listing-dynamic-field__inline-wrap{width:auto;}.elementor-12869 .elementor-element.elementor-element-fe939c3 .jet-listing-dynamic-field .jet-listing-dynamic-field__content{width:auto;}.elementor-12869 .elementor-element.elementor-element-fe939c3 .jet-listing-dynamic-field{justify-content:flex-start;}.elementor-12869 .elementor-element.elementor-element-fe939c3 .jet-listing-dynamic-field__content{text-align:left;}.elementor-12869 .elementor-element.elementor-element-c64d4b8 .elementor-button{font-size:16px;fill:var( --e-global-color-15c5d70 );color:var( --e-global-color-15c5d70 );background-color:#00000000;border-style:solid;border-width:1px 1px 1px 1px;border-color:var( --e-global-color-15c5d70 );}@media(max-width:1024px){.elementor-12869 .elementor-element.elementor-element-9864c67 .elementor-heading-title{font-size:24px;}}<\/style>\t\t<div data-elementor-type=\"loop-item\" data-elementor-id=\"12869\" class=\"elementor elementor-12869 e-loop-item e-loop-item-14889 post-14889 post type-post status-publish format-standard has-post-thumbnail hentry category-rekry\" data-elementor-post-type=\"elementor_library\" data-custom-edit-handle=\"1\">\n\t\t\t<div class=\"elementor-element elementor-element-b992e6d e-flex e-con-boxed e-con e-parent\" data-id=\"b992e6d\" data-element_type=\"container\" data-e-type=\"container\" data-settings=\"{&quot;jet_parallax_layout_list&quot;:[]}\">\n\t\t\t\t\t<div class=\"e-con-inner\">\n\t\t\t\t<div class=\"elementor-element elementor-element-0ab82a0 elementor-widget elementor-widget-image\" data-id=\"0ab82a0\" data-element_type=\"widget\" data-e-type=\"widget\" data-widget_type=\"image.default\">\n\t\t\t\t<div class=\"elementor-widget-container\">\n\t\t\t\t\t\t\t\t\t\t\t\t\t\t\t\t<a href=\"https:\/\/www.ehta.fi\/sv\/saunanrakentaja\/\">\n\t\t\t\t\t\t\t<img decoding=\"async\" src=\"https:\/\/www.ehta.fi\/wp-content\/uploads\/elementor\/thumbs\/DSC03356-rc7s4oy1y1untm6b8r0rheoe6kc8ugrblpa54lxd40.jpg\" title=\"Tumma lippalakki ja hihaton paita p\u00e4\u00e4ll\u00e4\u00e4n oleva saunanrakentaja seisoo rakennusty\u00f6maalla sis\u00e4tiloissa, ty\u00f6kalut vy\u00f6ll\u00e4\u00e4n ja rakennusmateriaalit taustalla.\" alt=\"Tumma lippalakki ja hihaton paita p\u00e4\u00e4ll\u00e4\u00e4n oleva saunanrakentaja seisoo rakennusty\u00f6maalla sis\u00e4tiloissa, ty\u00f6kalut vy\u00f6ll\u00e4\u00e4n ja rakennusmateriaalit taustalla.\" loading=\"lazy\" \/>\t\t\t\t\t\t\t\t<\/a>\n\t\t\t\t\t\t\t\t\t\t\t\t\t\t\t<\/div>\n\t\t\t\t<\/div>\n\t\t<div class=\"elementor-element elementor-element-f5c0e45 e-flex e-con-boxed e-con e-child\" data-id=\"f5c0e45\" data-element_type=\"container\" data-e-type=\"container\" data-settings=\"{&quot;jet_parallax_layout_list&quot;:[]}\">\n\t\t\t\t\t<div class=\"e-con-inner\">\n\t\t\t\t<div class=\"elementor-element elementor-element-9864c67 elementor-widget elementor-widget-heading\" data-id=\"9864c67\" data-element_type=\"widget\" data-e-type=\"widget\" data-widget_type=\"heading.default\">\n\t\t\t\t<div class=\"elementor-widget-container\">\n\t\t\t\t\t<h3 class=\"elementor-heading-title elementor-size-default\"><a href=\"https:\/\/www.ehta.fi\/sv\/saunanrakentaja\/\">Avoimet ty\u00f6paikat \u2013 saunanrakentaja<\/a><\/h3>\t\t\t\t<\/div>\n\t\t\t\t<\/div>\n\t\t\t\t<div class=\"elementor-element elementor-element-fe939c3 elementor-widget elementor-widget-jet-listing-dynamic-field\" data-id=\"fe939c3\" data-element_type=\"widget\" data-e-type=\"widget\" data-widget_type=\"jet-listing-dynamic-field.default\">\n\t\t\t\t<div class=\"elementor-widget-container\">\n\t\t\t\t\t<div class=\"jet-listing jet-listing-dynamic-field display-inline\"><div class=\"jet-listing-dynamic-field__inline-wrap\"><div class=\"jet-listing-dynamic-field__content\" > Avoimet ty\u00f6paikat | Perho T\u00e4ll\u00e4 hetkell\u00e4 Ehtalla ei ole akuuttia...<\/div><\/div><\/div>\t\t\t\t<\/div>\n\t\t\t\t<\/div>\n\t\t\t\t<div class=\"elementor-element elementor-element-c64d4b8 elementor-widget elementor-widget-button\" data-id=\"c64d4b8\" data-element_type=\"widget\" data-e-type=\"widget\" data-widget_type=\"button.default\">\n\t\t\t\t<div class=\"elementor-widget-container\">\n\t\t\t\t\t\t\t\t\t<div class=\"elementor-button-wrapper\">\n\t\t\t\t\t<a class=\"elementor-button elementor-button-link elementor-size-sm\" href=\"https:\/\/www.ehta.fi\/sv\/saunanrakentaja\/\">\n\t\t\t\t\t\t<span class=\"elementor-button-content-wrapper\">\n\t\t\t\t\t\t\t\t\t<span class=\"elementor-button-text\">Lue lis\u00e4\u00e4<\/span>\n\t\t\t\t\t<\/span>\n\t\t\t\t\t<\/a>\n\t\t\t\t<\/div>\n\t\t\t\t\t\t\t\t<\/div>\n\t\t\t\t<\/div>\n\t\t\t\t\t<\/div>\n\t\t\t\t<\/div>\n\t\t\t\t\t<\/div>\n\t\t\t\t<\/div>\n\t\t\t\t<\/div>\n\t\t\t\t<div data-elementor-type=\"loop-item\" data-elementor-id=\"12869\" class=\"elementor elementor-12869 e-loop-item e-loop-item-19308 post-19308 post type-post status-publish format-standard has-post-thumbnail hentry category-rekry\" data-elementor-post-type=\"elementor_library\" data-custom-edit-handle=\"1\">\n\t\t\t<div class=\"elementor-element elementor-element-b992e6d e-flex e-con-boxed e-con e-parent\" data-id=\"b992e6d\" data-element_type=\"container\" data-e-type=\"container\" data-settings=\"{&quot;jet_parallax_layout_list&quot;:[]}\">\n\t\t\t\t\t<div class=\"e-con-inner\">\n\t\t\t\t<div class=\"elementor-element elementor-element-0ab82a0 elementor-widget elementor-widget-image\" data-id=\"0ab82a0\" data-element_type=\"widget\" data-e-type=\"widget\" data-widget_type=\"image.default\">\n\t\t\t\t<div class=\"elementor-widget-container\">\n\t\t\t\t\t\t\t\t\t\t\t\t\t\t\t\t<a href=\"https:\/\/www.ehta.fi\/sv\/ehta-etsii-mahdollistajaa\/\">\n\t\t\t\t\t\t\t<img decoding=\"async\" src=\"https:\/\/www.ehta.fi\/wp-content\/uploads\/elementor\/thumbs\/ehta-myynti-etatyo\u0308-verkkosivut-saunamokki-rb3r2y6k6j4qxvhptt6i82pxl94u2kpoqpn7enko0w.jpg\" title=\"ehta-myynti-etatyo\u0308-verkkosivut-saunamokki\" alt=\"ehta-myynti-etatyo\u0308-verkkosivut-saunamokki\" loading=\"lazy\" \/>\t\t\t\t\t\t\t\t<\/a>\n\t\t\t\t\t\t\t\t\t\t\t\t\t\t\t<\/div>\n\t\t\t\t<\/div>\n\t\t<div class=\"elementor-element elementor-element-f5c0e45 e-flex e-con-boxed e-con e-child\" data-id=\"f5c0e45\" data-element_type=\"container\" data-e-type=\"container\" data-settings=\"{&quot;jet_parallax_layout_list&quot;:[]}\">\n\t\t\t\t\t<div class=\"e-con-inner\">\n\t\t\t\t<div class=\"elementor-element elementor-element-9864c67 elementor-widget elementor-widget-heading\" data-id=\"9864c67\" data-element_type=\"widget\" data-e-type=\"widget\" data-widget_type=\"heading.default\">\n\t\t\t\t<div class=\"elementor-widget-container\">\n\t\t\t\t\t<h3 class=\"elementor-heading-title elementor-size-default\"><a href=\"https:\/\/www.ehta.fi\/sv\/ehta-etsii-mahdollistajaa\/\">Tule Ehtan tiimiin \u2013 hae Mahdollistajaksi<\/a><\/h3>\t\t\t\t<\/div>\n\t\t\t\t<\/div>\n\t\t\t\t<div class=\"elementor-element elementor-element-fe939c3 elementor-widget elementor-widget-jet-listing-dynamic-field\" data-id=\"fe939c3\" data-element_type=\"widget\" data-e-type=\"widget\" data-widget_type=\"jet-listing-dynamic-field.default\">\n\t\t\t\t<div class=\"elementor-widget-container\">\n\t\t\t\t\t<div class=\"jet-listing jet-listing-dynamic-field display-inline\"><div class=\"jet-listing-dynamic-field__inline-wrap\"><div class=\"jet-listing-dynamic-field__content\" > Ehta on kotimainen perheyritys, joka toteuttaa unelmia \u2013 yksi pihasauna...<\/div><\/div><\/div>\t\t\t\t<\/div>\n\t\t\t\t<\/div>\n\t\t\t\t<div class=\"elementor-element elementor-element-c64d4b8 elementor-widget elementor-widget-button\" data-id=\"c64d4b8\" data-element_type=\"widget\" data-e-type=\"widget\" data-widget_type=\"button.default\">\n\t\t\t\t<div class=\"elementor-widget-container\">\n\t\t\t\t\t\t\t\t\t<div class=\"elementor-button-wrapper\">\n\t\t\t\t\t<a class=\"elementor-button elementor-button-link elementor-size-sm\" href=\"https:\/\/www.ehta.fi\/sv\/ehta-etsii-mahdollistajaa\/\">\n\t\t\t\t\t\t<span class=\"elementor-button-content-wrapper\">\n\t\t\t\t\t\t\t\t\t<span class=\"elementor-button-text\">Lue lis\u00e4\u00e4<\/span>\n\t\t\t\t\t<\/span>\n\t\t\t\t\t<\/a>\n\t\t\t\t<\/div>\n\t\t\t\t\t\t\t\t<\/div>\n\t\t\t\t<\/div>\n\t\t\t\t\t<\/div>\n\t\t\t\t<\/div>\n\t\t\t\t\t<\/div>\n\t\t\t\t<\/div>\n\t\t\t\t<\/div>\n\t\t\t\t<div data-elementor-type=\"loop-item\" data-elementor-id=\"12869\" class=\"elementor elementor-12869 e-loop-item e-loop-item-15544 post-15544 post type-post status-publish format-standard has-post-thumbnail hentry category-rekry\" data-elementor-post-type=\"elementor_library\" data-custom-edit-handle=\"1\">\n\t\t\t<div class=\"elementor-element elementor-element-b992e6d e-flex e-con-boxed e-con e-parent\" data-id=\"b992e6d\" data-element_type=\"container\" data-e-type=\"container\" data-settings=\"{&quot;jet_parallax_layout_list&quot;:[]}\">\n\t\t\t\t\t<div class=\"e-con-inner\">\n\t\t\t\t<div class=\"elementor-element elementor-element-0ab82a0 elementor-widget elementor-widget-image\" data-id=\"0ab82a0\" data-element_type=\"widget\" data-e-type=\"widget\" data-widget_type=\"image.default\">\n\t\t\t\t<div class=\"elementor-widget-container\">\n\t\t\t\t\t\t\t\t\t\t\t\t\t\t\t\t<a href=\"https:\/\/www.ehta.fi\/sv\/laheta-avoin-hakemus\/\">\n\t\t\t\t\t\t\t<img decoding=\"async\" src=\"https:\/\/www.ehta.fi\/wp-content\/uploads\/elementor\/thumbs\/IMG_0232-qtdfeyvz8fmrwwe1soafo9ofpbpll06badi9ta1z1c.jpeg\" title=\"Ehta tiimi\" alt=\"Ehtan tiimi palvelee sinua isolla syd\u00e4mell\u00e4 ja avoimin mielin.\" loading=\"lazy\" \/>\t\t\t\t\t\t\t\t<\/a>\n\t\t\t\t\t\t\t\t\t\t\t\t\t\t\t<\/div>\n\t\t\t\t<\/div>\n\t\t<div class=\"elementor-element elementor-element-f5c0e45 e-flex e-con-boxed e-con e-child\" data-id=\"f5c0e45\" data-element_type=\"container\" data-e-type=\"container\" data-settings=\"{&quot;jet_parallax_layout_list&quot;:[]}\">\n\t\t\t\t\t<div class=\"e-con-inner\">\n\t\t\t\t<div class=\"elementor-element elementor-element-9864c67 elementor-widget elementor-widget-heading\" data-id=\"9864c67\" data-element_type=\"widget\" data-e-type=\"widget\" data-widget_type=\"heading.default\">\n\t\t\t\t<div class=\"elementor-widget-container\">\n\t\t\t\t\t<h3 class=\"elementor-heading-title elementor-size-default\"><a href=\"https:\/\/www.ehta.fi\/sv\/laheta-avoin-hakemus\/\">L\u00e4het\u00e4 avoin hakemus<\/a><\/h3>\t\t\t\t<\/div>\n\t\t\t\t<\/div>\n\t\t\t\t<div class=\"elementor-element elementor-element-fe939c3 elementor-widget elementor-widget-jet-listing-dynamic-field\" data-id=\"fe939c3\" data-element_type=\"widget\" data-e-type=\"widget\" data-widget_type=\"jet-listing-dynamic-field.default\">\n\t\t\t\t<div class=\"elementor-widget-container\">\n\t\t\t\t\t<div class=\"jet-listing jet-listing-dynamic-field display-inline\"><div class=\"jet-listing-dynamic-field__inline-wrap\"><div class=\"jet-listing-dynamic-field__content\" > Tarvitsemme jatkuvasti ammattilaisia myynnin ja tuotannon teht\u00e4viin. Kiinnostaako sinua olla...<\/div><\/div><\/div>\t\t\t\t<\/div>\n\t\t\t\t<\/div>\n\t\t\t\t<div class=\"elementor-element elementor-element-c64d4b8 elementor-widget elementor-widget-button\" data-id=\"c64d4b8\" data-element_type=\"widget\" data-e-type=\"widget\" data-widget_type=\"button.default\">\n\t\t\t\t<div class=\"elementor-widget-container\">\n\t\t\t\t\t\t\t\t\t<div class=\"elementor-button-wrapper\">\n\t\t\t\t\t<a class=\"elementor-button elementor-button-link elementor-size-sm\" href=\"https:\/\/www.ehta.fi\/sv\/laheta-avoin-hakemus\/\">\n\t\t\t\t\t\t<span class=\"elementor-button-content-wrapper\">\n\t\t\t\t\t\t\t\t\t<span class=\"elementor-button-text\">Lue lis\u00e4\u00e4<\/span>\n\t\t\t\t\t<\/span>\n\t\t\t\t\t<\/a>\n\t\t\t\t<\/div>\n\t\t\t\t\t\t\t\t<\/div>\n\t\t\t\t<\/div>\n\t\t\t\t\t<\/div>\n\t\t\t\t<\/div>\n\t\t\t\t\t<\/div>\n\t\t\t\t<\/div>\n\t\t\t\t<\/div>\n\t\t\t\t<\/div>\n\t\t\n\t\t\t\t\t\t<\/div>\n\t\t\t\t<\/div>\n\t\t\t\t<\/div>\n\t\t\t\t<\/div>\n\t\t","protected":false},"excerpt":{"rendered":"<p>Ty\u00f6paikat Sinustako uusi ehtalainen? Tule mukaan mahdollistamaan suomalaisille parhaita hetki\u00e4 ja ly\u00f6m\u00e4tt\u00f6mi\u00e4 l\u00f6ylyj\u00e4!<\/p>","protected":false},"author":1,"featured_media":0,"parent":0,"menu_order":0,"comment_status":"closed","ping_status":"closed","template":"","meta":{"_jet_sm_ready_style":"","_jet_sm_style":"","_jet_sm_controls_values":"","_jet_sm_fonts_collection":"","_jet_sm_fonts_links":"","footnotes":""},"class_list":["post-14884","page","type-page","status-publish","hentry"],"yoast_head":"<!-- This site is optimized with the Yoast SEO Premium plugin v27.2 (Yoast SEO v27.2) - https:\/\/yoast.com\/product\/yoast-seo-premium-wordpress\/ -->\n<title>Ty\u00f6paikat - Ehta<\/title>\n<meta name=\"robots\" content=\"index, follow, max-snippet:-1, max-image-preview:large, max-video-preview:-1\" \/>\n<link rel=\"canonical\" href=\"https:\/\/www.ehta.fi\/sv\/tyopaikat\/\" \/>\n<meta property=\"og:locale\" content=\"sv_SE\" \/>\n<meta property=\"og:type\" content=\"article\" \/>\n<meta property=\"og:title\" content=\"Ty\u00f6paikat\" \/>\n<meta property=\"og:description\" content=\"Ty\u00f6paikat Sinustako uusi ehtalainen? Tule mukaan mahdollistamaan suomalaisille parhaita hetki\u00e4 ja ly\u00f6m\u00e4tt\u00f6mi\u00e4 l\u00f6ylyj\u00e4!\" \/>\n<meta property=\"og:url\" content=\"https:\/\/www.ehta.fi\/sv\/tyopaikat\/\" \/>\n<meta property=\"og:site_name\" content=\"Ehta\" \/>\n<meta property=\"article:modified_time\" content=\"2024-05-06T10:09:23+00:00\" \/>\n<meta name=\"twitter:card\" content=\"summary_large_image\" \/>\n<script type=\"application\/ld+json\" class=\"yoast-schema-graph\">{\"@context\":\"https:\/\/schema.org\",\"@graph\":[{\"@type\":\"WebPage\",\"@id\":\"https:\/\/www.ehta.fi\/tyopaikat\/\",\"url\":\"https:\/\/www.ehta.fi\/tyopaikat\/\",\"name\":\"Ty\u00f6paikat - Ehta\",\"isPartOf\":{\"@id\":\"https:\/\/www.ehta.fi\/#website\"},\"datePublished\":\"2024-05-06T06:53:39+00:00\",\"dateModified\":\"2024-05-06T10:09:23+00:00\",\"breadcrumb\":{\"@id\":\"https:\/\/www.ehta.fi\/tyopaikat\/#breadcrumb\"},\"inLanguage\":\"sv-SE\",\"potentialAction\":[{\"@type\":\"ReadAction\",\"target\":[\"https:\/\/www.ehta.fi\/tyopaikat\/\"]}]},{\"@type\":\"BreadcrumbList\",\"@id\":\"https:\/\/www.ehta.fi\/tyopaikat\/#breadcrumb\",\"itemListElement\":[{\"@type\":\"ListItem\",\"position\":1,\"name\":\"Home\",\"item\":\"https:\/\/www.ehta.fi\/\"},{\"@type\":\"ListItem\",\"position\":2,\"name\":\"Ty\u00f6paikat\"}]},{\"@type\":\"WebSite\",\"@id\":\"https:\/\/www.ehta.fi\/#website\",\"url\":\"https:\/\/www.ehta.fi\/\",\"name\":\"Ehta\",\"description\":\"Pihasaunat, saunam\u00f6kit, m\u00f6kit ja aitat\",\"potentialAction\":[{\"@type\":\"SearchAction\",\"target\":{\"@type\":\"EntryPoint\",\"urlTemplate\":\"https:\/\/www.ehta.fi\/?s={search_term_string}\"},\"query-input\":{\"@type\":\"PropertyValueSpecification\",\"valueRequired\":true,\"valueName\":\"search_term_string\"}}],\"inLanguage\":\"sv-SE\"}]}<\/script>\n<!-- \/ Yoast SEO Premium plugin. -->","yoast_head_json":{"title":"Ty\u00f6paikat - Ehta","robots":{"index":"index","follow":"follow","max-snippet":"max-snippet:-1","max-image-preview":"max-image-preview:large","max-video-preview":"max-video-preview:-1"},"canonical":"https:\/\/www.ehta.fi\/sv\/tyopaikat\/","og_locale":"sv_SE","og_type":"article","og_title":"Ty\u00f6paikat","og_description":"Ty\u00f6paikat Sinustako uusi ehtalainen? Tule mukaan mahdollistamaan suomalaisille parhaita hetki\u00e4 ja ly\u00f6m\u00e4tt\u00f6mi\u00e4 l\u00f6ylyj\u00e4!","og_url":"https:\/\/www.ehta.fi\/sv\/tyopaikat\/","og_site_name":"Ehta","article_modified_time":"2024-05-06T10:09:23+00:00","twitter_card":"summary_large_image","schema":{"@context":"https:\/\/schema.org","@graph":[{"@type":"WebPage","@id":"https:\/\/www.ehta.fi\/tyopaikat\/","url":"https:\/\/www.ehta.fi\/tyopaikat\/","name":"Ty\u00f6paikat - Ehta","isPartOf":{"@id":"https:\/\/www.ehta.fi\/#website"},"datePublished":"2024-05-06T06:53:39+00:00","dateModified":"2024-05-06T10:09:23+00:00","breadcrumb":{"@id":"https:\/\/www.ehta.fi\/tyopaikat\/#breadcrumb"},"inLanguage":"sv-SE","potentialAction":[{"@type":"ReadAction","target":["https:\/\/www.ehta.fi\/tyopaikat\/"]}]},{"@type":"BreadcrumbList","@id":"https:\/\/www.ehta.fi\/tyopaikat\/#breadcrumb","itemListElement":[{"@type":"ListItem","position":1,"name":"Home","item":"https:\/\/www.ehta.fi\/"},{"@type":"ListItem","position":2,"name":"Ty\u00f6paikat"}]},{"@type":"WebSite","@id":"https:\/\/www.ehta.fi\/#website","url":"https:\/\/www.ehta.fi\/","name":"\u00c4kta","description":"Pihasaunat, saunam\u00f6kit, m\u00f6kit ja aitat","potentialAction":[{"@type":"SearchAction","target":{"@type":"EntryPoint","urlTemplate":"https:\/\/www.ehta.fi\/?s={search_term_string}"},"query-input":{"@type":"PropertyValueSpecification","valueRequired":true,"valueName":"search_term_string"}}],"inLanguage":"sv-SE"}]}},"_links":{"self":[{"href":"https:\/\/www.ehta.fi\/sv\/wp-json\/wp\/v2\/pages\/14884","targetHints":{"allow":["GET"]}}],"collection":[{"href":"https:\/\/www.ehta.fi\/sv\/wp-json\/wp\/v2\/pages"}],"about":[{"href":"https:\/\/www.ehta.fi\/sv\/wp-json\/wp\/v2\/types\/page"}],"author":[{"embeddable":true,"href":"https:\/\/www.ehta.fi\/sv\/wp-json\/wp\/v2\/users\/1"}],"replies":[{"embeddable":true,"href":"https:\/\/www.ehta.fi\/sv\/wp-json\/wp\/v2\/comments?post=14884"}],"version-history":[{"count":13,"href":"https:\/\/www.ehta.fi\/sv\/wp-json\/wp\/v2\/pages\/14884\/revisions"}],"predecessor-version":[{"id":14909,"href":"https:\/\/www.ehta.fi\/sv\/wp-json\/wp\/v2\/pages\/14884\/revisions\/14909"}],"wp:attachment":[{"href":"https:\/\/www.ehta.fi\/sv\/wp-json\/wp\/v2\/media?parent=14884"}],"curies":[{"name":"wp","href":"https:\/\/api.w.org\/{rel}","templated":true}]}}