{"id":17751,"date":"2025-04-24T13:31:29","date_gmt":"2025-04-24T10:31:29","guid":{"rendered":"https:\/\/www.ehta.fi\/?page_id=17751"},"modified":"2025-12-03T15:21:13","modified_gmt":"2025-12-03T13:21:13","slug":"varaa-etasuunnittelu","status":"publish","type":"page","link":"https:\/\/www.ehta.fi\/sv\/varaa-etasuunnittelu\/","title":{"rendered":"Boka fj\u00e4rrplanering"},"content":{"rendered":"\t\t<div data-elementor-type=\"wp-page\" data-elementor-id=\"17751\" class=\"elementor elementor-17751\" data-elementor-post-type=\"page\">\n\t\t\t\t<div class=\"elementor-element elementor-element-7e5cc51 e-con-full e-flex e-con e-parent\" data-id=\"7e5cc51\" data-element_type=\"container\" data-e-type=\"container\" data-settings=\"{&quot;jet_parallax_layout_list&quot;:[]}\">\n\t\t\t\t<div class=\"elementor-element elementor-element-7aac51f elementor-widget elementor-widget-heading\" data-id=\"7aac51f\" data-element_type=\"widget\" data-e-type=\"widget\" data-widget_type=\"heading.default\">\n\t\t\t\t<div class=\"elementor-widget-container\">\n\t\t\t\t\t<h1 class=\"elementor-heading-title elementor-size-default\">Varaa et\u00e4suunnittelu<\/h1>\t\t\t\t<\/div>\n\t\t\t\t<\/div>\n\t\t\t\t<div class=\"elementor-element elementor-element-04a70de elementor-widget elementor-widget-text-editor\" data-id=\"04a70de\" data-element_type=\"widget\" data-e-type=\"widget\" data-widget_type=\"text-editor.default\">\n\t\t\t\t<div class=\"elementor-widget-container\">\n\t\t\t\t\t\t\t\t\t<p>L\u00e4hde matkalle kohti parhaita hetki\u00e4! Varaa maksuton et\u00e4suunnittelu, jossa autamme suunnittelemaan juuri sinun el\u00e4m\u00e4\u00e4si sopivan ratkaisun \u2013 ammattitaidolla ja ilman ostamisen pakkoa.<\/p>\t\t\t\t\t\t\t\t<\/div>\n\t\t\t\t<\/div>\n\t\t\t\t<\/div>\n\t\t<div class=\"elementor-element elementor-element-bcb6e93 e-con-full e-flex e-con e-parent\" data-id=\"bcb6e93\" data-element_type=\"container\" data-e-type=\"container\" data-settings=\"{&quot;jet_parallax_layout_list&quot;:[]}\">\n\t\t<div class=\"elementor-element elementor-element-322911f e-con-full e-flex e-con e-child\" data-id=\"322911f\" data-element_type=\"container\" data-e-type=\"container\" data-settings=\"{&quot;jet_parallax_layout_list&quot;:[]}\">\n\t\t\t\t<div class=\"elementor-element elementor-element-9ef9cdb elementor-widget elementor-widget-heading\" data-id=\"9ef9cdb\" data-element_type=\"widget\" data-e-type=\"widget\" data-widget_type=\"heading.default\">\n\t\t\t\t<div class=\"elementor-widget-container\">\n\t\t\t\t\t<h4 class=\"elementor-heading-title elementor-size-default\">Et\u00e4suunnittelussa saat vastauksia esimerkiksi seuraaviin kysymyksiin:<\/h4>\t\t\t\t<\/div>\n\t\t\t\t<\/div>\n\t\t\t\t<div class=\"elementor-element elementor-element-7959faa elementor-widget elementor-widget-text-editor\" data-id=\"7959faa\" data-element_type=\"widget\" data-e-type=\"widget\" data-widget_type=\"text-editor.default\">\n\t\t\t\t<div class=\"elementor-widget-container\">\n\t\t\t\t\t\t\t\t\t<ul><li>Millainen olisi hyv\u00e4 pohjaratkaisu meid\u00e4n tarpeisiimme?<\/li><li>Milt\u00e4 valmis rakennus tulee n\u00e4ytt\u00e4m\u00e4\u00e4n?<\/li><li>Tarvitseeko kohteemme rakentamisluvan?<\/li><li>Mit\u00e4 hanke tulee maksamaan?<\/li><\/ul>\t\t\t\t\t\t\t\t<\/div>\n\t\t\t\t<\/div>\n\t\t\t\t<div class=\"elementor-element elementor-element-d9ed45d elementor-widget elementor-widget-text-editor\" data-id=\"d9ed45d\" data-element_type=\"widget\" data-e-type=\"widget\" data-widget_type=\"text-editor.default\">\n\t\t\t\t<div class=\"elementor-widget-container\">\n\t\t\t\t\t\t\t\t\t<p>Et\u00e4suunnitteluun voi osallistua mobiililaitteella tai tietokoneella. Saat meilt\u00e4 ohjeet ja neuvomme tarvittaessa.<\/p>\t\t\t\t\t\t\t\t<\/div>\n\t\t\t\t<\/div>\n\t\t\t\t<div class=\"elementor-element elementor-element-f59b7cd elementor-widget elementor-widget-text-editor\" data-id=\"f59b7cd\" data-element_type=\"widget\" data-e-type=\"widget\" data-widget_type=\"text-editor.default\">\n\t\t\t\t<div class=\"elementor-widget-container\">\n\t\t\t\t\t\t\t\t\t<p><strong>Varaa haluamasi aika oheisella lomakkeella!<\/strong><\/p><p>Et\u00e4suunnittelu on maksuton ja sitoumukseton.<\/p>\t\t\t\t\t\t\t\t<\/div>\n\t\t\t\t<\/div>\n\t\t\t\t<div class=\"elementor-element elementor-element-710bd90 elementor-widget elementor-widget-image\" data-id=\"710bd90\" data-element_type=\"widget\" data-e-type=\"widget\" data-widget_type=\"image.default\">\n\t\t\t\t<div class=\"elementor-widget-container\">\n\t\t\t\t\t\t\t\t\t\t\t\t\t\t\t<img fetchpriority=\"high\" decoding=\"async\" width=\"800\" height=\"533\" src=\"https:\/\/www.ehta.fi\/wp-content\/uploads\/2025\/04\/DSC06339-1024x682.jpg\" class=\"attachment-large size-large wp-image-17848\" alt=\"\" srcset=\"https:\/\/www.ehta.fi\/wp-content\/uploads\/2025\/04\/DSC06339-1024x682.jpg 1024w, https:\/\/www.ehta.fi\/wp-content\/uploads\/2025\/04\/DSC06339-300x200.jpg 300w, https:\/\/www.ehta.fi\/wp-content\/uploads\/2025\/04\/DSC06339-768x512.jpg 768w, https:\/\/www.ehta.fi\/wp-content\/uploads\/2025\/04\/DSC06339-1536x1024.jpg 1536w, https:\/\/www.ehta.fi\/wp-content\/uploads\/2025\/04\/DSC06339-600x400.jpg 600w, https:\/\/www.ehta.fi\/wp-content\/uploads\/2025\/04\/DSC06339.jpg 2000w\" sizes=\"(max-width: 800px) 100vw, 800px\" \/>\t\t\t\t\t\t\t\t\t\t\t\t\t\t\t<\/div>\n\t\t\t\t<\/div>\n\t\t\t\t<\/div>\n\t\t<div class=\"elementor-element elementor-element-9658ce9 e-con-full e-flex e-con e-child\" data-id=\"9658ce9\" data-element_type=\"container\" data-e-type=\"container\" data-settings=\"{&quot;background_background&quot;:&quot;classic&quot;,&quot;jet_parallax_layout_list&quot;:[]}\">\n\t\t\t\t<div class=\"elementor-element elementor-element-dee3627 elementor-widget elementor-widget-jet-form-builder-form\" data-id=\"dee3627\" data-element_type=\"widget\" data-e-type=\"widget\" data-widget_type=\"jet-form-builder-form.default\">\n\t\t\t\t<div class=\"elementor-widget-container\">\n\t\t\t\t\t<link rel='stylesheet' id='wp-block-library-css' href='https:\/\/www.ehta.fi\/wp-includes\/css\/dist\/block-library\/style.min.css' type='text\/css' media='all' \/>\n<link rel=\"preconnect\" href=\"https:\/\/fonts.gstatic.com\"><style id=\"jet-form-builder-17756-inline-css\">.jet-sm-gb-8ac0fc85-0c2b-46a3-aca0-7c152780d671 .jet-form-builder__desc.jet-form-builder__desc.jet-form-builder__desc{background-color: ;} .jet-sm-gb-8ac0fc85-0c2b-46a3-aca0-7c152780d671 .jet-form-builder__field-wrap textarea{height: 100px; min-height: 100px;} .jet-sm-gb-d215aaba-c4f6-465c-bb65-c1a1e98e6b6f .jet-form-builder__desc.jet-form-builder__desc.jet-form-builder__desc{background-color: ;} .jet-sm-gb-a777b29c-d9d0-40d3-b67e-982524a19596 .jet-form-builder__action-button:hover:not(:disabled){background-color: ;} .jet-sm-gb-1a5ef922-7a28-42d6-92ff-ddcd27dbaf63 .jet-form-builder__desc.jet-form-builder__desc.jet-form-builder__desc{background-color: ;} .jet-sm-gb-cfe363e8-e0b4-498e-b38b-1eb8eed0fc44 .jet-form-builder__action-button:hover:not(:disabled){background-color: ;} .jet-sm-gb-b285d145-a456-4ec7-80fa-95a6e1ad7a52 .jet-form-builder__desc{background-color: ;} <\/style><form  class=\"jet-form-builder layout-column submit-type-ajax\" action=\"https:\/\/www.ehta.fi\/sv\/wp-json\/wp\/v2\/pages\/17751\/?uTBwjy=2tR0XA6TOr&amp;method=reload\" method=\"POST\" data-form-id=\"17756\" data-layout=\"column\" enctype=\"multipart\/form-data\" novalidate=\"null\" ssr_validation_method=\"rest\">\r\n<input type=\"hidden\" name=\"_jfb_current_render_states[]\" value=\"DEFAULT.STATE\" data-jfb-sync \/><input type=\"hidden\" class=\"jet-form-builder__field hidden-field\" name=\"_jet_engine_booking_form_id\" data-field-name=\"_jet_engine_booking_form_id\" value=\"17756\">\n<input type=\"hidden\" class=\"jet-form-builder__field hidden-field\" name=\"_jet_engine_refer\" data-field-name=\"_jet_engine_refer\" value=\"https:\/\/www.ehta.fi\/sv\/wp-json\/wp\/v2\/pages\/17751\/\">\n<input type=\"hidden\" class=\"jet-form-builder__field hidden-field\" name=\"__queried_post_id\" data-field-name=\"__queried_post_id\" value=\"17751\">\n<div class=\"jet-form-builder-progress-pages jfb-progress-type--default jet-form-builder-progress-pages--global\" data-type=\"default\">\t<div class=\"jet-form-builder-progress-pages__item--wrapper active-page\" data-page=\"1\">\n\t\t<div class=\"jet-form-builder-progress-pages__item\">\n\t\t\t<div class=\"jet-form-builder-progress-pages__item--circle\">1<\/div>\n\t\t\t<div class=\"jet-form-builder-progress-pages__item--label\">Tapaamisaika<\/div>\n\t\t<\/div>\n\t\t\t\t\t<div class=\"jet-form-builder-progress-pages__separator\"><\/div>\n\t\t\t<\/div>\n\t\t<div class=\"jet-form-builder-progress-pages__item--wrapper\" data-page=\"2\">\n\t\t<div class=\"jet-form-builder-progress-pages__item\">\n\t\t\t<div class=\"jet-form-builder-progress-pages__item--circle\">2<\/div>\n\t\t\t<div class=\"jet-form-builder-progress-pages__item--label\">Yhteystiedot<\/div>\n\t\t<\/div>\n\t\t\t<\/div>\n\t<\/div><div class=\"jet-form-builder-page \" data-page=\"1\" data-page-offset=\"75\">\n<input type=\"hidden\" class=\"jet-form-builder__field hidden-field\" name=\"provider_id\" data-field-name=\"provider_id\" data-jfb-sync=\"null\" value=\"17762\">\n\n\n\n\n<input type=\"hidden\" class=\"jet-form-builder__field hidden-field\" name=\"service_id\" data-field-name=\"service_id\" data-jfb-sync=\"null\" value=\"17758\">\n\n\n\n\n<h4 class=\"wp-block-heading\" id=\"h-valitse-paiva-ja-aika\">Valitse p\u00e4iv\u00e4 ja aika<\/h4>\n\n\n<div class=\" jet-sm-gb-wrapper jet-sm-gb-d215aaba-c4f6-465c-bb65-c1a1e98e6b6f\" data-block-id=\"jet-sm-gb-d215aaba-c4f6-465c-bb65-c1a1e98e6b6f\" ><div  class=\"jet-form-builder-row field-type-appointment-date\" >\n<div class=\"jet-apb-calendar-wrapper\">\n\t<div class=\"appointment-calendar jet-apb-calendar\" data-args=\"{&quot;booking_type&quot;:&quot;slot&quot;,&quot;excludedDates&quot;:[],&quot;datesMode&quot;:&quot;override_full&quot;,&quot;worksDates&quot;:[],&quot;datesRange&quot;:{&quot;start&quot;:0,&quot;end&quot;:0},&quot;availableWeekDays&quot;:[&quot;monday&quot;,&quot;tuesday&quot;,&quot;wednesday&quot;,&quot;thursday&quot;,&quot;friday&quot;],&quot;service&quot;:{&quot;field&quot;:&quot;service_id&quot;},&quot;providerIsset&quot;:true,&quot;provider&quot;:{&quot;field&quot;:&quot;provider_id&quot;},&quot;inputName&quot;:&quot;appointment_date&quot;,&quot;isRequired&quot;:false,&quot;allowedServices&quot;:{&quot;field&quot;:&quot;provider_id&quot;},&quot;slotAutoCheck&quot;:false}\"><\/div>\n\n\t\t<div class=\"jet-apb-calendar-appointments-list-wrapper\" style=\"display: none\">\n\t\t<div class=\"jet-form-builder__heading\">\n\t\t\t<span class=\"jet-form-builder__label-text\">Tapaamisen tiedot:<\/span>\n\t\t<\/div>\n\t\t<div class=\"jet-apb-calendar-appointments-list\"><\/div>\n\t<\/div>\n\t<div class=\"jet-apb-calendar-notification\" style=\"display: none\">\n\t\t<div class=\"jet-apb-calendar-notification-service\">Please, select the service first.<\/div>\n\t\t<div class=\"jet-apb-calendar-notification-provider\">Please, select the provider first.<\/div>\n\t\t<div class=\"jet-apb-calendar-notification-service-field\">Please set service field for current calendar<\/div>\n\t\t<div class=\"jet-apb-calendar-notification-max-slots\">Sorry. You have the max number of appointments.<\/div>\n\t<\/div>\n<\/div>\n<\/div><\/div>\n\n<div class=\" jet-sm-gb-wrapper jet-sm-gb-b285d145-a456-4ec7-80fa-95a6e1ad7a52\" data-block-id=\"jet-sm-gb-b285d145-a456-4ec7-80fa-95a6e1ad7a52\" ><div class=\"jet-form-builder__conditional \" data-jfb-conditional=\"[{&quot;operator&quot;:&quot;not_empty&quot;,&quot;value&quot;:&quot;&quot;,&quot;field&quot;:&quot;appointment_date&quot;,&quot;use_preset&quot;:false}]\" data-jfb-func=\"hide\">\n<div class=\" jet-sm-gb-wrapper jet-sm-gb-1a5ef922-7a28-42d6-92ff-ddcd27dbaf63\" data-block-id=\"jet-sm-gb-1a5ef922-7a28-42d6-92ff-ddcd27dbaf63\" ><div  class=\"jet-form-builder-row field-type-checkbox-field\" >\n<div class=\"jet-form-builder__fields-group checkradio-wrap\" data-jfb-sync><div class=\"jet-form-builder__field-wrap checkboxes-wrap checkradio-wrap\"><label class=\"jet-form-builder__field-label for-checkbox\">\n\t\t\t<input type=\"checkbox\" name=\"field_name\" value=\"0\" data-field-name=\"field_name\"  class=\"jet-form-builder__field checkboxes-field checkradio-field\"><span>Haluan mieluummin, ett\u00e4 minuun otetaan yhteytt\u00e4 ajan sopimiseksi<\/span><\/label><\/div><\/div>\n<\/div><\/div>\n<\/div><\/div>\n\n<div class=\"jet-form-builder__next-page-wrap\">\n\t\t\t\t\t<button class=\"jet-form-builder__next-page\" type=\"button\">Seuraava<\/button>\n\t<\/div>\n<\/div>\n<div class=\"jet-form-builder-page jet-form-builder-page--hidden\" data-page=\"2\" data-page-offset=\"75\">\n\n\n<script>\njQuery(document).ready(function($) {\n    $(\".jet-form-builder__next-page\").click(function(){\nvar raw = $('input[name=\"appointment_date\"]').val();\nif (raw) {\nvar arr = JSON.parse(raw);\nvar friendlyDate = arr[0].friendlyDate;\nvar friendlyTime = arr[0].friendlyTime;\n        $(\"#tapaaminen\").html(\"<h4>Valittu tapaamisaika<\/h4>\" + friendlyDate + \" \" + friendlyTime);\n}\nelse $(\"#tapaaminen\").html(\"<h4>Valittu tapaamisaika<\/h4>Haluan, ett\u00e4 minuun otetaan yhteytt\u00e4 ajan sopimiseksi.\");\n    }); \n});<\/script>\n<div id=\"tapaaminen\"><\/div>\n\n\n\n<h4 class=\"wp-block-heading\" id=\"h-yhteystiedot\">Yhteystiedot<\/h4>\n\n\n<div class=\" jet-sm-gb-wrapper jet-sm-gb-8ac0fc85-0c2b-46a3-aca0-7c152780d671\" data-block-id=\"jet-sm-gb-8ac0fc85-0c2b-46a3-aca0-7c152780d671\" ><div  class=\"jet-form-builder-row field-type-text-field\" >\n<div class=\"jet-form-builder__label\">\r\n<div class=\"jet-form-builder__label-text\">Nimi <span class=\"jet-form-builder__required\">*<\/span><\/div><\/div><div class=\"jet-form-builder__field-wrap\">\n\t\t\t\t<input required=\"required\" name=\"nimi\" id=\"nimi\" type=\"text\" data-field-name=\"nimi\" class=\"jet-form-builder__field text-field\" data-jfb-sync=\"null\" autocomplete=\"off_JsaDfeRt\">\n\t\t\t\t\t<\/div>\n<\/div><\/div>\n\n<div class=\" jet-sm-gb-wrapper jet-sm-gb-8ac0fc85-0c2b-46a3-aca0-7c152780d671\" data-block-id=\"jet-sm-gb-8ac0fc85-0c2b-46a3-aca0-7c152780d671\" ><div  class=\"jet-form-builder-row field-type-text-field\" >\n<div class=\"jet-form-builder__label\">\r\n<div class=\"jet-form-builder__label-text\">Puhelinnumero <span class=\"jet-form-builder__required\">*<\/span><\/div><\/div><div class=\"jet-form-builder__field-wrap\">\n\t\t\t\t<input required=\"required\" name=\"puhelin\" id=\"puhelin\" type=\"tel\" data-field-name=\"puhelin\" class=\"jet-form-builder__field text-field\" data-jfb-sync=\"null\" autocomplete=\"off_i3bJB2eG\">\n\t\t\t\t\t<\/div>\n<\/div><\/div>\n\n<div class=\" jet-sm-gb-wrapper jet-sm-gb-8ac0fc85-0c2b-46a3-aca0-7c152780d671\" data-block-id=\"jet-sm-gb-8ac0fc85-0c2b-46a3-aca0-7c152780d671\" ><div  class=\"jet-form-builder-row field-type-text-field\" >\n<div class=\"jet-form-builder__label\">\r\n<div class=\"jet-form-builder__label-text\">S\u00e4hk\u00f6postiosoite <span class=\"jet-form-builder__required\">*<\/span><\/div><\/div><div class=\"jet-form-builder__field-wrap\">\n\t\t\t\t<input required=\"required\" name=\"email\" id=\"email\" type=\"email\" data-field-name=\"email\" class=\"jet-form-builder__field text-field\" data-jfb-sync=\"null\" autocomplete=\"off_b8jv6wuq\">\n\t\t\t\t\t<\/div>\n<\/div><\/div>\n\n<div class=\" jet-sm-gb-wrapper jet-sm-gb-8ac0fc85-0c2b-46a3-aca0-7c152780d671\" data-block-id=\"jet-sm-gb-8ac0fc85-0c2b-46a3-aca0-7c152780d671\" ><div  class=\"jet-form-builder-row field-type-textarea-field\" >\n<div class=\"jet-form-builder__label\">\r\n<div class=\"jet-form-builder__label-text\">Lis\u00e4tiedot<\/div><\/div><div class=\"jet-form-builder__field-wrap\">\n\t\t<textarea class=\"jet-form-builder__field textarea-field\" name=\"lisatiedot\" data-field-name=\"lisatiedot\" id=\"lisatiedot\" data-jfb-sync=\"null\"><\/textarea>\n\t<\/div>\n<\/div><\/div>\n\n\n<div class=\"wp-block-group is-nowrap is-layout-flex wp-container-core-group-is-layout-6c531013 wp-block-group-is-layout-flex\"><div class=\" jet-sm-gb-wrapper jet-sm-gb-cfe363e8-e0b4-498e-b38b-1eb8eed0fc44\" data-block-id=\"jet-sm-gb-cfe363e8-e0b4-498e-b38b-1eb8eed0fc44\" ><div class=\"jet-form-builder__field-wrap maspik-field\">\n                <label for=\"full-name-maspik-hp\" class=\"jet-form-builder__label\">Leave this field empty<\/label>\n                <input size=\"1\" type=\"text\" autocomplete=\"off\" aria-hidden=\"true\" tabindex=\"-1\" aria-label=\"Leave this field empty\" name=\"full-name-maspik-hp\" id=\"full-name-maspik-hp\" class=\"jet-form-builder__field jet-form-builder__field-text\" placeholder=\"Leave this field empty\">\n            <\/div><div  class=\"jet-form-builder-row field-type-submit-field\" >\n\t<div data-type=\"prev\" class=\"jet-form-builder__action-button-wrapper\">\n\t<button class=\"jet-form-builder__action-button jet-form-builder__prev-page\" type=\"button\">Edellinen<\/button>\n\t<\/div>\n\t\n<\/div><\/div>\n\n<div class=\" jet-sm-gb-wrapper jet-sm-gb-a777b29c-d9d0-40d3-b67e-982524a19596\" data-block-id=\"jet-sm-gb-a777b29c-d9d0-40d3-b67e-982524a19596\" ><div class=\"jet-form-builder__field-wrap maspik-field\">\n                <label for=\"full-name-maspik-hp\" class=\"jet-form-builder__label\">Leave this field empty<\/label>\n                <input size=\"1\" type=\"text\" autocomplete=\"off\" aria-hidden=\"true\" tabindex=\"-1\" aria-label=\"Leave this field empty\" name=\"full-name-maspik-hp\" id=\"full-name-maspik-hp\" class=\"jet-form-builder__field jet-form-builder__field-text\" placeholder=\"Leave this field empty\">\n            <\/div><div  class=\"jet-form-builder-row field-type-submit-field\" >\n\t<div data-type=\"submit\" class=\"jet-form-builder__action-button-wrapper jet-form-builder__submit-wrap\">\n\t<button class=\"jet-form-builder__action-button jet-form-builder__submit submit-type-ajax\" type=\"submit\">Vahvista<\/button>\n\t<\/div>\n\t\n<\/div><\/div><\/div>\n\n\n<\/div>\t<div class=\"jet-form-builder-messages-wrap\" data-form-id=\"17756\"><\/div>\n<\/form>\n\t\t\t\t<\/div>\n\t\t\t\t<\/div>\n\t\t\t\t<\/div>\n\t\t\t\t<\/div>\n\t\t\t\t<\/div>\n\t\t","protected":false},"excerpt":{"rendered":"<p>Varaa et\u00e4suunnittelu L\u00e4hde matkalle kohti parhaita hetki\u00e4! Varaa maksuton et\u00e4suunnittelu, jossa autamme suunnittelemaan juuri sinun el\u00e4m\u00e4\u00e4si sopivan ratkaisun \u2013 ammattitaidolla ja ilman ostamisen pakkoa. Et\u00e4suunnittelussa saat vastauksia esimerkiksi seuraaviin kysymyksiin: Millainen olisi hyv\u00e4 pohjaratkaisu meid\u00e4n tarpeisiimme? Milt\u00e4 valmis rakennus tulee n\u00e4ytt\u00e4m\u00e4\u00e4n? Tarvitseeko kohteemme rakentamisluvan? Mit\u00e4 hanke tulee maksamaan? Et\u00e4suunnitteluun voi osallistua mobiililaitteella tai tietokoneella. Saat [&hellip;]<\/p>\n","protected":false},"author":1,"featured_media":0,"parent":0,"menu_order":0,"comment_status":"closed","ping_status":"closed","template":"","meta":{"_jet_sm_ready_style":"","_jet_sm_style":"","_jet_sm_controls_values":"","_jet_sm_fonts_collection":"","_jet_sm_fonts_links":"","footnotes":""},"class_list":["post-17751","page","type-page","status-publish","hentry"],"yoast_head":"<!-- This site is optimized with the Yoast SEO Premium plugin v27.2 (Yoast SEO v27.2) - https:\/\/yoast.com\/product\/yoast-seo-premium-wordpress\/ -->\n<title>Varaa et\u00e4suunnittelu - Ehta<\/title>\n<meta name=\"robots\" content=\"index, follow, max-snippet:-1, max-image-preview:large, max-video-preview:-1\" \/>\n<link rel=\"canonical\" href=\"https:\/\/www.ehta.fi\/sv\/varaa-etasuunnittelu\/\" \/>\n<meta property=\"og:locale\" content=\"sv_SE\" \/>\n<meta property=\"og:type\" content=\"article\" \/>\n<meta property=\"og:title\" content=\"Varaa et\u00e4suunnittelu\" \/>\n<meta property=\"og:description\" content=\"Varaa et\u00e4suunnittelu L\u00e4hde matkalle kohti parhaita hetki\u00e4! Varaa maksuton et\u00e4suunnittelu, jossa autamme suunnittelemaan juuri sinun el\u00e4m\u00e4\u00e4si sopivan ratkaisun \u2013 ammattitaidolla ja ilman ostamisen pakkoa. Et\u00e4suunnittelussa saat vastauksia esimerkiksi seuraaviin kysymyksiin: Millainen olisi hyv\u00e4 pohjaratkaisu meid\u00e4n tarpeisiimme? Milt\u00e4 valmis rakennus tulee n\u00e4ytt\u00e4m\u00e4\u00e4n? Tarvitseeko kohteemme rakentamisluvan? Mit\u00e4 hanke tulee maksamaan? Et\u00e4suunnitteluun voi osallistua mobiililaitteella tai tietokoneella. Saat [&hellip;]\" \/>\n<meta property=\"og:url\" content=\"https:\/\/www.ehta.fi\/sv\/varaa-etasuunnittelu\/\" \/>\n<meta property=\"og:site_name\" content=\"Ehta\" \/>\n<meta property=\"article:modified_time\" content=\"2025-12-03T13:21:13+00:00\" \/>\n<meta property=\"og:image\" content=\"https:\/\/www.ehta.fi\/wp-content\/uploads\/2025\/04\/DSC06339.jpg\" \/>\n\t<meta property=\"og:image:width\" content=\"2000\" \/>\n\t<meta property=\"og:image:height\" content=\"1333\" \/>\n\t<meta property=\"og:image:type\" content=\"image\/jpeg\" \/>\n<meta name=\"twitter:card\" content=\"summary_large_image\" \/>\n<meta name=\"twitter:label1\" content=\"Ber\u00e4knad l\u00e4stid\" \/>\n\t<meta name=\"twitter:data1\" content=\"2 minuter\" \/>\n<script type=\"application\/ld+json\" class=\"yoast-schema-graph\">{\"@context\":\"https:\/\/schema.org\",\"@graph\":[{\"@type\":\"WebPage\",\"@id\":\"https:\/\/www.ehta.fi\/varaa-etasuunnittelu\/\",\"url\":\"https:\/\/www.ehta.fi\/varaa-etasuunnittelu\/\",\"name\":\"Varaa et\u00e4suunnittelu - Ehta\",\"isPartOf\":{\"@id\":\"https:\/\/www.ehta.fi\/#website\"},\"primaryImageOfPage\":{\"@id\":\"https:\/\/www.ehta.fi\/varaa-etasuunnittelu\/#primaryimage\"},\"image\":{\"@id\":\"https:\/\/www.ehta.fi\/varaa-etasuunnittelu\/#primaryimage\"},\"thumbnailUrl\":\"https:\/\/www.ehta.fi\/wp-content\/uploads\/2025\/04\/DSC06339-1024x682.jpg\",\"datePublished\":\"2025-04-24T10:31:29+00:00\",\"dateModified\":\"2025-12-03T13:21:13+00:00\",\"breadcrumb\":{\"@id\":\"https:\/\/www.ehta.fi\/varaa-etasuunnittelu\/#breadcrumb\"},\"inLanguage\":\"sv-SE\",\"potentialAction\":[{\"@type\":\"ReadAction\",\"target\":[\"https:\/\/www.ehta.fi\/varaa-etasuunnittelu\/\"]}]},{\"@type\":\"ImageObject\",\"inLanguage\":\"sv-SE\",\"@id\":\"https:\/\/www.ehta.fi\/varaa-etasuunnittelu\/#primaryimage\",\"url\":\"https:\/\/www.ehta.fi\/wp-content\/uploads\/2025\/04\/DSC06339-1024x682.jpg\",\"contentUrl\":\"https:\/\/www.ehta.fi\/wp-content\/uploads\/2025\/04\/DSC06339-1024x682.jpg\"},{\"@type\":\"BreadcrumbList\",\"@id\":\"https:\/\/www.ehta.fi\/varaa-etasuunnittelu\/#breadcrumb\",\"itemListElement\":[{\"@type\":\"ListItem\",\"position\":1,\"name\":\"Home\",\"item\":\"https:\/\/www.ehta.fi\/\"},{\"@type\":\"ListItem\",\"position\":2,\"name\":\"Varaa et\u00e4suunnittelu\"}]},{\"@type\":\"WebSite\",\"@id\":\"https:\/\/www.ehta.fi\/#website\",\"url\":\"https:\/\/www.ehta.fi\/\",\"name\":\"Ehta\",\"description\":\"Pihasaunat, saunam\u00f6kit, m\u00f6kit ja aitat\",\"potentialAction\":[{\"@type\":\"SearchAction\",\"target\":{\"@type\":\"EntryPoint\",\"urlTemplate\":\"https:\/\/www.ehta.fi\/?s={search_term_string}\"},\"query-input\":{\"@type\":\"PropertyValueSpecification\",\"valueRequired\":true,\"valueName\":\"search_term_string\"}}],\"inLanguage\":\"sv-SE\"}]}<\/script>\n<!-- \/ Yoast SEO Premium plugin. -->","yoast_head_json":{"title":"Varaa et\u00e4suunnittelu - Ehta","robots":{"index":"index","follow":"follow","max-snippet":"max-snippet:-1","max-image-preview":"max-image-preview:large","max-video-preview":"max-video-preview:-1"},"canonical":"https:\/\/www.ehta.fi\/sv\/varaa-etasuunnittelu\/","og_locale":"sv_SE","og_type":"article","og_title":"Varaa et\u00e4suunnittelu","og_description":"Varaa et\u00e4suunnittelu L\u00e4hde matkalle kohti parhaita hetki\u00e4! Varaa maksuton et\u00e4suunnittelu, jossa autamme suunnittelemaan juuri sinun el\u00e4m\u00e4\u00e4si sopivan ratkaisun \u2013 ammattitaidolla ja ilman ostamisen pakkoa. Et\u00e4suunnittelussa saat vastauksia esimerkiksi seuraaviin kysymyksiin: Millainen olisi hyv\u00e4 pohjaratkaisu meid\u00e4n tarpeisiimme? Milt\u00e4 valmis rakennus tulee n\u00e4ytt\u00e4m\u00e4\u00e4n? Tarvitseeko kohteemme rakentamisluvan? Mit\u00e4 hanke tulee maksamaan? Et\u00e4suunnitteluun voi osallistua mobiililaitteella tai tietokoneella. Saat [&hellip;]","og_url":"https:\/\/www.ehta.fi\/sv\/varaa-etasuunnittelu\/","og_site_name":"Ehta","article_modified_time":"2025-12-03T13:21:13+00:00","og_image":[{"width":2000,"height":1333,"url":"https:\/\/www.ehta.fi\/wp-content\/uploads\/2025\/04\/DSC06339.jpg","type":"image\/jpeg"}],"twitter_card":"summary_large_image","twitter_misc":{"Ber\u00e4knad l\u00e4stid":"2 minuter"},"schema":{"@context":"https:\/\/schema.org","@graph":[{"@type":"WebPage","@id":"https:\/\/www.ehta.fi\/varaa-etasuunnittelu\/","url":"https:\/\/www.ehta.fi\/varaa-etasuunnittelu\/","name":"Varaa et\u00e4suunnittelu - Ehta","isPartOf":{"@id":"https:\/\/www.ehta.fi\/#website"},"primaryImageOfPage":{"@id":"https:\/\/www.ehta.fi\/varaa-etasuunnittelu\/#primaryimage"},"image":{"@id":"https:\/\/www.ehta.fi\/varaa-etasuunnittelu\/#primaryimage"},"thumbnailUrl":"https:\/\/www.ehta.fi\/wp-content\/uploads\/2025\/04\/DSC06339-1024x682.jpg","datePublished":"2025-04-24T10:31:29+00:00","dateModified":"2025-12-03T13:21:13+00:00","breadcrumb":{"@id":"https:\/\/www.ehta.fi\/varaa-etasuunnittelu\/#breadcrumb"},"inLanguage":"sv-SE","potentialAction":[{"@type":"ReadAction","target":["https:\/\/www.ehta.fi\/varaa-etasuunnittelu\/"]}]},{"@type":"ImageObject","inLanguage":"sv-SE","@id":"https:\/\/www.ehta.fi\/varaa-etasuunnittelu\/#primaryimage","url":"https:\/\/www.ehta.fi\/wp-content\/uploads\/2025\/04\/DSC06339-1024x682.jpg","contentUrl":"https:\/\/www.ehta.fi\/wp-content\/uploads\/2025\/04\/DSC06339-1024x682.jpg"},{"@type":"BreadcrumbList","@id":"https:\/\/www.ehta.fi\/varaa-etasuunnittelu\/#breadcrumb","itemListElement":[{"@type":"ListItem","position":1,"name":"Home","item":"https:\/\/www.ehta.fi\/"},{"@type":"ListItem","position":2,"name":"Varaa et\u00e4suunnittelu"}]},{"@type":"WebSite","@id":"https:\/\/www.ehta.fi\/#website","url":"https:\/\/www.ehta.fi\/","name":"\u00c4kta","description":"Pihasaunat, saunam\u00f6kit, m\u00f6kit ja aitat","potentialAction":[{"@type":"SearchAction","target":{"@type":"EntryPoint","urlTemplate":"https:\/\/www.ehta.fi\/?s={search_term_string}"},"query-input":{"@type":"PropertyValueSpecification","valueRequired":true,"valueName":"search_term_string"}}],"inLanguage":"sv-SE"}]}},"_links":{"self":[{"href":"https:\/\/www.ehta.fi\/sv\/wp-json\/wp\/v2\/pages\/17751","targetHints":{"allow":["GET"]}}],"collection":[{"href":"https:\/\/www.ehta.fi\/sv\/wp-json\/wp\/v2\/pages"}],"about":[{"href":"https:\/\/www.ehta.fi\/sv\/wp-json\/wp\/v2\/types\/page"}],"author":[{"embeddable":true,"href":"https:\/\/www.ehta.fi\/sv\/wp-json\/wp\/v2\/users\/1"}],"replies":[{"embeddable":true,"href":"https:\/\/www.ehta.fi\/sv\/wp-json\/wp\/v2\/comments?post=17751"}],"version-history":[{"count":73,"href":"https:\/\/www.ehta.fi\/sv\/wp-json\/wp\/v2\/pages\/17751\/revisions"}],"predecessor-version":[{"id":20398,"href":"https:\/\/www.ehta.fi\/sv\/wp-json\/wp\/v2\/pages\/17751\/revisions\/20398"}],"wp:attachment":[{"href":"https:\/\/www.ehta.fi\/sv\/wp-json\/wp\/v2\/media?parent=17751"}],"curies":[{"name":"wp","href":"https:\/\/api.w.org\/{rel}","templated":true}]}}