{"id":18638,"date":"2025-05-22T13:00:30","date_gmt":"2025-05-22T10:00:30","guid":{"rendered":"https:\/\/www.ehta.fi\/?page_id=18638"},"modified":"2025-05-22T13:03:41","modified_gmt":"2025-05-22T10:03:41","slug":"laskutustiedot","status":"publish","type":"page","link":"https:\/\/www.ehta.fi\/sv\/laskutustiedot\/","title":{"rendered":"Laskutustiedot"},"content":{"rendered":"<div data-elementor-type=\"wp-page\" data-elementor-id=\"18638\" class=\"elementor elementor-18638\" data-elementor-post-type=\"page\">\n\t\t\t\t<div class=\"elementor-element elementor-element-e3f7890 e-con-full e-flex e-con e-parent\" data-id=\"e3f7890\" data-element_type=\"container\" data-e-type=\"container\" data-settings=\"{&quot;jet_parallax_layout_list&quot;:[]}\">\n\t\t\t\t<div class=\"elementor-element elementor-element-2790d6d elementor-widget elementor-widget-heading\" data-id=\"2790d6d\" data-element_type=\"widget\" data-e-type=\"widget\" data-widget_type=\"heading.default\">\n\t\t\t\t<div class=\"elementor-widget-container\">\n\t\t\t\t\t<h2 class=\"elementor-heading-title elementor-size-default\">Laskutustiedot<\/h2>\t\t\t\t<\/div>\n\t\t\t\t<\/div>\n\t\t\t\t<div class=\"elementor-element elementor-element-8d7bd59 elementor-widget elementor-widget-heading\" data-id=\"8d7bd59\" data-element_type=\"widget\" data-e-type=\"widget\" data-widget_type=\"heading.default\">\n\t\t\t\t<div class=\"elementor-widget-container\">\n\t\t\t\t\t<h4 class=\"elementor-heading-title elementor-size-default\">Ehta Group Oy<\/h4>\t\t\t\t<\/div>\n\t\t\t\t<\/div>\n\t\t\t\t<div class=\"elementor-element elementor-element-c150c4b elementor-widget elementor-widget-text-editor\" data-id=\"c150c4b\" data-element_type=\"widget\" data-e-type=\"widget\" data-widget_type=\"text-editor.default\">\n\t\t\t\t<div class=\"elementor-widget-container\">\n\t\t\t\t\t\t\t\t\t<p>Y-tunnus:<br \/>3189520-6<\/p><p>Verkkolaskuosoite:<br \/>003731895206<\/p><p>Operaattori:<br \/>Apix Messaging Oy<\/p><p>Operaattoritunnus:<br \/>003723327487<\/p>\t\t\t\t\t\t\t\t<\/div>\n\t\t\t\t<\/div>\n\t\t\t\t<div class=\"elementor-element elementor-element-6b143f7 elementor-widget elementor-widget-n-accordion\" data-id=\"6b143f7\" data-element_type=\"widget\" data-e-type=\"widget\" data-settings=\"{&quot;default_state&quot;:&quot;all_collapsed&quot;,&quot;max_items_expended&quot;:&quot;one&quot;,&quot;n_accordion_animation_duration&quot;:{&quot;unit&quot;:&quot;ms&quot;,&quot;size&quot;:400,&quot;sizes&quot;:[]}}\" data-widget_type=\"nested-accordion.default\">\n\t\t\t\t<div class=\"elementor-widget-container\">\n\t\t\t\t\t\t\t<div class=\"e-n-accordion\" aria-label=\"Dragspel. \u00d6ppna l\u00e4nkar med Enter eller Mellanslag, st\u00e4ng med Escape, och navigera med piltangenter\">\n\t\t\t\t\t\t<details id=\"e-n-accordion-item-1120\" class=\"e-n-accordion-item\" >\n\t\t\t\t<summary class=\"e-n-accordion-item-title\" data-accordion-index=\"1\" tabindex=\"0\" aria-expanded=\"false\" aria-controls=\"e-n-accordion-item-1120\" >\n\t\t\t\t\t<span class='e-n-accordion-item-title-header'><div class=\"e-n-accordion-item-title-text\"> Ohjeet s\u00e4hk\u00f6posti- ja paperilaskujen l\u00e4hetykseen <\/div><\/span>\n\t\t\t\t\t\t\t<span class='e-n-accordion-item-title-icon'>\n\t\t\t<span class='e-opened' ><svg aria-hidden=\"true\" class=\"e-font-icon-svg e-fas-minus\" viewbox=\"0 0 448 512\" xmlns=\"http:\/\/www.w3.org\/2000\/svg\"><path d=\"M416 208H32c-17.67 0-32 14.33-32 32v32c0 17.67 14.33 32 32 32h384c17.67 0 32-14.33 32-32v-32c0-17.67-14.33-32-32-32z\"><\/path><\/svg><\/span>\n\t\t\t<span class='e-closed'><svg aria-hidden=\"true\" class=\"e-font-icon-svg e-fas-plus\" viewbox=\"0 0 448 512\" xmlns=\"http:\/\/www.w3.org\/2000\/svg\"><path d=\"M416 208H272V64c0-17.67-14.33-32-32-32h-32c-17.67 0-32 14.33-32 32v144H32c-17.67 0-32 14.33-32 32v32c0 17.67 14.33 32 32 32h144v144c0 17.67 14.33 32 32 32h32c17.67 0 32-14.33 32-32V304h144c17.67 0 32-14.33 32-32v-32c0-17.67-14.33-32-32-32z\"><\/path><\/svg><\/span>\n\t\t<\/span>\n\n\t\t\t\t\t\t<\/summary>\n\t\t\t\t<div role=\"region\" aria-labelledby=\"e-n-accordion-item-1120\" class=\"elementor-element elementor-element-4e853b5 e-con-full e-flex e-con e-child\" data-id=\"4e853b5\" data-element_type=\"container\" data-e-type=\"container\" data-settings=\"{&quot;jet_parallax_layout_list&quot;:[]}\">\n\t\t\t\t<div class=\"elementor-element elementor-element-bbaedfb elementor-widget elementor-widget-text-editor\" data-id=\"bbaedfb\" data-element_type=\"widget\" data-e-type=\"widget\" data-widget_type=\"text-editor.default\">\n\t\t\t\t<div class=\"elementor-widget-container\">\n\t\t\t\t\t\t\t\t\t<p>Toivomme, ett\u00e4 l\u00e4het\u00e4tte laskunne jatkossa ensisijaisesti verkkolaskuina. Verkkolaskujen k\u00e4sittely on sek\u00e4 l\u00e4hett\u00e4j\u00e4lle ett\u00e4 vastaanottajalle nopeampaa, luotettavampaa ja edullisempaa kuin paperilaskujen k\u00e4sittely.<\/p><p>Verkkolaskuosoitteemme ovat:<\/p><p>Operaattori \/ Verkkolaskuosoite \/ OVT-tunnus<br \/>Apix Messaging Oy (003723327487) \/ 003731895206 \/ 003731895206<\/p><p>Huomioittehan, ett\u00e4 mik\u00e4li k\u00e4yt\u00f6ss\u00e4nne on jokin seuraavista operaattoreista verkkolaskun l\u00e4hett\u00e4miseen: Handelsbanken tai Paikallisosuuspankit, tulee teid\u00e4n k\u00e4ytt\u00e4\u00e4 Apixin verkkolaskuosoitteenamme seuraavaa osoitetta: verkkolaskuosoite: 003723327487 ja operaattoritunnus: DABAFIHH.<\/p><p>Mik\u00e4li ette voi l\u00e4hett\u00e4\u00e4 verkkolaskuja, pyyd\u00e4mme l\u00e4hett\u00e4m\u00e4\u00e4n laskut ostolaskujen skannauspalveluun.<\/p><p>S\u00e4hk\u00f6postiskannauksen osoite:<br \/>003731895206@procountor.apix.fi<\/p><p>L\u00e4hetett\u00e4v\u00e4 lasku tulee olla s\u00e4hk\u00f6postin liitteen\u00e4 PDF-tiedostona ja yhdell\u00e4 s\u00e4hk\u00f6postilla ja sen liitteiss\u00e4 saa olla vain yksi lasku. Jos s\u00e4hk\u00f6posti sis\u00e4lt\u00e4\u00e4 muita liitetiedostoja, lis\u00e4t\u00e4\u00e4n ne laskun liitteiksi. Liitetiedostojen maksimikoko on 2 mb. L\u00e4hetyksen j\u00e4lkeen palvelusta tulee joko hyv\u00e4ksynt\u00e4- tai hylk\u00e4ysilmoitus s\u00e4hk\u00f6postilla l\u00e4hetysosoitteeseen 15 minuutin kuluessa l\u00e4hetyksest\u00e4.<\/p><p>Paperilaskujen skannauksen osoite:<br \/>Ehta Group Oy (Apix Skannauspalvelu)<br \/>PL 16112<br \/>00021 LASKUTUS<\/p><p>Jotta skannauspalvelu voi kohdistaa laskunne, tulee t\u00e4m\u00e4 laskutusosoite tulostaa my\u00f6s itse laskuun, eik\u00e4 pelk\u00e4st\u00e4\u00e4n kirjekuoreen. T\u00e4h\u00e4n laskutusosoitteeseen ei tule l\u00e4hett\u00e4\u00e4 muuta materiaalia kuin laskuja, eli esimerkiksi tiedotusten ja markkinointimateriaalin postiosoite pysyy ennallaan.<\/p><p>Yst\u00e4v\u00e4llisin terveisin<br \/>Ehta Group Oy<\/p>\t\t\t\t\t\t\t\t<\/div>\n\t\t\t\t<\/div>\n\t\t\t\t<\/div>\n\t\t\t\t\t<\/details>\n\t\t\t\t\t<\/div>\n\t\t\t\t\t\t<\/div>\n\t\t\t\t<\/div>\n\t\t\t\t<\/div>\n\t\t\t\t<\/div>","protected":false},"excerpt":{"rendered":"<p>Laskutustiedot Ehta Group Oy Y-tunnus:3189520-6 Verkkolaskuosoite:003731895206 Operaattori:Apix Messaging Oy Operaattoritunnus:003723327487 Ohjeet s\u00e4hk\u00f6posti- ja paperilaskujen l\u00e4hetykseen Toivomme, ett\u00e4 l\u00e4het\u00e4tte laskunne jatkossa ensisijaisesti verkkolaskuina. Verkkolaskujen k\u00e4sittely on sek\u00e4 l\u00e4hett\u00e4j\u00e4lle ett\u00e4 vastaanottajalle nopeampaa, luotettavampaa ja edullisempaa kuin paperilaskujen k\u00e4sittely. Verkkolaskuosoitteemme ovat: Operaattori \/ Verkkolaskuosoite \/ OVT-tunnusApix Messaging Oy (003723327487) \/ 003731895206 \/ 003731895206 Huomioittehan, ett\u00e4 mik\u00e4li k\u00e4yt\u00f6ss\u00e4nne on [&hellip;]<\/p>\n","protected":false},"author":1,"featured_media":0,"parent":0,"menu_order":0,"comment_status":"closed","ping_status":"closed","template":"","meta":{"_jet_sm_ready_style":"","_jet_sm_style":"","_jet_sm_controls_values":"","_jet_sm_fonts_collection":"","_jet_sm_fonts_links":"","footnotes":""},"class_list":["post-18638","page","type-page","status-publish","hentry"],"yoast_head":"<!-- This site is optimized with the Yoast SEO Premium plugin v27.2 (Yoast SEO v27.2) - https:\/\/yoast.com\/product\/yoast-seo-premium-wordpress\/ -->\n<title>Laskutustiedot - Ehta<\/title>\n<meta name=\"robots\" content=\"index, follow, max-snippet:-1, max-image-preview:large, max-video-preview:-1\" \/>\n<link rel=\"canonical\" href=\"https:\/\/www.ehta.fi\/sv\/laskutustiedot\/\" \/>\n<meta property=\"og:locale\" content=\"sv_SE\" \/>\n<meta property=\"og:type\" content=\"article\" \/>\n<meta property=\"og:title\" content=\"Laskutustiedot\" \/>\n<meta property=\"og:description\" content=\"Laskutustiedot Ehta Group Oy Y-tunnus:3189520-6 Verkkolaskuosoite:003731895206 Operaattori:Apix Messaging Oy Operaattoritunnus:003723327487 Ohjeet s\u00e4hk\u00f6posti- ja paperilaskujen l\u00e4hetykseen Toivomme, ett\u00e4 l\u00e4het\u00e4tte laskunne jatkossa ensisijaisesti verkkolaskuina. Verkkolaskujen k\u00e4sittely on sek\u00e4 l\u00e4hett\u00e4j\u00e4lle ett\u00e4 vastaanottajalle nopeampaa, luotettavampaa ja edullisempaa kuin paperilaskujen k\u00e4sittely. Verkkolaskuosoitteemme ovat: Operaattori \/ Verkkolaskuosoite \/ OVT-tunnusApix Messaging Oy (003723327487) \/ 003731895206 \/ 003731895206 Huomioittehan, ett\u00e4 mik\u00e4li k\u00e4yt\u00f6ss\u00e4nne on [&hellip;]\" \/>\n<meta property=\"og:url\" content=\"https:\/\/www.ehta.fi\/sv\/laskutustiedot\/\" \/>\n<meta property=\"og:site_name\" content=\"Ehta\" \/>\n<meta property=\"article:modified_time\" content=\"2025-05-22T10:03:41+00:00\" \/>\n<meta name=\"twitter:card\" content=\"summary_large_image\" \/>\n<meta name=\"twitter:label1\" content=\"Ber\u00e4knad l\u00e4stid\" \/>\n\t<meta name=\"twitter:data1\" content=\"2 minuter\" \/>\n<script type=\"application\/ld+json\" class=\"yoast-schema-graph\">{\"@context\":\"https:\/\/schema.org\",\"@graph\":[{\"@type\":\"WebPage\",\"@id\":\"https:\/\/www.ehta.fi\/laskutustiedot\/\",\"url\":\"https:\/\/www.ehta.fi\/laskutustiedot\/\",\"name\":\"Laskutustiedot - Ehta\",\"isPartOf\":{\"@id\":\"https:\/\/www.ehta.fi\/#website\"},\"datePublished\":\"2025-05-22T10:00:30+00:00\",\"dateModified\":\"2025-05-22T10:03:41+00:00\",\"breadcrumb\":{\"@id\":\"https:\/\/www.ehta.fi\/laskutustiedot\/#breadcrumb\"},\"inLanguage\":\"sv-SE\",\"potentialAction\":[{\"@type\":\"ReadAction\",\"target\":[\"https:\/\/www.ehta.fi\/laskutustiedot\/\"]}]},{\"@type\":\"BreadcrumbList\",\"@id\":\"https:\/\/www.ehta.fi\/laskutustiedot\/#breadcrumb\",\"itemListElement\":[{\"@type\":\"ListItem\",\"position\":1,\"name\":\"Home\",\"item\":\"https:\/\/www.ehta.fi\/\"},{\"@type\":\"ListItem\",\"position\":2,\"name\":\"Laskutustiedot\"}]},{\"@type\":\"WebSite\",\"@id\":\"https:\/\/www.ehta.fi\/#website\",\"url\":\"https:\/\/www.ehta.fi\/\",\"name\":\"Ehta\",\"description\":\"Pihasaunat, saunam\u00f6kit, m\u00f6kit ja aitat\",\"potentialAction\":[{\"@type\":\"SearchAction\",\"target\":{\"@type\":\"EntryPoint\",\"urlTemplate\":\"https:\/\/www.ehta.fi\/?s={search_term_string}\"},\"query-input\":{\"@type\":\"PropertyValueSpecification\",\"valueRequired\":true,\"valueName\":\"search_term_string\"}}],\"inLanguage\":\"sv-SE\"}]}<\/script>\n<!-- \/ Yoast SEO Premium plugin. -->","yoast_head_json":{"title":"Laskutustiedot - Ehta","robots":{"index":"index","follow":"follow","max-snippet":"max-snippet:-1","max-image-preview":"max-image-preview:large","max-video-preview":"max-video-preview:-1"},"canonical":"https:\/\/www.ehta.fi\/sv\/laskutustiedot\/","og_locale":"sv_SE","og_type":"article","og_title":"Laskutustiedot","og_description":"Laskutustiedot Ehta Group Oy Y-tunnus:3189520-6 Verkkolaskuosoite:003731895206 Operaattori:Apix Messaging Oy Operaattoritunnus:003723327487 Ohjeet s\u00e4hk\u00f6posti- ja paperilaskujen l\u00e4hetykseen Toivomme, ett\u00e4 l\u00e4het\u00e4tte laskunne jatkossa ensisijaisesti verkkolaskuina. Verkkolaskujen k\u00e4sittely on sek\u00e4 l\u00e4hett\u00e4j\u00e4lle ett\u00e4 vastaanottajalle nopeampaa, luotettavampaa ja edullisempaa kuin paperilaskujen k\u00e4sittely. Verkkolaskuosoitteemme ovat: Operaattori \/ Verkkolaskuosoite \/ OVT-tunnusApix Messaging Oy (003723327487) \/ 003731895206 \/ 003731895206 Huomioittehan, ett\u00e4 mik\u00e4li k\u00e4yt\u00f6ss\u00e4nne on [&hellip;]","og_url":"https:\/\/www.ehta.fi\/sv\/laskutustiedot\/","og_site_name":"Ehta","article_modified_time":"2025-05-22T10:03:41+00:00","twitter_card":"summary_large_image","twitter_misc":{"Ber\u00e4knad l\u00e4stid":"2 minuter"},"schema":{"@context":"https:\/\/schema.org","@graph":[{"@type":"WebPage","@id":"https:\/\/www.ehta.fi\/laskutustiedot\/","url":"https:\/\/www.ehta.fi\/laskutustiedot\/","name":"Laskutustiedot - Ehta","isPartOf":{"@id":"https:\/\/www.ehta.fi\/#website"},"datePublished":"2025-05-22T10:00:30+00:00","dateModified":"2025-05-22T10:03:41+00:00","breadcrumb":{"@id":"https:\/\/www.ehta.fi\/laskutustiedot\/#breadcrumb"},"inLanguage":"sv-SE","potentialAction":[{"@type":"ReadAction","target":["https:\/\/www.ehta.fi\/laskutustiedot\/"]}]},{"@type":"BreadcrumbList","@id":"https:\/\/www.ehta.fi\/laskutustiedot\/#breadcrumb","itemListElement":[{"@type":"ListItem","position":1,"name":"Home","item":"https:\/\/www.ehta.fi\/"},{"@type":"ListItem","position":2,"name":"Laskutustiedot"}]},{"@type":"WebSite","@id":"https:\/\/www.ehta.fi\/#website","url":"https:\/\/www.ehta.fi\/","name":"\u00c4kta","description":"Pihasaunat, saunam\u00f6kit, m\u00f6kit ja aitat","potentialAction":[{"@type":"SearchAction","target":{"@type":"EntryPoint","urlTemplate":"https:\/\/www.ehta.fi\/?s={search_term_string}"},"query-input":{"@type":"PropertyValueSpecification","valueRequired":true,"valueName":"search_term_string"}}],"inLanguage":"sv-SE"}]}},"_links":{"self":[{"href":"https:\/\/www.ehta.fi\/sv\/wp-json\/wp\/v2\/pages\/18638","targetHints":{"allow":["GET"]}}],"collection":[{"href":"https:\/\/www.ehta.fi\/sv\/wp-json\/wp\/v2\/pages"}],"about":[{"href":"https:\/\/www.ehta.fi\/sv\/wp-json\/wp\/v2\/types\/page"}],"author":[{"embeddable":true,"href":"https:\/\/www.ehta.fi\/sv\/wp-json\/wp\/v2\/users\/1"}],"replies":[{"embeddable":true,"href":"https:\/\/www.ehta.fi\/sv\/wp-json\/wp\/v2\/comments?post=18638"}],"version-history":[{"count":4,"href":"https:\/\/www.ehta.fi\/sv\/wp-json\/wp\/v2\/pages\/18638\/revisions"}],"predecessor-version":[{"id":18642,"href":"https:\/\/www.ehta.fi\/sv\/wp-json\/wp\/v2\/pages\/18638\/revisions\/18642"}],"wp:attachment":[{"href":"https:\/\/www.ehta.fi\/sv\/wp-json\/wp\/v2\/media?parent=18638"}],"curies":[{"name":"wp","href":"https:\/\/api.w.org\/{rel}","templated":true}]}}