{"id":250,"date":"2024-03-07T11:21:41","date_gmt":"2024-03-07T09:21:41","guid":{"rendered":"https:\/\/www.ehta.fi\/?page_id=250"},"modified":"2024-08-30T16:22:49","modified_gmt":"2024-08-30T13:22:49","slug":"yritys","status":"publish","type":"page","link":"https:\/\/www.ehta.fi\/sv\/yritys\/","title":{"rendered":"F\u00f6retag"},"content":{"rendered":"<div data-elementor-type=\"wp-page\" data-elementor-id=\"250\" class=\"elementor elementor-250\" data-elementor-post-type=\"page\">\n\t\t\t\t<div class=\"elementor-element elementor-element-ed9816a e-con-full e-flex e-con e-parent\" data-id=\"ed9816a\" data-element_type=\"container\" data-e-type=\"container\" data-settings=\"{&quot;jet_parallax_layout_list&quot;:[]}\">\n\t\t\t\t<div class=\"elementor-element elementor-element-c2337a0 elementor-widget elementor-widget-image\" data-id=\"c2337a0\" data-element_type=\"widget\" data-e-type=\"widget\" data-widget_type=\"image.default\">\n\t\t\t\t<div class=\"elementor-widget-container\">\n\t\t\t\t\t\t\t\t\t\t\t\t\t\t\t<img fetchpriority=\"high\" decoding=\"async\" width=\"2000\" height=\"1502\" src=\"https:\/\/www.ehta.fi\/wp-content\/uploads\/2024\/08\/IMG_0232.jpeg\" class=\"attachment-full size-full wp-image-15377\" alt=\"Ehtan tiimi palvelee sinua isolla syd\u00e4mell\u00e4 ja avoimin mielin.\" srcset=\"https:\/\/www.ehta.fi\/wp-content\/uploads\/2024\/08\/IMG_0232.jpeg 2000w, https:\/\/www.ehta.fi\/wp-content\/uploads\/2024\/08\/IMG_0232-300x225.jpeg 300w, https:\/\/www.ehta.fi\/wp-content\/uploads\/2024\/08\/IMG_0232-1024x769.jpeg 1024w, https:\/\/www.ehta.fi\/wp-content\/uploads\/2024\/08\/IMG_0232-768x577.jpeg 768w, https:\/\/www.ehta.fi\/wp-content\/uploads\/2024\/08\/IMG_0232-1536x1154.jpeg 1536w, https:\/\/www.ehta.fi\/wp-content\/uploads\/2024\/08\/IMG_0232-600x451.jpeg 600w\" sizes=\"(max-width: 2000px) 100vw, 2000px\" \/>\t\t\t\t\t\t\t\t\t\t\t\t\t\t\t<\/div>\n\t\t\t\t<\/div>\n\t\t\t\t<\/div>\n\t\t<div class=\"elementor-element elementor-element-88a800b e-con-full e-flex e-con e-parent\" data-id=\"88a800b\" data-element_type=\"container\" data-e-type=\"container\" data-settings=\"{&quot;jet_parallax_layout_list&quot;:[]}\">\n\t\t\t\t<div class=\"elementor-element elementor-element-0da385d elementor-widget elementor-widget-heading\" data-id=\"0da385d\" data-element_type=\"widget\" data-e-type=\"widget\" data-widget_type=\"heading.default\">\n\t\t\t\t<div class=\"elementor-widget-container\">\n\t\t\t\t\t<h1 class=\"elementor-heading-title elementor-size-default\">Parhaita hetki\u00e4 \u2013 Ehtan tarina<\/h1>\t\t\t\t<\/div>\n\t\t\t\t<\/div>\n\t\t\t\t<div class=\"elementor-element elementor-element-b4b095a elementor-widget elementor-widget-text-editor\" data-id=\"b4b095a\" data-element_type=\"widget\" data-e-type=\"widget\" data-widget_type=\"text-editor.default\">\n\t\t\t\t<div class=\"elementor-widget-container\">\n\t\t\t\t\t\t\t\t\t<p>Pieni joukko oli kokoontunut saunan rentouttavaan syleilyyn, etsien taukoa arjen kiireist\u00e4. T\u00e4m\u00e4 jaettu hetki oli t\u00e4ynn\u00e4 naurua, l\u00e4mp\u00f6\u00e4, ja syv\u00e4\u00e4 yhteytt\u00e4 \u2013 kun joku huokaisi: \u201dT\u00e4m\u00e4 on yksi el\u00e4m\u00e4ni parhaista hetkist\u00e4\u201d. T\u00e4m\u00e4n lausahduksen my\u00f6t\u00e4 syntyi ehta ajatus: N\u00e4m\u00e4 hetket pit\u00e4isi tuoda kaikkien ulottuville.<\/p>\t\t\t\t\t\t\t\t<\/div>\n\t\t\t\t<\/div>\n\t\t\t\t<div class=\"elementor-element elementor-element-c16d8ce elementor-widget elementor-widget-text-editor\" data-id=\"c16d8ce\" data-element_type=\"widget\" data-e-type=\"widget\" data-widget_type=\"text-editor.default\">\n\t\t\t\t<div class=\"elementor-widget-container\">\n\t\t\t\t\t\t\t\t\t<p class=\"p1\">Ajatuksemme tueksi meill\u00e4 on k\u00e4ytett\u00e4viss\u00e4mme alueelliset saunan rakentamisen perinteet ja ylisukupolvinen kokemus. Ymm\u00e4rsimme kuitenkin nopeasti, ettei el\u00e4m\u00e4n parhaita hetki\u00e4 voi myyd\u00e4 eik\u00e4 ostaa. Teht\u00e4v\u00e4mme onkin asettaa tarjolle mahdollisuus niihin.<\/p><p class=\"p1\">Olemme keskittyneet alusta alkaen luomaan asiakasta kunnioittavan ostopolun, jota voi toteuttaa omaan tahtiin. Visiomme mukaan asiakkaan tulisi tuntea jokaisessa vaiheessa, ett\u00e4 h\u00e4nen toiveensa ja tarpeensa ovat etusijalla.<\/p><p>Meill\u00e4 ei ole myyji\u00e4, he ovat mahdollistajia ja suunnittelijoita. Heid\u00e4n teht\u00e4v\u00e4n\u00e4\u00e4n on varmistaa, ett\u00e4 matka kohti parhaita hetki\u00e4 on yht\u00e4 arvokas kuin p\u00e4\u00e4m\u00e4\u00e4r\u00e4 itse.<\/p><p class=\"p1\">Yli 1500 saunan kokemuksemme my\u00f6t\u00e4, olemme l\u00f6yt\u00e4neet parhaat tavat suunnitella ja toteuttaa mallistomme rakennukset. Me ymm\u00e4rr\u00e4mme, ett\u00e4 k\u00e4ytt\u00f6tarpeet ja tavat vaihtelevat ja siksi mallistoamme voi muokata valitsemalla omiin parhaisiin hetkiin sopivan varustelutason.<\/p><p class=\"p1\"><b>Parhaita hetki\u00e4, <\/b><\/p><p class=\"p1\"><i><\/i><i>Ville Laitila<br \/><\/i>toimitusjohtaja<\/p>\t\t\t\t\t\t\t\t<\/div>\n\t\t\t\t<\/div>\n\t\t\t\t<\/div>\n\t\t<div class=\"elementor-element elementor-element-c67fc16 e-con-full e-flex e-con e-parent\" data-id=\"c67fc16\" data-element_type=\"container\" data-e-type=\"container\" data-settings=\"{&quot;jet_parallax_layout_list&quot;:[]}\">\n\t\t\t\t<div class=\"elementor-element elementor-element-4cd7e91 elementor-widget elementor-widget-image\" data-id=\"4cd7e91\" data-element_type=\"widget\" data-e-type=\"widget\" data-widget_type=\"image.default\">\n\t\t\t\t<div class=\"elementor-widget-container\">\n\t\t\t\t\t\t\t\t\t\t\t\t\t\t\t<img decoding=\"async\" width=\"2000\" height=\"1123\" src=\"https:\/\/www.ehta.fi\/wp-content\/uploads\/2024\/03\/20180207-DSC00420-e1711130257622.jpg\" class=\"attachment-full size-full wp-image-13712\" alt=\"\" srcset=\"https:\/\/www.ehta.fi\/wp-content\/uploads\/2024\/03\/20180207-DSC00420-e1711130257622.jpg 2000w, https:\/\/www.ehta.fi\/wp-content\/uploads\/2024\/03\/20180207-DSC00420-e1711130257622-600x337.jpg 600w, https:\/\/www.ehta.fi\/wp-content\/uploads\/2024\/03\/20180207-DSC00420-e1711130257622-300x168.jpg 300w, https:\/\/www.ehta.fi\/wp-content\/uploads\/2024\/03\/20180207-DSC00420-e1711130257622-1024x575.jpg 1024w, https:\/\/www.ehta.fi\/wp-content\/uploads\/2024\/03\/20180207-DSC00420-e1711130257622-768x431.jpg 768w, https:\/\/www.ehta.fi\/wp-content\/uploads\/2024\/03\/20180207-DSC00420-e1711130257622-1536x862.jpg 1536w\" sizes=\"(max-width: 2000px) 100vw, 2000px\" \/>\t\t\t\t\t\t\t\t\t\t\t\t\t\t\t<\/div>\n\t\t\t\t<\/div>\n\t\t\t\t<\/div>\n\t\t<div class=\"elementor-element elementor-element-98be050 e-con-full e-flex e-con e-parent\" data-id=\"98be050\" data-element_type=\"container\" data-e-type=\"container\" data-settings=\"{&quot;jet_parallax_layout_list&quot;:[]}\">\n\t\t\t\t<div class=\"elementor-element elementor-element-9dea0c9 elementor-widget elementor-widget-heading\" data-id=\"9dea0c9\" data-element_type=\"widget\" data-e-type=\"widget\" data-widget_type=\"heading.default\">\n\t\t\t\t<div class=\"elementor-widget-container\">\n\t\t\t\t\t<h2 class=\"elementor-heading-title elementor-size-default\">Ehta Group<\/h2>\t\t\t\t<\/div>\n\t\t\t\t<\/div>\n\t\t\t\t<div class=\"elementor-element elementor-element-646e590 elementor-widget elementor-widget-text-editor\" data-id=\"646e590\" data-element_type=\"widget\" data-e-type=\"widget\" data-widget_type=\"text-editor.default\">\n\t\t\t\t<div class=\"elementor-widget-container\">\n\t\t\t\t\t\t\t\t\t<p>Ehta (Ehta Group Oy) on suomalainen ja vakavarainen perheyritys Keski-Pohjanmaalla Perhossa. Aikaisempia tuotteitamme ovat New Sauna ja Ehtasauna.<\/p>\t\t\t\t\t\t\t\t<\/div>\n\t\t\t\t<\/div>\n\t\t<div class=\"elementor-element elementor-element-309257e e-grid e-con-full e-con e-child\" data-id=\"309257e\" data-element_type=\"container\" data-e-type=\"container\" data-settings=\"{&quot;jet_parallax_layout_list&quot;:[]}\">\n\t\t\t\t<div class=\"elementor-element elementor-element-9804dbb elementor-widget elementor-widget-text-editor\" data-id=\"9804dbb\" data-element_type=\"widget\" data-e-type=\"widget\" data-widget_type=\"text-editor.default\">\n\t\t\t\t<div class=\"elementor-widget-container\">\n\t\t\t\t\t\t\t\t\t<p><strong>Ly\u00f6m\u00e4tt\u00f6m\u00e4t l\u00f6ylyt<\/strong><br \/>Saunoista ja saunomisesta riitt\u00e4\u00e4 puhetta ja mielipiteit\u00e4. Meid\u00e4n n\u00e4kemyksemme on se, ett\u00e4 vaikka monet yksityiskohdat ovat t\u00e4rkeit\u00e4, saunassa kaikkein t\u00e4rkeint\u00e4 on kuitenkin kunnon l\u00f6ylyt. Siksi Ehta on suunniteltu hapekkaiden, kosteiden ja pehmeiden l\u00f6ylyjen ehdoilla.<\/p>\t\t\t\t\t\t\t\t<\/div>\n\t\t\t\t<\/div>\n\t\t\t\t<div class=\"elementor-element elementor-element-05dbb58 elementor-widget elementor-widget-text-editor\" data-id=\"05dbb58\" data-element_type=\"widget\" data-e-type=\"widget\" data-widget_type=\"text-editor.default\">\n\t\t\t\t<div class=\"elementor-widget-container\">\n\t\t\t\t\t\t\t\t\t<p><strong>Tillverkad med yrkesstolthet<\/strong><br \/>Tuotteemme ovat sananmukaisesti ehtaa tavaraa. Lujaa kotimaista kuusta, joka on liimattu ja h\u00f6yl\u00e4tty v\u00e4\u00e4ntym\u00e4tt\u00f6m\u00e4ksi jykev\u00e4ksi lamellihirreksi. My\u00f6s muut rakenteet ja yksityiskohdat on suunniteltu ja rakennettu kest\u00e4m\u00e4\u00e4n sek\u00e4 aikaa ett\u00e4 katsetta.<\/p>\t\t\t\t\t\t\t\t<\/div>\n\t\t\t\t<\/div>\n\t\t\t\t<div class=\"elementor-element elementor-element-2416e99 elementor-widget elementor-widget-text-editor\" data-id=\"2416e99\" data-element_type=\"widget\" data-e-type=\"widget\" data-widget_type=\"text-editor.default\">\n\t\t\t\t<div class=\"elementor-widget-container\">\n\t\t\t\t\t\t\t\t\t<p><strong>Huoleton valmistoimitus<br \/><\/strong>Tahdomme, ett\u00e4 saunan tai aitan ostaminen on sinulle helppoa ja huoletonta. Siksi toimitamme rakennukset ensisijassa kokonaisena ja valmiina k\u00e4ytt\u00f6\u00f6n. Tarvittaessa autamme rakennusluvassa ja neuvomme perustuksissa.<\/p>\t\t\t\t\t\t\t\t<\/div>\n\t\t\t\t<\/div>\n\t\t\t\t<div class=\"elementor-element elementor-element-6b442ee elementor-widget elementor-widget-text-editor\" data-id=\"6b442ee\" data-element_type=\"widget\" data-e-type=\"widget\" data-widget_type=\"text-editor.default\">\n\t\t\t\t<div class=\"elementor-widget-container\">\n\t\t\t\t\t\t\t\t\t<p><strong>Yli 1500 hirsirakennuksen kokemus<\/strong><br \/>Ehta ei ole prototyyppi. Hirsi hirrelt\u00e4, laude lauteelta ja l\u00f6yly l\u00f6ylylt\u00e4 yksityiskohdat ovat hioutuneet, lastentaudit on karsittu ja hirsirakennus saanut nykyisen muotonsa.<\/p>\t\t\t\t\t\t\t\t<\/div>\n\t\t\t\t<\/div>\n\t\t\t\t<\/div>\n\t\t\t\t<\/div>\n\t\t<div class=\"elementor-element elementor-element-08396a8 e-con-full e-flex e-con e-parent\" data-id=\"08396a8\" data-element_type=\"container\" data-e-type=\"container\" data-settings=\"{&quot;jet_parallax_layout_list&quot;:[]}\">\n\t\t\t\t<div class=\"elementor-element elementor-element-800c7f2 elementor-widget elementor-widget-image\" data-id=\"800c7f2\" data-element_type=\"widget\" data-e-type=\"widget\" data-widget_type=\"image.default\">\n\t\t\t\t<div class=\"elementor-widget-container\">\n\t\t\t\t\t\t\t\t\t\t\t\t\t\t\t<img decoding=\"async\" width=\"2000\" height=\"1156\" src=\"https:\/\/www.ehta.fi\/wp-content\/uploads\/2024\/03\/20180207-DSC00490-e1711131469629.jpg\" class=\"attachment-full size-full wp-image-13713\" alt=\"\" srcset=\"https:\/\/www.ehta.fi\/wp-content\/uploads\/2024\/03\/20180207-DSC00490-e1711131469629.jpg 2000w, https:\/\/www.ehta.fi\/wp-content\/uploads\/2024\/03\/20180207-DSC00490-e1711131469629-600x347.jpg 600w, https:\/\/www.ehta.fi\/wp-content\/uploads\/2024\/03\/20180207-DSC00490-e1711131469629-300x173.jpg 300w, https:\/\/www.ehta.fi\/wp-content\/uploads\/2024\/03\/20180207-DSC00490-e1711131469629-1024x592.jpg 1024w, https:\/\/www.ehta.fi\/wp-content\/uploads\/2024\/03\/20180207-DSC00490-e1711131469629-768x444.jpg 768w, https:\/\/www.ehta.fi\/wp-content\/uploads\/2024\/03\/20180207-DSC00490-e1711131469629-1536x888.jpg 1536w\" sizes=\"(max-width: 2000px) 100vw, 2000px\" \/>\t\t\t\t\t\t\t\t\t\t\t\t\t\t\t<\/div>\n\t\t\t\t<\/div>\n\t\t\t\t<\/div>\n\t\t<div class=\"elementor-element elementor-element-433155a e-con-full e-flex e-con e-parent\" data-id=\"433155a\" data-element_type=\"container\" data-e-type=\"container\" data-settings=\"{&quot;jet_parallax_layout_list&quot;:[]}\">\n\t\t\t\t<div class=\"elementor-element elementor-element-13015db elementor-widget elementor-widget-heading\" data-id=\"13015db\" data-element_type=\"widget\" data-e-type=\"widget\" data-widget_type=\"heading.default\">\n\t\t\t\t<div class=\"elementor-widget-container\">\n\t\t\t\t\t<h2 class=\"elementor-heading-title elementor-size-default\">Ehtan vastuullisen toiminnan kulmakivet<\/h2>\t\t\t\t<\/div>\n\t\t\t\t<\/div>\n\t\t\t\t<div class=\"elementor-element elementor-element-44d5832 elementor-widget elementor-widget-text-editor\" data-id=\"44d5832\" data-element_type=\"widget\" data-e-type=\"widget\" data-widget_type=\"text-editor.default\">\n\t\t\t\t<div class=\"elementor-widget-container\">\n\t\t\t\t\t\t\t\t\t<p>1. Teemme yhdess\u00e4<br \/>2. Kunnioitamme ymp\u00e4rist\u00f6\u00e4<br \/>3. Olemme paras ty\u00f6paikka<br \/>4. Luomme Suomeen ty\u00f6t\u00e4 ja toimeentuloa<\/p>\t\t\t\t\t\t\t\t<\/div>\n\t\t\t\t<\/div>\n\t\t\t\t<\/div>\n\t\t\t\t<\/div>","protected":false},"excerpt":{"rendered":"<p>Parhaita hetki\u00e4 \u2013 Ehtan tarina Pieni joukko oli kokoontunut saunan rentouttavaan syleilyyn, etsien taukoa arjen kiireist\u00e4. T\u00e4m\u00e4 jaettu hetki oli t\u00e4ynn\u00e4 naurua, l\u00e4mp\u00f6\u00e4, ja syv\u00e4\u00e4 yhteytt\u00e4 \u2013 kun joku huokaisi: \u201dT\u00e4m\u00e4 on yksi el\u00e4m\u00e4ni parhaista hetkist\u00e4\u201d. T\u00e4m\u00e4n lausahduksen my\u00f6t\u00e4 syntyi ehta ajatus: N\u00e4m\u00e4 hetket pit\u00e4isi tuoda kaikkien ulottuville. Ajatuksemme tueksi meill\u00e4 on k\u00e4ytett\u00e4viss\u00e4mme alueelliset saunan [&hellip;]<\/p>\n","protected":false},"author":1,"featured_media":0,"parent":0,"menu_order":0,"comment_status":"closed","ping_status":"closed","template":"","meta":{"_jet_sm_ready_style":"","_jet_sm_style":"","_jet_sm_controls_values":"","_jet_sm_fonts_collection":"","_jet_sm_fonts_links":"","footnotes":""},"class_list":["post-250","page","type-page","status-publish","hentry"],"yoast_head":"<!-- This site is optimized with the Yoast SEO Premium plugin v27.2 (Yoast SEO v27.2) - https:\/\/yoast.com\/product\/yoast-seo-premium-wordpress\/ -->\n<title>Yritys - Ehta<\/title>\n<meta name=\"robots\" content=\"index, follow, max-snippet:-1, max-image-preview:large, max-video-preview:-1\" \/>\n<link rel=\"canonical\" href=\"https:\/\/www.ehta.fi\/sv\/yritys\/\" \/>\n<meta property=\"og:locale\" content=\"sv_SE\" \/>\n<meta property=\"og:type\" content=\"article\" \/>\n<meta property=\"og:title\" content=\"Yritys\" \/>\n<meta property=\"og:description\" content=\"Parhaita hetki\u00e4 \u2013 Ehtan tarina Pieni joukko oli kokoontunut saunan rentouttavaan syleilyyn, etsien taukoa arjen kiireist\u00e4. T\u00e4m\u00e4 jaettu hetki oli t\u00e4ynn\u00e4 naurua, l\u00e4mp\u00f6\u00e4, ja syv\u00e4\u00e4 yhteytt\u00e4 \u2013 kun joku huokaisi: \u201dT\u00e4m\u00e4 on yksi el\u00e4m\u00e4ni parhaista hetkist\u00e4\u201d. T\u00e4m\u00e4n lausahduksen my\u00f6t\u00e4 syntyi ehta ajatus: N\u00e4m\u00e4 hetket pit\u00e4isi tuoda kaikkien ulottuville. Ajatuksemme tueksi meill\u00e4 on k\u00e4ytett\u00e4viss\u00e4mme alueelliset saunan [&hellip;]\" \/>\n<meta property=\"og:url\" content=\"https:\/\/www.ehta.fi\/sv\/yritys\/\" \/>\n<meta property=\"og:site_name\" content=\"Ehta\" \/>\n<meta property=\"article:modified_time\" content=\"2024-08-30T13:22:49+00:00\" \/>\n<meta property=\"og:image\" content=\"https:\/\/www.ehta.fi\/wp-content\/uploads\/2024\/08\/IMG_0232.jpeg\" \/>\n\t<meta property=\"og:image:width\" content=\"2000\" \/>\n\t<meta property=\"og:image:height\" content=\"1502\" \/>\n\t<meta property=\"og:image:type\" content=\"image\/jpeg\" \/>\n<meta name=\"twitter:card\" content=\"summary_large_image\" \/>\n<meta name=\"twitter:label1\" content=\"Ber\u00e4knad l\u00e4stid\" \/>\n\t<meta name=\"twitter:data1\" content=\"2 minuter\" \/>\n<script type=\"application\/ld+json\" class=\"yoast-schema-graph\">{\"@context\":\"https:\/\/schema.org\",\"@graph\":[{\"@type\":\"WebPage\",\"@id\":\"https:\/\/www.ehta.fi\/yritys\/\",\"url\":\"https:\/\/www.ehta.fi\/yritys\/\",\"name\":\"Yritys - Ehta\",\"isPartOf\":{\"@id\":\"https:\/\/www.ehta.fi\/#website\"},\"primaryImageOfPage\":{\"@id\":\"https:\/\/www.ehta.fi\/yritys\/#primaryimage\"},\"image\":{\"@id\":\"https:\/\/www.ehta.fi\/yritys\/#primaryimage\"},\"thumbnailUrl\":\"https:\/\/www.ehta.fi\/wp-content\/uploads\/2024\/08\/IMG_0232.jpeg\",\"datePublished\":\"2024-03-07T09:21:41+00:00\",\"dateModified\":\"2024-08-30T13:22:49+00:00\",\"breadcrumb\":{\"@id\":\"https:\/\/www.ehta.fi\/yritys\/#breadcrumb\"},\"inLanguage\":\"sv-SE\",\"potentialAction\":[{\"@type\":\"ReadAction\",\"target\":[\"https:\/\/www.ehta.fi\/yritys\/\"]}]},{\"@type\":\"ImageObject\",\"inLanguage\":\"sv-SE\",\"@id\":\"https:\/\/www.ehta.fi\/yritys\/#primaryimage\",\"url\":\"https:\/\/www.ehta.fi\/wp-content\/uploads\/2024\/08\/IMG_0232.jpeg\",\"contentUrl\":\"https:\/\/www.ehta.fi\/wp-content\/uploads\/2024\/08\/IMG_0232.jpeg\"},{\"@type\":\"BreadcrumbList\",\"@id\":\"https:\/\/www.ehta.fi\/yritys\/#breadcrumb\",\"itemListElement\":[{\"@type\":\"ListItem\",\"position\":1,\"name\":\"Home\",\"item\":\"https:\/\/www.ehta.fi\/\"},{\"@type\":\"ListItem\",\"position\":2,\"name\":\"Yritys\"}]},{\"@type\":\"WebSite\",\"@id\":\"https:\/\/www.ehta.fi\/#website\",\"url\":\"https:\/\/www.ehta.fi\/\",\"name\":\"Ehta\",\"description\":\"Pihasaunat, saunam\u00f6kit, m\u00f6kit ja aitat\",\"potentialAction\":[{\"@type\":\"SearchAction\",\"target\":{\"@type\":\"EntryPoint\",\"urlTemplate\":\"https:\/\/www.ehta.fi\/?s={search_term_string}\"},\"query-input\":{\"@type\":\"PropertyValueSpecification\",\"valueRequired\":true,\"valueName\":\"search_term_string\"}}],\"inLanguage\":\"sv-SE\"}]}<\/script>\n<!-- \/ Yoast SEO Premium plugin. -->","yoast_head_json":{"title":"Yritys - Ehta","robots":{"index":"index","follow":"follow","max-snippet":"max-snippet:-1","max-image-preview":"max-image-preview:large","max-video-preview":"max-video-preview:-1"},"canonical":"https:\/\/www.ehta.fi\/sv\/yritys\/","og_locale":"sv_SE","og_type":"article","og_title":"Yritys","og_description":"Parhaita hetki\u00e4 \u2013 Ehtan tarina Pieni joukko oli kokoontunut saunan rentouttavaan syleilyyn, etsien taukoa arjen kiireist\u00e4. T\u00e4m\u00e4 jaettu hetki oli t\u00e4ynn\u00e4 naurua, l\u00e4mp\u00f6\u00e4, ja syv\u00e4\u00e4 yhteytt\u00e4 \u2013 kun joku huokaisi: \u201dT\u00e4m\u00e4 on yksi el\u00e4m\u00e4ni parhaista hetkist\u00e4\u201d. T\u00e4m\u00e4n lausahduksen my\u00f6t\u00e4 syntyi ehta ajatus: N\u00e4m\u00e4 hetket pit\u00e4isi tuoda kaikkien ulottuville. Ajatuksemme tueksi meill\u00e4 on k\u00e4ytett\u00e4viss\u00e4mme alueelliset saunan [&hellip;]","og_url":"https:\/\/www.ehta.fi\/sv\/yritys\/","og_site_name":"Ehta","article_modified_time":"2024-08-30T13:22:49+00:00","og_image":[{"width":2000,"height":1502,"url":"https:\/\/www.ehta.fi\/wp-content\/uploads\/2024\/08\/IMG_0232.jpeg","type":"image\/jpeg"}],"twitter_card":"summary_large_image","twitter_misc":{"Ber\u00e4knad l\u00e4stid":"2 minuter"},"schema":{"@context":"https:\/\/schema.org","@graph":[{"@type":"WebPage","@id":"https:\/\/www.ehta.fi\/yritys\/","url":"https:\/\/www.ehta.fi\/yritys\/","name":"Yritys - Ehta","isPartOf":{"@id":"https:\/\/www.ehta.fi\/#website"},"primaryImageOfPage":{"@id":"https:\/\/www.ehta.fi\/yritys\/#primaryimage"},"image":{"@id":"https:\/\/www.ehta.fi\/yritys\/#primaryimage"},"thumbnailUrl":"https:\/\/www.ehta.fi\/wp-content\/uploads\/2024\/08\/IMG_0232.jpeg","datePublished":"2024-03-07T09:21:41+00:00","dateModified":"2024-08-30T13:22:49+00:00","breadcrumb":{"@id":"https:\/\/www.ehta.fi\/yritys\/#breadcrumb"},"inLanguage":"sv-SE","potentialAction":[{"@type":"ReadAction","target":["https:\/\/www.ehta.fi\/yritys\/"]}]},{"@type":"ImageObject","inLanguage":"sv-SE","@id":"https:\/\/www.ehta.fi\/yritys\/#primaryimage","url":"https:\/\/www.ehta.fi\/wp-content\/uploads\/2024\/08\/IMG_0232.jpeg","contentUrl":"https:\/\/www.ehta.fi\/wp-content\/uploads\/2024\/08\/IMG_0232.jpeg"},{"@type":"BreadcrumbList","@id":"https:\/\/www.ehta.fi\/yritys\/#breadcrumb","itemListElement":[{"@type":"ListItem","position":1,"name":"Home","item":"https:\/\/www.ehta.fi\/"},{"@type":"ListItem","position":2,"name":"Yritys"}]},{"@type":"WebSite","@id":"https:\/\/www.ehta.fi\/#website","url":"https:\/\/www.ehta.fi\/","name":"\u00c4kta","description":"Pihasaunat, saunam\u00f6kit, m\u00f6kit ja aitat","potentialAction":[{"@type":"SearchAction","target":{"@type":"EntryPoint","urlTemplate":"https:\/\/www.ehta.fi\/?s={search_term_string}"},"query-input":{"@type":"PropertyValueSpecification","valueRequired":true,"valueName":"search_term_string"}}],"inLanguage":"sv-SE"}]}},"_links":{"self":[{"href":"https:\/\/www.ehta.fi\/sv\/wp-json\/wp\/v2\/pages\/250","targetHints":{"allow":["GET"]}}],"collection":[{"href":"https:\/\/www.ehta.fi\/sv\/wp-json\/wp\/v2\/pages"}],"about":[{"href":"https:\/\/www.ehta.fi\/sv\/wp-json\/wp\/v2\/types\/page"}],"author":[{"embeddable":true,"href":"https:\/\/www.ehta.fi\/sv\/wp-json\/wp\/v2\/users\/1"}],"replies":[{"embeddable":true,"href":"https:\/\/www.ehta.fi\/sv\/wp-json\/wp\/v2\/comments?post=250"}],"version-history":[{"count":37,"href":"https:\/\/www.ehta.fi\/sv\/wp-json\/wp\/v2\/pages\/250\/revisions"}],"predecessor-version":[{"id":15380,"href":"https:\/\/www.ehta.fi\/sv\/wp-json\/wp\/v2\/pages\/250\/revisions\/15380"}],"wp:attachment":[{"href":"https:\/\/www.ehta.fi\/sv\/wp-json\/wp\/v2\/media?parent=250"}],"curies":[{"name":"wp","href":"https:\/\/api.w.org\/{rel}","templated":true}]}}