{"id":258,"date":"2024-03-07T11:29:12","date_gmt":"2024-03-07T09:29:12","guid":{"rendered":"https:\/\/www.ehta.fi\/?page_id=258"},"modified":"2025-11-04T15:16:55","modified_gmt":"2025-11-04T13:16:55","slug":"rahoitus","status":"publish","type":"page","link":"https:\/\/www.ehta.fi\/sv\/rahoitus\/","title":{"rendered":"Finansiering"},"content":{"rendered":"<div data-elementor-type=\"wp-page\" data-elementor-id=\"258\" class=\"elementor elementor-258\" data-elementor-post-type=\"page\">\n\t\t\t\t<div class=\"elementor-element elementor-element-cb51ef2 e-con-full e-flex e-con e-parent\" data-id=\"cb51ef2\" data-element_type=\"container\" data-e-type=\"container\" data-settings=\"{&quot;jet_parallax_layout_list&quot;:[]}\">\n\t\t<div class=\"elementor-element elementor-element-df7be9a e-flex e-con-boxed e-con e-child\" data-id=\"df7be9a\" data-element_type=\"container\" data-e-type=\"container\" data-settings=\"{&quot;jet_parallax_layout_list&quot;:[]}\">\n\t\t\t\t\t<div class=\"e-con-inner\">\n\t\t\t\t<div class=\"elementor-element elementor-element-b8a2b35 elementor-widget elementor-widget-heading\" data-id=\"b8a2b35\" data-element_type=\"widget\" data-e-type=\"widget\" data-widget_type=\"heading.default\">\n\t\t\t\t<div class=\"elementor-widget-container\">\n\t\t\t\t\t<h1 class=\"elementor-heading-title elementor-size-default\">Ehta rahoitus<\/h1>\t\t\t\t<\/div>\n\t\t\t\t<\/div>\n\t\t\t\t<div class=\"elementor-element elementor-element-2fb5569 elementor-widget elementor-widget-text-editor\" data-id=\"2fb5569\" data-element_type=\"widget\" data-e-type=\"widget\" data-widget_type=\"text-editor.default\">\n\t\t\t\t<div class=\"elementor-widget-container\">\n\t\t\t\t\t\t\t\t\t<p>Helpota pihasaunan tai aitan hankintaa maksamalla lasku Ehta rahoituksella. N\u00e4in saat 3 kuukauden korottoman ja kuluttoman maksuajan. Vaihtoehtoisesti voit hy\u00f6dynt\u00e4\u00e4 rahoitusta maksamalla joustavasti kuukausierin\u00e4.<\/p>\t\t\t\t\t\t\t\t<\/div>\n\t\t\t\t<\/div>\n\t\t\t\t\t<\/div>\n\t\t\t\t<\/div>\n\t\t\t\t<\/div>\n\t\t<div class=\"elementor-element elementor-element-124299d5 e-con-full e-flex e-con e-parent\" data-id=\"124299d5\" data-element_type=\"container\" data-e-type=\"container\" data-settings=\"{&quot;jet_parallax_layout_list&quot;:[]}\">\n\t\t<div class=\"elementor-element elementor-element-35db3a9 e-con-full e-flex e-con e-child\" data-id=\"35db3a9\" data-element_type=\"container\" data-e-type=\"container\" data-settings=\"{&quot;jet_parallax_layout_list&quot;:[]}\">\n\t\t\t\t<div class=\"elementor-element elementor-element-7f17c7a0 elementor-widget elementor-widget-image\" data-id=\"7f17c7a0\" data-element_type=\"widget\" data-e-type=\"widget\" data-widget_type=\"image.default\">\n\t\t\t\t<div class=\"elementor-widget-container\">\n\t\t\t\t\t\t\t\t\t\t\t\t\t\t\t<img fetchpriority=\"high\" decoding=\"async\" width=\"800\" height=\"534\" src=\"https:\/\/www.ehta.fi\/wp-content\/uploads\/2024\/03\/202310290008-1024x683.jpg\" class=\"attachment-large size-large wp-image-14058\" alt=\"Moderni saunam\u00f6kki 30, oleskelutila\" srcset=\"https:\/\/www.ehta.fi\/wp-content\/uploads\/2024\/03\/202310290008-1024x683.jpg 1024w, https:\/\/www.ehta.fi\/wp-content\/uploads\/2024\/03\/202310290008-300x200.jpg 300w, https:\/\/www.ehta.fi\/wp-content\/uploads\/2024\/03\/202310290008-768x512.jpg 768w, https:\/\/www.ehta.fi\/wp-content\/uploads\/2024\/03\/202310290008-1536x1025.jpg 1536w, https:\/\/www.ehta.fi\/wp-content\/uploads\/2024\/03\/202310290008-600x400.jpg 600w, https:\/\/www.ehta.fi\/wp-content\/uploads\/2024\/03\/202310290008.jpg 2000w\" sizes=\"(max-width: 800px) 100vw, 800px\" \/>\t\t\t\t\t\t\t\t\t\t\t\t\t\t\t<\/div>\n\t\t\t\t<\/div>\n\t\t\t\t<\/div>\n\t\t<div class=\"elementor-element elementor-element-17a5825a e-con-full e-flex e-con e-child\" data-id=\"17a5825a\" data-element_type=\"container\" data-e-type=\"container\" data-settings=\"{&quot;jet_parallax_layout_list&quot;:[]}\">\n\t\t\t\t<div class=\"elementor-element elementor-element-1e04943 elementor-widget elementor-widget-heading\" data-id=\"1e04943\" data-element_type=\"widget\" data-e-type=\"widget\" data-widget_type=\"heading.default\">\n\t\t\t\t<div class=\"elementor-widget-container\">\n\t\t\t\t\t<h2 class=\"elementor-heading-title elementor-size-default\">Rahoituksen edut<\/h2>\t\t\t\t<\/div>\n\t\t\t\t<\/div>\n\t\t\t\t<div class=\"elementor-element elementor-element-a4d6e9d elementor-widget elementor-widget-text-editor\" data-id=\"a4d6e9d\" data-element_type=\"widget\" data-e-type=\"widget\" data-widget_type=\"text-editor.default\">\n\t\t\t\t<div class=\"elementor-widget-container\">\n\t\t\t\t\t\t\t\t\t<ul>\n<li>Ei ennakkomaksua ja mik\u00e4li kauppahinnan maksaa kokonaisuudessaan pois 3 kuukauden sis\u00e4ll\u00e4 toimituksesta, tilaajalle ei koidu kuluja.<\/li>\n<li>Luottoa voi lyhent\u00e4\u00e4 sopivalla kuukausier\u00e4ll\u00e4, minimi kuukausier\u00e4 kuitenkin 1,5%. Luoton voi maksaa kerralla pois ilman lis\u00e4kuluja.<\/li>\n<li>Rahoituksen saaminen ei l\u00e4ht\u00f6kohtaisesti edellyt\u00e4 takaajia tai vakuuksia, eik\u00e4 my\u00f6sk\u00e4\u00e4n tilin perustamista pankkiin.<\/li>\n<li>Rahoitusp\u00e4\u00e4t\u00f6ksen voi hakea heti ja ilman pankissa k\u00e4ynti\u00e4.<\/li>\n<\/ul>\t\t\t\t\t\t\t\t<\/div>\n\t\t\t\t<\/div>\n\t\t\t\t<\/div>\n\t\t\t\t<\/div>\n\t\t<div class=\"elementor-element elementor-element-6fae013 e-con-full e-flex e-con e-parent\" data-id=\"6fae013\" data-element_type=\"container\" data-e-type=\"container\" data-settings=\"{&quot;jet_parallax_layout_list&quot;:[]}\">\n\t\t<div class=\"elementor-element elementor-element-81756ff e-flex e-con-boxed e-con e-child\" data-id=\"81756ff\" data-element_type=\"container\" data-e-type=\"container\" data-settings=\"{&quot;jet_parallax_layout_list&quot;:[]}\">\n\t\t\t\t\t<div class=\"e-con-inner\">\n\t\t\t\t<div class=\"elementor-element elementor-element-ec46cc7 elementor-widget elementor-widget-heading\" data-id=\"ec46cc7\" data-element_type=\"widget\" data-e-type=\"widget\" data-widget_type=\"heading.default\">\n\t\t\t\t<div class=\"elementor-widget-container\">\n\t\t\t\t\t<h2 class=\"elementor-heading-title elementor-size-default\">Hae rahoitusp\u00e4\u00e4t\u00f6s<\/h2>\t\t\t\t<\/div>\n\t\t\t\t<\/div>\n\t\t\t\t<div class=\"elementor-element elementor-element-016678a elementor-widget elementor-widget-text-editor\" data-id=\"016678a\" data-element_type=\"widget\" data-e-type=\"widget\" data-widget_type=\"text-editor.default\">\n\t\t\t\t<div class=\"elementor-widget-container\">\n\t\t\t\t\t\t\t\t\t<p>Rahoitusp\u00e4\u00e4t\u00f6s kannattaa hakea mahdollisimman alkuvaiheessa projektia. N\u00e4in varmistut rahoituksen k\u00e4ytt\u00f6mahdollisuudesta.<\/p><p>Laske itsellesi sopiva kuukausier\u00e4 laskurilla ja t\u00e4yt\u00e4 hakemus helposti.<\/p>\t\t\t\t\t\t\t\t<\/div>\n\t\t\t\t<\/div>\n\t\t\t\t<div class=\"elementor-element elementor-element-d664247 elementor-widget elementor-widget-button\" data-id=\"d664247\" data-element_type=\"widget\" data-e-type=\"widget\" data-widget_type=\"button.default\">\n\t\t\t\t<div class=\"elementor-widget-container\">\n\t\t\t\t\t\t\t\t\t<div class=\"elementor-button-wrapper\">\n\t\t\t\t\t<a class=\"elementor-button elementor-button-link elementor-size-sm\" href=\"https:\/\/eficode.pohjola-finance.fi\/kertaluotto-uusi\/ehtagroup\">\n\t\t\t\t\t\t<span class=\"elementor-button-content-wrapper\">\n\t\t\t\t\t\t\t\t\t<span class=\"elementor-button-text\">Hae rahoitus<\/span>\n\t\t\t\t\t<\/span>\n\t\t\t\t\t<\/a>\n\t\t\t\t<\/div>\n\t\t\t\t\t\t\t\t<\/div>\n\t\t\t\t<\/div>\n\t\t\t\t<div class=\"elementor-element elementor-element-02f603a elementor-widget elementor-widget-heading\" data-id=\"02f603a\" data-element_type=\"widget\" data-e-type=\"widget\" data-widget_type=\"heading.default\">\n\t\t\t\t<div class=\"elementor-widget-container\">\n\t\t\t\t\t<h2 class=\"elementor-heading-title elementor-size-default\">Rahoitusehdot<\/h2>\t\t\t\t<\/div>\n\t\t\t\t<\/div>\n\t\t\t\t<div class=\"elementor-element elementor-element-c7dcfa2 elementor-widget elementor-widget-text-editor\" data-id=\"c7dcfa2\" data-element_type=\"widget\" data-e-type=\"widget\" data-widget_type=\"text-editor.default\">\n\t\t\t\t<div class=\"elementor-widget-container\">\n\t\t\t\t\t\t\t\t\t<ul><li>Kolme kuukautta korotonta ja kulutonta maksuaikaa<\/li><li>Voit maksaa koko luoton kerralla pois t\u00e4ysin ilman lis\u00e4kuluja<\/li><li>Valitse itsellesi sopiva kuukausier\u00e4<\/li><li>Joustava takaisinmaksuaika<\/li><li>Edullinen korko OP-prime + 6,95%.<\/li><li>Laskutuspalkkio 7 \u20ac\/kk<\/li><li>Rahoitus kerrytt\u00e4\u00e4 OP:n omistaja-asiakkaille OP-bonuksia<\/li><\/ul>\t\t\t\t\t\t\t\t<\/div>\n\t\t\t\t<\/div>\n\t\t\t\t<div class=\"elementor-element elementor-element-5cdf3cc elementor-widget elementor-widget-text-editor\" data-id=\"5cdf3cc\" data-element_type=\"widget\" data-e-type=\"widget\" data-widget_type=\"text-editor.default\">\n\t\t\t\t<div class=\"elementor-widget-container\">\n\t\t\t\t\t\t\t\t\t<p><em>Rahoitus on kertaluotto, jonka todellinen vuosikorko 7 500 euron luotolle on 12,56 %, kun luoton korko on OP-prime + 6,95 % (10,45 % 10\/23), perustamismaksu 0 \u20ac ja laskutuspalkkio 7 \u20ac\/kk. Arvioitu luoton kokonaiskustannus on 11\u00a0316,32 \u20ac. Laskelma on tehty olettaen, ett\u00e4 luotto on nostettu kokonaan, luoton korko sek\u00e4 maksut ja palkkiot pysyv\u00e4t samana koko luottoajan ja luotto maksetaan takaisin 128 \u20ac minimilyhennyksin (1,70 % luoton m\u00e4\u00e4r\u00e4st\u00e4) kuukauden v\u00e4lein, jolloin luottoaika on 89 kk. Luoton my\u00f6nt\u00e4\u00e4 OP Yrityspankki Oyj, Gebhardinaukio 1, 00510 Helsinki.<\/em><\/p>\t\t\t\t\t\t\t\t<\/div>\n\t\t\t\t<\/div>\n\t\t\t\t\t<\/div>\n\t\t\t\t<\/div>\n\t\t\t\t<\/div>\n\t\t\t\t<\/div>","protected":false},"excerpt":{"rendered":"<p>Ehta rahoitus Helpota pihasaunan tai aitan hankintaa maksamalla lasku Ehta rahoituksella. N\u00e4in saat 3 kuukauden korottoman ja kuluttoman maksuajan. Vaihtoehtoisesti voit hy\u00f6dynt\u00e4\u00e4 rahoitusta maksamalla joustavasti kuukausierin\u00e4. Rahoituksen edut Ei ennakkomaksua ja mik\u00e4li kauppahinnan maksaa kokonaisuudessaan pois 3 kuukauden sis\u00e4ll\u00e4 toimituksesta, tilaajalle ei koidu kuluja. Luottoa voi lyhent\u00e4\u00e4 sopivalla kuukausier\u00e4ll\u00e4, minimi kuukausier\u00e4 kuitenkin 1,5%. Luoton voi [&hellip;]<\/p>\n","protected":false},"author":1,"featured_media":0,"parent":0,"menu_order":0,"comment_status":"closed","ping_status":"closed","template":"","meta":{"_jet_sm_ready_style":"","_jet_sm_style":"","_jet_sm_controls_values":"","_jet_sm_fonts_collection":"","_jet_sm_fonts_links":"","footnotes":""},"class_list":["post-258","page","type-page","status-publish","hentry"],"yoast_head":"<!-- This site is optimized with the Yoast SEO Premium plugin v27.2 (Yoast SEO v27.2) - https:\/\/yoast.com\/product\/yoast-seo-premium-wordpress\/ -->\n<title>Rahoitus - Ehta<\/title>\n<meta name=\"robots\" content=\"index, follow, max-snippet:-1, max-image-preview:large, max-video-preview:-1\" \/>\n<link rel=\"canonical\" href=\"https:\/\/www.ehta.fi\/sv\/rahoitus\/\" \/>\n<meta property=\"og:locale\" content=\"sv_SE\" \/>\n<meta property=\"og:type\" content=\"article\" \/>\n<meta property=\"og:title\" content=\"Rahoitus\" \/>\n<meta property=\"og:description\" content=\"Ehta rahoitus Helpota pihasaunan tai aitan hankintaa maksamalla lasku Ehta rahoituksella. N\u00e4in saat 3 kuukauden korottoman ja kuluttoman maksuajan. Vaihtoehtoisesti voit hy\u00f6dynt\u00e4\u00e4 rahoitusta maksamalla joustavasti kuukausierin\u00e4. Rahoituksen edut Ei ennakkomaksua ja mik\u00e4li kauppahinnan maksaa kokonaisuudessaan pois 3 kuukauden sis\u00e4ll\u00e4 toimituksesta, tilaajalle ei koidu kuluja. Luottoa voi lyhent\u00e4\u00e4 sopivalla kuukausier\u00e4ll\u00e4, minimi kuukausier\u00e4 kuitenkin 1,5%. Luoton voi [&hellip;]\" \/>\n<meta property=\"og:url\" content=\"https:\/\/www.ehta.fi\/sv\/rahoitus\/\" \/>\n<meta property=\"og:site_name\" content=\"Ehta\" \/>\n<meta property=\"article:modified_time\" content=\"2025-11-04T13:16:55+00:00\" \/>\n<meta property=\"og:image\" content=\"https:\/\/www.ehta.fi\/wp-content\/uploads\/2024\/03\/202310290008.jpg\" \/>\n\t<meta property=\"og:image:width\" content=\"2000\" \/>\n\t<meta property=\"og:image:height\" content=\"1334\" \/>\n\t<meta property=\"og:image:type\" content=\"image\/jpeg\" \/>\n<meta name=\"twitter:card\" content=\"summary_large_image\" \/>\n<meta name=\"twitter:label1\" content=\"Ber\u00e4knad l\u00e4stid\" \/>\n\t<meta name=\"twitter:data1\" content=\"2 minuter\" \/>\n<script type=\"application\/ld+json\" class=\"yoast-schema-graph\">{\"@context\":\"https:\/\/schema.org\",\"@graph\":[{\"@type\":\"WebPage\",\"@id\":\"https:\/\/www.ehta.fi\/rahoitus\/\",\"url\":\"https:\/\/www.ehta.fi\/rahoitus\/\",\"name\":\"Rahoitus - Ehta\",\"isPartOf\":{\"@id\":\"https:\/\/www.ehta.fi\/#website\"},\"primaryImageOfPage\":{\"@id\":\"https:\/\/www.ehta.fi\/rahoitus\/#primaryimage\"},\"image\":{\"@id\":\"https:\/\/www.ehta.fi\/rahoitus\/#primaryimage\"},\"thumbnailUrl\":\"https:\/\/www.ehta.fi\/wp-content\/uploads\/2024\/03\/202310290008-1024x683.jpg\",\"datePublished\":\"2024-03-07T09:29:12+00:00\",\"dateModified\":\"2025-11-04T13:16:55+00:00\",\"breadcrumb\":{\"@id\":\"https:\/\/www.ehta.fi\/rahoitus\/#breadcrumb\"},\"inLanguage\":\"sv-SE\",\"potentialAction\":[{\"@type\":\"ReadAction\",\"target\":[\"https:\/\/www.ehta.fi\/rahoitus\/\"]}]},{\"@type\":\"ImageObject\",\"inLanguage\":\"sv-SE\",\"@id\":\"https:\/\/www.ehta.fi\/rahoitus\/#primaryimage\",\"url\":\"https:\/\/www.ehta.fi\/wp-content\/uploads\/2024\/03\/202310290008-1024x683.jpg\",\"contentUrl\":\"https:\/\/www.ehta.fi\/wp-content\/uploads\/2024\/03\/202310290008-1024x683.jpg\"},{\"@type\":\"BreadcrumbList\",\"@id\":\"https:\/\/www.ehta.fi\/rahoitus\/#breadcrumb\",\"itemListElement\":[{\"@type\":\"ListItem\",\"position\":1,\"name\":\"Home\",\"item\":\"https:\/\/www.ehta.fi\/\"},{\"@type\":\"ListItem\",\"position\":2,\"name\":\"Rahoitus\"}]},{\"@type\":\"WebSite\",\"@id\":\"https:\/\/www.ehta.fi\/#website\",\"url\":\"https:\/\/www.ehta.fi\/\",\"name\":\"Ehta\",\"description\":\"Pihasaunat, saunam\u00f6kit, m\u00f6kit ja aitat\",\"potentialAction\":[{\"@type\":\"SearchAction\",\"target\":{\"@type\":\"EntryPoint\",\"urlTemplate\":\"https:\/\/www.ehta.fi\/?s={search_term_string}\"},\"query-input\":{\"@type\":\"PropertyValueSpecification\",\"valueRequired\":true,\"valueName\":\"search_term_string\"}}],\"inLanguage\":\"sv-SE\"}]}<\/script>\n<!-- \/ Yoast SEO Premium plugin. -->","yoast_head_json":{"title":"Rahoitus - Ehta","robots":{"index":"index","follow":"follow","max-snippet":"max-snippet:-1","max-image-preview":"max-image-preview:large","max-video-preview":"max-video-preview:-1"},"canonical":"https:\/\/www.ehta.fi\/sv\/rahoitus\/","og_locale":"sv_SE","og_type":"article","og_title":"Rahoitus","og_description":"Ehta rahoitus Helpota pihasaunan tai aitan hankintaa maksamalla lasku Ehta rahoituksella. N\u00e4in saat 3 kuukauden korottoman ja kuluttoman maksuajan. Vaihtoehtoisesti voit hy\u00f6dynt\u00e4\u00e4 rahoitusta maksamalla joustavasti kuukausierin\u00e4. Rahoituksen edut Ei ennakkomaksua ja mik\u00e4li kauppahinnan maksaa kokonaisuudessaan pois 3 kuukauden sis\u00e4ll\u00e4 toimituksesta, tilaajalle ei koidu kuluja. Luottoa voi lyhent\u00e4\u00e4 sopivalla kuukausier\u00e4ll\u00e4, minimi kuukausier\u00e4 kuitenkin 1,5%. Luoton voi [&hellip;]","og_url":"https:\/\/www.ehta.fi\/sv\/rahoitus\/","og_site_name":"Ehta","article_modified_time":"2025-11-04T13:16:55+00:00","og_image":[{"width":2000,"height":1334,"url":"https:\/\/www.ehta.fi\/wp-content\/uploads\/2024\/03\/202310290008.jpg","type":"image\/jpeg"}],"twitter_card":"summary_large_image","twitter_misc":{"Ber\u00e4knad l\u00e4stid":"2 minuter"},"schema":{"@context":"https:\/\/schema.org","@graph":[{"@type":"WebPage","@id":"https:\/\/www.ehta.fi\/rahoitus\/","url":"https:\/\/www.ehta.fi\/rahoitus\/","name":"Rahoitus - Ehta","isPartOf":{"@id":"https:\/\/www.ehta.fi\/#website"},"primaryImageOfPage":{"@id":"https:\/\/www.ehta.fi\/rahoitus\/#primaryimage"},"image":{"@id":"https:\/\/www.ehta.fi\/rahoitus\/#primaryimage"},"thumbnailUrl":"https:\/\/www.ehta.fi\/wp-content\/uploads\/2024\/03\/202310290008-1024x683.jpg","datePublished":"2024-03-07T09:29:12+00:00","dateModified":"2025-11-04T13:16:55+00:00","breadcrumb":{"@id":"https:\/\/www.ehta.fi\/rahoitus\/#breadcrumb"},"inLanguage":"sv-SE","potentialAction":[{"@type":"ReadAction","target":["https:\/\/www.ehta.fi\/rahoitus\/"]}]},{"@type":"ImageObject","inLanguage":"sv-SE","@id":"https:\/\/www.ehta.fi\/rahoitus\/#primaryimage","url":"https:\/\/www.ehta.fi\/wp-content\/uploads\/2024\/03\/202310290008-1024x683.jpg","contentUrl":"https:\/\/www.ehta.fi\/wp-content\/uploads\/2024\/03\/202310290008-1024x683.jpg"},{"@type":"BreadcrumbList","@id":"https:\/\/www.ehta.fi\/rahoitus\/#breadcrumb","itemListElement":[{"@type":"ListItem","position":1,"name":"Home","item":"https:\/\/www.ehta.fi\/"},{"@type":"ListItem","position":2,"name":"Rahoitus"}]},{"@type":"WebSite","@id":"https:\/\/www.ehta.fi\/#website","url":"https:\/\/www.ehta.fi\/","name":"\u00c4kta","description":"Pihasaunat, saunam\u00f6kit, m\u00f6kit ja aitat","potentialAction":[{"@type":"SearchAction","target":{"@type":"EntryPoint","urlTemplate":"https:\/\/www.ehta.fi\/?s={search_term_string}"},"query-input":{"@type":"PropertyValueSpecification","valueRequired":true,"valueName":"search_term_string"}}],"inLanguage":"sv-SE"}]}},"_links":{"self":[{"href":"https:\/\/www.ehta.fi\/sv\/wp-json\/wp\/v2\/pages\/258","targetHints":{"allow":["GET"]}}],"collection":[{"href":"https:\/\/www.ehta.fi\/sv\/wp-json\/wp\/v2\/pages"}],"about":[{"href":"https:\/\/www.ehta.fi\/sv\/wp-json\/wp\/v2\/types\/page"}],"author":[{"embeddable":true,"href":"https:\/\/www.ehta.fi\/sv\/wp-json\/wp\/v2\/users\/1"}],"replies":[{"embeddable":true,"href":"https:\/\/www.ehta.fi\/sv\/wp-json\/wp\/v2\/comments?post=258"}],"version-history":[{"count":10,"href":"https:\/\/www.ehta.fi\/sv\/wp-json\/wp\/v2\/pages\/258\/revisions"}],"predecessor-version":[{"id":20115,"href":"https:\/\/www.ehta.fi\/sv\/wp-json\/wp\/v2\/pages\/258\/revisions\/20115"}],"wp:attachment":[{"href":"https:\/\/www.ehta.fi\/sv\/wp-json\/wp\/v2\/media?parent=258"}],"curies":[{"name":"wp","href":"https:\/\/api.w.org\/{rel}","templated":true}]}}